{"id":11,"date":"2016-09-02T15:31:27","date_gmt":"2016-09-02T15:31:27","guid":{"rendered":"http:\/\/eventos.coc.pt\/15moc\/?page_id=11"},"modified":"2016-11-23T19:08:10","modified_gmt":"2016-11-23T19:08:10","slug":"informacoes-gerais","status":"publish","type":"page","link":"https:\/\/eventos.coc.pt\/15moc\/informacoes-gerais\/","title":{"rendered":"Informa\u00e7\u00f5es Gerais"},"content":{"rendered":"<div id=\"comp-is6hyn4w\" class=\"s11\" data-reactid=\".0.$SITE_ROOT.$desktop_siteRoot.$PAGES_CONTAINER.1.1.$SITE_PAGES.$c1t44.1.$comp-is6hyn4w\">\n<div id=\"comp-is6hyn4winlineContent\" class=\"s11inlineContent\" data-reactid=\".0.$SITE_ROOT.$desktop_siteRoot.$PAGES_CONTAINER.1.1.$SITE_PAGES.$c1t44.1.$comp-is6hyn4w.0\">\n<div id=\"comp-is6hwl4d\" class=\"s12\" data-reactid=\".0.$SITE_ROOT.$desktop_siteRoot.$PAGES_CONTAINER.1.1.$SITE_PAGES.$c1t44.1.$comp-is6hyn4w.0.$comp-is6hwl4d\">\n<p class=\"font_2\"><strong>Pr\u00e9mios<\/strong><\/p>\n<\/div>\n<div id=\"comp-is6hy5yo\" class=\"s12\" data-reactid=\".0.$SITE_ROOT.$desktop_siteRoot.$PAGES_CONTAINER.1.1.$SITE_PAGES.$c1t44.1.$comp-is6hyn4w.0.$comp-is6hy5yo\">\n<p class=\"font_8\">XV MOC (prova pontu\u00e1vel para a TP &#8211; somat\u00f3rio de tempos das 2 etapas)<\/p>\n<p class=\"font_8\">&#8211; Pr\u00e9mios para os tr\u00eas (5 nas elites) melhor classificados em todos os escal\u00f5es de competi\u00e7\u00e3o.<\/p>\n<p class=\"font_8\">&#8211; Pr\u00e9mios para os 3 clubes mais pontuados.<\/p>\n<p class=\"font_8\">&#8211; Lembran\u00e7as aos atletas dos escal\u00f5es de forma\u00e7\u00e3o (H\/D 10 e 12) e aos primeiros classificados dos 4 escal\u00f5es Abertos\/Promo\u00e7\u00e3o<\/p>\n<\/div>\n<\/div>\n<\/div>\n<div id=\"comp-is6hyphq\" class=\"s11\" data-reactid=\".0.$SITE_ROOT.$desktop_siteRoot.$PAGES_CONTAINER.1.1.$SITE_PAGES.$c1t44.1.$comp-is6hyphq\">\n<div id=\"comp-is6hyphqinlineContent\" class=\"s11inlineContent\" data-reactid=\".0.$SITE_ROOT.$desktop_siteRoot.$PAGES_CONTAINER.1.1.$SITE_PAGES.$c1t44.1.$comp-is6hyphq.0\">\n<div id=\"comp-is6hypj5\" class=\"s12\" data-reactid=\".0.$SITE_ROOT.$desktop_siteRoot.$PAGES_CONTAINER.1.1.$SITE_PAGES.$c1t44.1.$comp-is6hyphq.0.$comp-is6hypj5\">\n<p class=\"font_2\"><strong>Sistema de Controlo Electr\u00f3nico<\/strong><\/p>\n<\/div>\n<div id=\"comp-is6hypj61\" class=\"s12\" data-reactid=\".0.$SITE_ROOT.$desktop_siteRoot.$PAGES_CONTAINER.1.1.$SITE_PAGES.$c1t44.1.$comp-is6hyphq.0.$comp-is6hypj61\">\n<p class=\"font_8\">Sport Ident (SI Card) ser\u00e1 o sistema de controlo electr\u00f3nico que ser\u00e1 utilizado nesta prova. Cada atleta ou equipa * leva, al\u00e9m do mapa, um chip de controlo electr\u00f3nico (a Organiza\u00e7\u00e3o aluga a quem n\u00e3o tiver, cedendo-o gratuitamente para os escal\u00f5es Abertis\/Promo\u00e7\u00e3o).<\/p>\n<p class=\"font_8\">O atleta ou equipa * comprova a passagem por cada ponto de controlo ap\u00f3s inserir o chip na unidade de leitura da respectiva baliza (cerca de 1 segundo at\u00e9 ouvir um bip).<br \/>\nOs pontos t\u00eam de ser controlados pela ordem sequencial que foi definida pela organiza\u00e7\u00e3o.<br \/>\n\u00c0 chegada os dados do chip s\u00e3o lidos para verificar a execu\u00e7\u00e3o correcta do percurso.<br \/>\nOs chips alugados e ou cedidos dever\u00e3o ser devolvidos no final da prova.<\/p>\n<p class=\"font_8\">A perda ou n\u00e3o devolu\u00e7\u00e3o do SI Card alugado implica a perda da cau\u00e7\u00e3o de 50 \u20ac\u00a0paga quando do aluguer do SI Card.<\/p>\n<p class=\"font_8\">* Escal\u00f5es Abertos ou de Promo\u00e7\u00e3o,<\/p>\n<\/div>\n<\/div>\n<\/div>\n<div id=\"comp-is6i152m\" class=\"s11\" data-reactid=\".0.$SITE_ROOT.$desktop_siteRoot.$PAGES_CONTAINER.1.1.$SITE_PAGES.$c1t44.1.$comp-is6i152m\">\n<div id=\"comp-is6i152minlineContent\" class=\"s11inlineContent\" data-reactid=\".0.$SITE_ROOT.$desktop_siteRoot.$PAGES_CONTAINER.1.1.$SITE_PAGES.$c1t44.1.$comp-is6i152m.0\">\n<div id=\"comp-is6i1542\" class=\"s12\" data-reactid=\".0.$SITE_ROOT.$desktop_siteRoot.$PAGES_CONTAINER.1.1.$SITE_PAGES.$c1t44.1.$comp-is6i152m.0.$comp-is6i1542\">\n<p class=\"font_2\"><strong>Peitorais e\u00a0SI Card<\/strong><\/p>\n<\/div>\n<div id=\"comp-is6i1543\" class=\"s12\" data-reactid=\".0.$SITE_ROOT.$desktop_siteRoot.$PAGES_CONTAINER.1.1.$SITE_PAGES.$c1t44.1.$comp-is6i152m.0.$comp-is6i1543\">\n<p class=\"font_8\">Nos casos em que o atleta, por qualquer motivo, mude de SI Card, \u00e9\u00a0obrigat\u00f3rio validar essa altera\u00e7\u00e3o no Secretariado. N\u00e3o ser\u00e3o autorizadas partidas de atletas, com altera\u00e7\u00f5es de dados, sem a devida valida\u00e7\u00e3o pr\u00e9via no Secretariado.<\/p>\n<div id=\"comp-is6i33w3\" class=\"s11\" data-reactid=\".0.$SITE_ROOT.$desktop_siteRoot.$PAGES_CONTAINER.1.1.$SITE_PAGES.$c1t44.1.$comp-is6i33w3\">\n<div id=\"comp-is6i33w3inlineContent\" class=\"s11inlineContent\" data-reactid=\".0.$SITE_ROOT.$desktop_siteRoot.$PAGES_CONTAINER.1.1.$SITE_PAGES.$c1t44.1.$comp-is6i33w3.0\">\n<div id=\"comp-is6i33xn\" class=\"s12\" data-reactid=\".0.$SITE_ROOT.$desktop_siteRoot.$PAGES_CONTAINER.1.1.$SITE_PAGES.$c1t44.1.$comp-is6i33w3.0.$comp-is6i33xn\">\n<p class=\"font_2\"><strong>Tempos<\/strong><\/p>\n<\/div>\n<div id=\"comp-is6i33xo\" class=\"s12\" data-reactid=\".0.$SITE_ROOT.$desktop_siteRoot.$PAGES_CONTAINER.1.1.$SITE_PAGES.$c1t44.1.$comp-is6i33w3.0.$comp-is6i33xo\">\n<p class=\"font_8\">N\u00e3o haver\u00e1 altera\u00e7\u00f5es na hora de partida no pr\u00f3prio dia em escal\u00f5es de competi\u00e7\u00e3o;<br \/>\nTempo limite para cada percurso 02h00 (duas horas) Dist\u00e2ncia\u00a0M\u00e9dia.<\/p>\n<\/div>\n<\/div>\n<\/div>\n<div id=\"comp-is6i4b85\" class=\"s11\" data-reactid=\".0.$SITE_ROOT.$desktop_siteRoot.$PAGES_CONTAINER.1.1.$SITE_PAGES.$c1t44.1.$comp-is6i4b85\">\n<div id=\"comp-is6i4b85inlineContent\" class=\"s11inlineContent\" data-reactid=\".0.$SITE_ROOT.$desktop_siteRoot.$PAGES_CONTAINER.1.1.$SITE_PAGES.$c1t44.1.$comp-is6i4b85.0\">\n<div id=\"comp-is6i4b9o\" class=\"s12\" data-reactid=\".0.$SITE_ROOT.$desktop_siteRoot.$PAGES_CONTAINER.1.1.$SITE_PAGES.$c1t44.1.$comp-is6i4b85.0.$comp-is6i4b9o\">\n<p class=\"font_2\"><strong>Resultados<\/strong><\/p>\n<\/div>\n<div id=\"comp-is6i4b9q\" class=\"s12\" data-reactid=\".0.$SITE_ROOT.$desktop_siteRoot.$PAGES_CONTAINER.1.1.$SITE_PAGES.$c1t44.1.$comp-is6i4b85.0.$comp-is6i4b9q\">\n<p class=\"font_8\">O resultado final do XV MOC \u00e9 definido pela soma dos tempos em virtude de ambas as etapas serem de Dist\u00e2ncia M\u00e9dia.<\/p>\n<p class=\"font_8\">A competi\u00e7\u00e3o rege-se pelo Regulamento de Competi\u00e7\u00f5es da FPO (\u00e9poca 2017). Perante qualquer caso omisso no regulamento da FPO ser\u00e1\u00a0aplicado o regulamento da IOF.<\/p>\n<\/div>\n<\/div>\n<\/div>\n<div id=\"comp-is6i61vg\" class=\"s11\" data-reactid=\".0.$SITE_ROOT.$desktop_siteRoot.$PAGES_CONTAINER.1.1.$SITE_PAGES.$c1t44.1.$comp-is6i61vg\">\n<div id=\"comp-is6i61vginlineContent\" class=\"s11inlineContent\" data-reactid=\".0.$SITE_ROOT.$desktop_siteRoot.$PAGES_CONTAINER.1.1.$SITE_PAGES.$c1t44.1.$comp-is6i61vg.0\">\n<div id=\"comp-is6i61x7\" class=\"s12\" data-reactid=\".0.$SITE_ROOT.$desktop_siteRoot.$PAGES_CONTAINER.1.1.$SITE_PAGES.$c1t44.1.$comp-is6i61vg.0.$comp-is6i61x7\">\n<p class=\"font_2\"><strong>Mapas<\/strong><\/p>\n<\/div>\n<div id=\"comp-is6i61x9\" class=\"s12\" data-reactid=\".0.$SITE_ROOT.$desktop_siteRoot.$PAGES_CONTAINER.1.1.$SITE_PAGES.$c1t44.1.$comp-is6i61vg.0.$comp-is6i61x9\">\n<p class=\"font_8\">N\u00e3o haver\u00e1\u00a0recolha de mapas no final dos percursos. Por esse facto, apela-se ao fair-play de todos os participantes.<\/p>\n<\/div>\n<\/div>\n<\/div>\n<\/div>\n<\/div>\n<\/div>\n","protected":false},"excerpt":{"rendered":"<p>Pr\u00e9mios XV MOC (prova pontu\u00e1vel para a TP &#8211; somat\u00f3rio de tempos das 2 etapas) &#8211; Pr\u00e9mios para os tr\u00eas (5 nas elites) melhor classificados em todos os escal\u00f5es de competi\u00e7\u00e3o. &#8211; Pr\u00e9mios para os 3 clubes mais pontuados. &#8211; Lembran\u00e7as aos atletas dos escal\u00f5es de forma\u00e7\u00e3o (H\/D 10 e 12) e aos primeiros classificados &hellip; <a href=\"https:\/\/eventos.coc.pt\/15moc\/informacoes-gerais\/\" class=\"more-link\">Continuar a ler <span class=\"screen-reader-text\">Informa\u00e7\u00f5es Gerais<\/span><\/a><\/p>\n","protected":false},"author":1,"featured_media":0,"parent":0,"menu_order":13,"comment_status":"closed","ping_status":"closed","template":"","meta":{"footnotes":""},"class_list":["post-11","page","type-page","status-publish","hentry"],"_links":{"self":[{"href":"https:\/\/eventos.coc.pt\/15moc\/wp-json\/wp\/v2\/pages\/11","targetHints":{"allow":["GET"]}}],"collection":[{"href":"https:\/\/eventos.coc.pt\/15moc\/wp-json\/wp\/v2\/pages"}],"about":[{"href":"https:\/\/eventos.coc.pt\/15moc\/wp-json\/wp\/v2\/types\/page"}],"author":[{"embeddable":true,"href":"https:\/\/eventos.coc.pt\/15moc\/wp-json\/wp\/v2\/users\/1"}],"replies":[{"embeddable":true,"href":"https:\/\/eventos.coc.pt\/15moc\/wp-json\/wp\/v2\/comments?post=11"}],"version-history":[{"count":8,"href":"https:\/\/eventos.coc.pt\/15moc\/wp-json\/wp\/v2\/pages\/11\/revisions"}],"predecessor-version":[{"id":230,"href":"https:\/\/eventos.coc.pt\/15moc\/wp-json\/wp\/v2\/pages\/11\/revisions\/230"}],"wp:attachment":[{"href":"https:\/\/eventos.coc.pt\/15moc\/wp-json\/wp\/v2\/media?parent=11"}],"curies":[{"name":"wp","href":"https:\/\/api.w.org\/{rel}","templated":true}]}}