{"id":11,"date":"2016-09-02T15:31:27","date_gmt":"2016-09-02T15:31:27","guid":{"rendered":"http:\/\/eventos.coc.pt\/piom2018\/?page_id=11"},"modified":"2024-04-16T21:08:50","modified_gmt":"2024-04-16T21:08:50","slug":"informacoes-gerais","status":"publish","type":"page","link":"https:\/\/eventos.coc.pt\/25gpra4\/informacoes-gerais\/","title":{"rendered":"Informa\u00e7\u00f5es Gerais"},"content":{"rendered":"<p><strong>Horas de partida<\/strong><\/p>\n<p>Em escal\u00f5es de competi\u00e7\u00e3o, n\u00e3o haver\u00e1 altera\u00e7\u00f5es na hora de partida no dia da prova.<\/p>\n<p>Os Escal\u00f5es Abertos, T10 e H\/D12 ter\u00e3o uma hora de partida atribu\u00edda para sua dispers\u00e3o na janela de tempos de partida, contudo iniciar\u00e3o os seus percursos utilizando uma esta\u00e7\u00e3o \u201cSTART\u201d.<\/p>\n<p><strong>Tempo limite de prova<\/strong><\/p>\n<p>Dist\u00e2ncia M\u00e9dia \u2013 2 horas<\/p>\n<p>Dist\u00e2ncia Longa \u2013 3 horas<\/p>\n<p><strong>Recolha de mapas<\/strong><\/p>\n<p>N\u00e3o haver\u00e1 recolha de mapas no final dos percursos. Apela-se ao Fair-Play de todos os participantes para que, uma vez conclu\u00eddas as sua provas, reservem para si a visualiza\u00e7\u00e3o do mapa.<\/p>\n<p><strong>Pr\u00e9mios<\/strong><\/p>\n<p>Aos 3 primeiros classificados de cada escal\u00e3o de competi\u00e7\u00e3o e escal\u00f5es abertos, excepto elites que ser\u00e3o premiados os 5 primeiros atletas.<\/p>\n<p>Aos 3 primeiros dos escal\u00f5es Militares Masculino e Militares Feminino que se inscrevam e participem no escal\u00e3o de H\/D 21A.<\/p>\n<p>Aos escal\u00f5es de forma\u00e7\u00e3o (T10 e H\/D12) ser\u00e3o atribu\u00eddas lembran\u00e7as de participa\u00e7\u00e3o a todos os presentes, n\u00e3o havendo pr\u00e9mios de classifica\u00e7\u00e3o.<\/p>\n<p><strong>Sinaliza\u00e7\u00e3o<\/strong><\/p>\n<p>A organiza\u00e7\u00e3o indicar\u00e1 as coordenadas GPS dos locais importantes do evento, para uma correcta chegada dos participantes aos estacionamentos.<\/p>\n<p>Pontualmente estar\u00e3o devidamente assinalados pela Organiza\u00e7\u00e3o com setas laranja e brancas as direc\u00e7\u00f5es de aproxima\u00e7\u00e3o aos Estacionamentos ou dos Estacionamentos para os locais onde os participantes se tenham de deslocar a p\u00e9.<\/p>\n<p><strong>Peitorais<\/strong><\/p>\n<p>Todos os atletas federados devem estar identificados com o seu n\u00famero de peitoral, os atletas n\u00e3o federados que participem em escal\u00f5es de competi\u00e7\u00e3o ter\u00e3o que junto do secretariado levantar o peitoral que lhes \u00e9 atribu\u00eddo.<\/p>\n<p><strong>Regulamento e Regras<\/strong><\/p>\n<p>A competi\u00e7\u00e3o rege-se pelo Regulamento de Competi\u00e7\u00f5es da FPO 2024, que pode ser consultado\u00a0<a href=\"https:\/\/www.fpo.pt\/index.php\/competicoes\/regulamentos\/category\/179-2024\"><strong>AQUI<\/strong><\/a>.<\/p>\n<p>Em casos omissos ser\u00e1 aplicado o regulamento da IOF.<\/p>\n<p><strong>Seguros<\/strong><\/p>\n<p>Os participantes estar\u00e3o cobertos pelo seguro contratado pela FPO nas ap\u00f3lices para atletas federados e n\u00e3o federados.<\/p>\n<p>O pre\u00e7o das inscri\u00e7\u00f5es inclui o valor do seguro nos atletas n\u00e3o federados, tendo obrigatoriamente que quando da inscri\u00e7\u00e3o indicar o respectivo n\u00famero de identifica\u00e7\u00e3o fiscal de todos os participantes (caso de grupos).<\/p>\n<p><strong>Solo Duro e Banhos <\/strong><\/p>\n<p>Guilherme Stephens &#8211; Marinha Grande<\/p>\n<p>Cordenadas &#8211; <a href=\"https:\/\/www.google.com\/maps\/@39.7429212,-8.9338351,54m\/data=!3m1!1e3?entry=ttu\"><strong>39.742877, -8.933686<\/strong><\/a><\/p>\n<p>Abertura &#8211; 18:00 dia 27-04-2024<\/p>\n<p>Fecho &#8211; 9:00 dia 28-04-2024<\/p>\n<p><strong>Notas: <\/strong><\/p>\n<ul>\n<li><strong>O port\u00e3o de acesso ao solo duro e do estacionamento de pernoita das autocaravanas encerram \u00e0s 23h59 e s\u00f3 ser\u00e3o abertos pelas 07h30 de domingo.<\/strong><\/li>\n<li><strong>\u00c9 expressamente proibida a entrada no pavilh\u00e3o com cal\u00e7ado de prova (sejam ou n\u00e3o sapatilhas de bicos);<\/strong><\/li>\n<li><strong>\u00c9 expressamente proibido cozinhar no interior do pavilh\u00e3o ou utilizar os balne\u00e1rios para a lavagem de lou\u00e7a;<\/strong><\/li>\n<li><strong>Estar\u00e3o assinalados locais para a confe\u00e7\u00e3o de refei\u00e7\u00f5es (cozinhar) e lavagem de lou\u00e7a<\/strong>.<\/li>\n<\/ul>\n<p><strong>Altera\u00e7\u00f5es de SI Card<\/strong><strong>\u00a0<\/strong><\/p>\n<p>Qualquer altera\u00e7\u00e3o aos dados das inscri\u00e7\u00f5es t\u00eam obrigatoriamente de ser solicitadas no secretariado, as quais est\u00e3o sujeitas \u00e0 taxa em vigor conforme regulamento da FPO (2 \u20ac por altera\u00e7\u00e3o)<\/p>\n","protected":false},"excerpt":{"rendered":"<p>Horas de partida Em escal\u00f5es de competi\u00e7\u00e3o, n\u00e3o haver\u00e1 altera\u00e7\u00f5es na hora de partida no dia da prova. Os Escal\u00f5es Abertos, T10 e H\/D12 ter\u00e3o uma hora de partida atribu\u00edda para sua dispers\u00e3o na janela de tempos de partida, contudo iniciar\u00e3o os seus percursos utilizando uma esta\u00e7\u00e3o \u201cSTART\u201d. Tempo limite de prova Dist\u00e2ncia M\u00e9dia \u2013 &hellip; <a href=\"https:\/\/eventos.coc.pt\/25gpra4\/informacoes-gerais\/\" class=\"more-link\">Continuar a ler <span class=\"screen-reader-text\">Informa\u00e7\u00f5es Gerais<\/span><\/a><\/p>\n","protected":false},"author":1,"featured_media":0,"parent":0,"menu_order":13,"comment_status":"closed","ping_status":"closed","template":"","meta":{"footnotes":""},"class_list":["post-11","page","type-page","status-publish","hentry"],"_links":{"self":[{"href":"https:\/\/eventos.coc.pt\/25gpra4\/wp-json\/wp\/v2\/pages\/11","targetHints":{"allow":["GET"]}}],"collection":[{"href":"https:\/\/eventos.coc.pt\/25gpra4\/wp-json\/wp\/v2\/pages"}],"about":[{"href":"https:\/\/eventos.coc.pt\/25gpra4\/wp-json\/wp\/v2\/types\/page"}],"author":[{"embeddable":true,"href":"https:\/\/eventos.coc.pt\/25gpra4\/wp-json\/wp\/v2\/users\/1"}],"replies":[{"embeddable":true,"href":"https:\/\/eventos.coc.pt\/25gpra4\/wp-json\/wp\/v2\/comments?post=11"}],"version-history":[{"count":70,"href":"https:\/\/eventos.coc.pt\/25gpra4\/wp-json\/wp\/v2\/pages\/11\/revisions"}],"predecessor-version":[{"id":1227,"href":"https:\/\/eventos.coc.pt\/25gpra4\/wp-json\/wp\/v2\/pages\/11\/revisions\/1227"}],"wp:attachment":[{"href":"https:\/\/eventos.coc.pt\/25gpra4\/wp-json\/wp\/v2\/media?parent=11"}],"curies":[{"name":"wp","href":"https:\/\/api.w.org\/{rel}","templated":true}]}}