{"id":13,"date":"2016-09-02T15:31:49","date_gmt":"2016-09-02T15:31:49","guid":{"rendered":"http:\/\/eventos.coc.pt\/piom2018\/?page_id=13"},"modified":"2024-04-25T18:11:49","modified_gmt":"2024-04-25T18:11:49","slug":"informacoes-tecnicas","status":"publish","type":"page","link":"https:\/\/eventos.coc.pt\/25gpra4\/informacoes-tecnicas\/","title":{"rendered":"Informa\u00e7\u00f5es T\u00e9cnicas"},"content":{"rendered":"<p>Informa\u00e7\u00e3o T\u00e9cnica (01-04-2024)<\/p>\n<p>Dia 1 (27-04-2024)<\/p>\n<p><img loading=\"lazy\" decoding=\"async\" class=\"aligncenter wp-image-1211 size-full\" src=\"http:\/\/eventos.coc.pt\/25gpra4\/wp-content\/uploads\/sites\/29\/2024\/04\/25o-GPRA4-Informacao-tecnica_Media-Etapa-1_2024_04_07-scaled.jpg\" alt=\"\" width=\"1501\" height=\"2560\" srcset=\"https:\/\/eventos.coc.pt\/25gpra4\/wp-content\/uploads\/sites\/29\/2024\/04\/25o-GPRA4-Informacao-tecnica_Media-Etapa-1_2024_04_07-scaled.jpg 1501w, https:\/\/eventos.coc.pt\/25gpra4\/wp-content\/uploads\/sites\/29\/2024\/04\/25o-GPRA4-Informacao-tecnica_Media-Etapa-1_2024_04_07-scaled-176x300.jpg 176w, https:\/\/eventos.coc.pt\/25gpra4\/wp-content\/uploads\/sites\/29\/2024\/04\/25o-GPRA4-Informacao-tecnica_Media-Etapa-1_2024_04_07-scaled-600x1024.jpg 600w, https:\/\/eventos.coc.pt\/25gpra4\/wp-content\/uploads\/sites\/29\/2024\/04\/25o-GPRA4-Informacao-tecnica_Media-Etapa-1_2024_04_07-768x1310.jpg 768w, https:\/\/eventos.coc.pt\/25gpra4\/wp-content\/uploads\/sites\/29\/2024\/04\/25o-GPRA4-Informacao-tecnica_Media-Etapa-1_2024_04_07-scaled-901x1536.jpg 901w, https:\/\/eventos.coc.pt\/25gpra4\/wp-content\/uploads\/sites\/29\/2024\/04\/25o-GPRA4-Informacao-tecnica_Media-Etapa-1_2024_04_07-scaled-1201x2048.jpg 1201w\" sizes=\"auto, (max-width: 1501px) 100vw, 1501px\" \/><\/p>\n<p>Dia 2 (28-04-2024)<\/p>\n<p><img loading=\"lazy\" decoding=\"async\" class=\"aligncenter wp-image-1212 size-full\" src=\"http:\/\/eventos.coc.pt\/25gpra4\/wp-content\/uploads\/sites\/29\/2024\/04\/25o-GPRA4-Informacao-tecnica_Longa-Etapa-2_2024_04_07_redimensionado-scaled.jpg\" alt=\"\" width=\"1709\" height=\"2560\" srcset=\"https:\/\/eventos.coc.pt\/25gpra4\/wp-content\/uploads\/sites\/29\/2024\/04\/25o-GPRA4-Informacao-tecnica_Longa-Etapa-2_2024_04_07_redimensionado-scaled.jpg 1709w, https:\/\/eventos.coc.pt\/25gpra4\/wp-content\/uploads\/sites\/29\/2024\/04\/25o-GPRA4-Informacao-tecnica_Longa-Etapa-2_2024_04_07_redimensionado-scaled-200x300.jpg 200w, https:\/\/eventos.coc.pt\/25gpra4\/wp-content\/uploads\/sites\/29\/2024\/04\/25o-GPRA4-Informacao-tecnica_Longa-Etapa-2_2024_04_07_redimensionado-scaled-684x1024.jpg 684w, https:\/\/eventos.coc.pt\/25gpra4\/wp-content\/uploads\/sites\/29\/2024\/04\/25o-GPRA4-Informacao-tecnica_Longa-Etapa-2_2024_04_07_redimensionado-768x1150.jpg 768w, https:\/\/eventos.coc.pt\/25gpra4\/wp-content\/uploads\/sites\/29\/2024\/04\/25o-GPRA4-Informacao-tecnica_Longa-Etapa-2_2024_04_07_redimensionado-scaled-1025x1536.jpg 1025w, https:\/\/eventos.coc.pt\/25gpra4\/wp-content\/uploads\/sites\/29\/2024\/04\/25o-GPRA4-Informacao-tecnica_Longa-Etapa-2_2024_04_07_redimensionado-scaled-1367x2048.jpg 1367w\" sizes=\"auto, (max-width: 1709px) 100vw, 1709px\" \/><\/p>\n<p><strong>Sinal\u00e9tica Suplemetar<\/strong><\/p>\n<p>No segundo dia 28-04-2024 n\u00e3o vai haver sinal\u00e9tica suplementar para as partidas em massa, nos restantes dias e nas partidas dos escal\u00f5es abertos vai haver sinal\u00e9tica suplementar.<\/p>\n<p>&nbsp;<\/p>\n<p><strong>MAPAS \/ TERRENO<\/strong><\/p>\n<p>Em ambas as provas (dia 27 distancia m\u00e9dia e dia 28 dist\u00e2ncia longa) ser\u00e1 utilizado o mesmo mapa com uma \u00fanica arena.<\/p>\n<p>Floresta de pinheiro, com pouca vegeta\u00e7\u00e3o rasteira, de f\u00e1cil corrida e boa visibilidade, aqui e ali quebrada por consider\u00e1vel densidade de Medronheiros e ou Samoqueiros, estes \u00faltimos marcados no mapa com o s\u00edmbolo 418\u00a0 <img loading=\"lazy\" decoding=\"async\" src=\"http:\/\/eventos.coc.pt\/25gpra4\/wp-content\/uploads\/sites\/29\/2023\/12\/418-1.jpg\" alt=\"\" width=\"51\" height=\"53\" \/>conforme podemos ver na imagem abaixo<\/p>\n<p><img loading=\"lazy\" decoding=\"async\" class=\"aligncenter wp-image-1138 size-large\" src=\"http:\/\/eventos.coc.pt\/25gpra4\/wp-content\/uploads\/sites\/29\/2023\/12\/simbolo-218-1024x637.jpeg\" alt=\"\" width=\"1024\" height=\"637\" srcset=\"https:\/\/eventos.coc.pt\/25gpra4\/wp-content\/uploads\/sites\/29\/2023\/12\/simbolo-218-1024x637.jpeg 1024w, https:\/\/eventos.coc.pt\/25gpra4\/wp-content\/uploads\/sites\/29\/2023\/12\/simbolo-218-300x187.jpeg 300w, https:\/\/eventos.coc.pt\/25gpra4\/wp-content\/uploads\/sites\/29\/2023\/12\/simbolo-218-768x478.jpeg 768w, https:\/\/eventos.coc.pt\/25gpra4\/wp-content\/uploads\/sites\/29\/2023\/12\/simbolo-218-1536x956.jpeg 1536w, https:\/\/eventos.coc.pt\/25gpra4\/wp-content\/uploads\/sites\/29\/2023\/12\/simbolo-218.jpeg 1600w\" sizes=\"auto, (max-width: 1024px) 100vw, 1024px\" \/><\/p>\n<p>Terreno rico em micro relevo, intercalado com \u00e1reas de relevo m\u00e9dio, menos detalhado e mais regular. A maioria dos caminhos e corta-fogos t\u00eam configura\u00e7\u00e3o sim\u00e9trica.<\/p>\n<p>Mapa de S\u00e3o Pedro de Moel \u00a0\u2013 Mapa novo elaborado pelo cart\u00f3grafo Rui Antunes em 2023<\/p>\n<p>Equidist\u00e2ncia \u2013 2,5 mt<\/p>\n<p><strong>Excertos de Mapa Novo<\/strong><\/p>\n<p><img loading=\"lazy\" decoding=\"async\" class=\"alignnone size-medium wp-image-1147\" src=\"http:\/\/eventos.coc.pt\/25gpra4\/wp-content\/uploads\/sites\/29\/2023\/12\/Sao-Pedro-Moel_Etapa-1_a-300x277.jpg\" alt=\"\" width=\"300\" height=\"277\" srcset=\"https:\/\/eventos.coc.pt\/25gpra4\/wp-content\/uploads\/sites\/29\/2023\/12\/Sao-Pedro-Moel_Etapa-1_a-300x277.jpg 300w, https:\/\/eventos.coc.pt\/25gpra4\/wp-content\/uploads\/sites\/29\/2023\/12\/Sao-Pedro-Moel_Etapa-1_a.jpg 462w\" sizes=\"auto, (max-width: 300px) 100vw, 300px\" \/>\u00a0 \u00a0 \u00a0 \u00a0 \u00a0 \u00a0 \u00a0<img loading=\"lazy\" decoding=\"async\" class=\"alignnone size-medium wp-image-1148\" src=\"http:\/\/eventos.coc.pt\/25gpra4\/wp-content\/uploads\/sites\/29\/2023\/12\/Sao-Pedro-Moel_Etapa-2_b-300x277.jpg\" alt=\"\" width=\"300\" height=\"277\" srcset=\"https:\/\/eventos.coc.pt\/25gpra4\/wp-content\/uploads\/sites\/29\/2023\/12\/Sao-Pedro-Moel_Etapa-2_b-300x277.jpg 300w, https:\/\/eventos.coc.pt\/25gpra4\/wp-content\/uploads\/sites\/29\/2023\/12\/Sao-Pedro-Moel_Etapa-2_b.jpg 462w\" sizes=\"auto, (max-width: 300px) 100vw, 300px\" \/><\/p>\n<p><strong>Fotos Terreno\u00a0<\/strong><\/p>\n<p><img loading=\"lazy\" decoding=\"async\" class=\"alignnone size-medium wp-image-1155\" src=\"http:\/\/eventos.coc.pt\/25gpra4\/wp-content\/uploads\/sites\/29\/2023\/12\/IMG_2590_Easy-Resize.com_-300x200.jpg\" alt=\"\" width=\"300\" height=\"200\" srcset=\"https:\/\/eventos.coc.pt\/25gpra4\/wp-content\/uploads\/sites\/29\/2023\/12\/IMG_2590_Easy-Resize.com_-300x200.jpg 300w, https:\/\/eventos.coc.pt\/25gpra4\/wp-content\/uploads\/sites\/29\/2023\/12\/IMG_2590_Easy-Resize.com_-1024x682.jpg 1024w, https:\/\/eventos.coc.pt\/25gpra4\/wp-content\/uploads\/sites\/29\/2023\/12\/IMG_2590_Easy-Resize.com_-768x512.jpg 768w, https:\/\/eventos.coc.pt\/25gpra4\/wp-content\/uploads\/sites\/29\/2023\/12\/IMG_2590_Easy-Resize.com_-272x182.jpg 272w, https:\/\/eventos.coc.pt\/25gpra4\/wp-content\/uploads\/sites\/29\/2023\/12\/IMG_2590_Easy-Resize.com_.jpg 1280w\" sizes=\"auto, (max-width: 300px) 100vw, 300px\" \/>\u00a0 \u00a0 \u00a0 \u00a0 \u00a0 \u00a0 \u00a0<img loading=\"lazy\" decoding=\"async\" class=\"alignnone size-medium wp-image-1156\" src=\"http:\/\/eventos.coc.pt\/25gpra4\/wp-content\/uploads\/sites\/29\/2023\/12\/IMG_2599_Easy-Resize.com_-300x200.jpg\" alt=\"\" width=\"300\" height=\"200\" srcset=\"https:\/\/eventos.coc.pt\/25gpra4\/wp-content\/uploads\/sites\/29\/2023\/12\/IMG_2599_Easy-Resize.com_-300x200.jpg 300w, https:\/\/eventos.coc.pt\/25gpra4\/wp-content\/uploads\/sites\/29\/2023\/12\/IMG_2599_Easy-Resize.com_-1024x682.jpg 1024w, https:\/\/eventos.coc.pt\/25gpra4\/wp-content\/uploads\/sites\/29\/2023\/12\/IMG_2599_Easy-Resize.com_-768x512.jpg 768w, https:\/\/eventos.coc.pt\/25gpra4\/wp-content\/uploads\/sites\/29\/2023\/12\/IMG_2599_Easy-Resize.com_-272x182.jpg 272w, https:\/\/eventos.coc.pt\/25gpra4\/wp-content\/uploads\/sites\/29\/2023\/12\/IMG_2599_Easy-Resize.com_.jpg 1280w\" sizes=\"auto, (max-width: 300px) 100vw, 300px\" \/><\/p>\n<p><strong>Fotos Arena 2 dias<\/strong><\/p>\n<p><img loading=\"lazy\" decoding=\"async\" class=\"alignnone size-medium wp-image-1157\" src=\"http:\/\/eventos.coc.pt\/25gpra4\/wp-content\/uploads\/sites\/29\/2023\/12\/IMG_2533_Easy-Resize.com_-300x200.jpg\" alt=\"\" width=\"300\" height=\"200\" srcset=\"https:\/\/eventos.coc.pt\/25gpra4\/wp-content\/uploads\/sites\/29\/2023\/12\/IMG_2533_Easy-Resize.com_-300x200.jpg 300w, https:\/\/eventos.coc.pt\/25gpra4\/wp-content\/uploads\/sites\/29\/2023\/12\/IMG_2533_Easy-Resize.com_-1024x682.jpg 1024w, https:\/\/eventos.coc.pt\/25gpra4\/wp-content\/uploads\/sites\/29\/2023\/12\/IMG_2533_Easy-Resize.com_-768x512.jpg 768w, https:\/\/eventos.coc.pt\/25gpra4\/wp-content\/uploads\/sites\/29\/2023\/12\/IMG_2533_Easy-Resize.com_-272x182.jpg 272w, https:\/\/eventos.coc.pt\/25gpra4\/wp-content\/uploads\/sites\/29\/2023\/12\/IMG_2533_Easy-Resize.com_.jpg 1280w\" sizes=\"auto, (max-width: 300px) 100vw, 300px\" \/><\/p>\n<p><strong>Escalas Dist\u00e2ncia M\u00e9dia <\/strong><\/p>\n<p>1:7 500 \u2013 T10, H\/D 12, H\/D65, H\/D 70, H75, H80 e F\u00e1cil Curto<\/p>\n<p>1:10 000 \u2013 H\/D14 at\u00e9 H\/D60, F\u00e1cil Longo, Dif\u00edcil Curto e Dif\u00edcil Longo<\/p>\n<p><strong>Escalas Dist\u00e2ncia Longa <\/strong><\/p>\n<p>1:7 500 \u2013 T10, H\/D 12, H\/D65, H\/D70, H75, H80 e F\u00e1cil Curto<\/p>\n<p>1:10 000 \u2013 H\/D14, H\/D16, H\/D21B, H\/D45 at\u00e9 H\/D60, F\u00e1cil Longo, Dif\u00edcil Curto e Dif\u00edcil Longo<\/p>\n<p>1:15 000 \u2013 H\/D18, H\/D20, H\/D21A, H\/DE, H\/D35 e H\/D40<\/p>\n<p><strong>Mapa Antigo 1997<\/strong><\/p>\n<p><img loading=\"lazy\" decoding=\"async\" class=\"alignnone wp-image-1144 size-large\" src=\"http:\/\/eventos.coc.pt\/25gpra4\/wp-content\/uploads\/sites\/29\/2023\/12\/WhatsApp-Image-2023-12-16-at-21.31.29-1024x1000.jpeg\" alt=\"\" width=\"1024\" height=\"1000\" srcset=\"https:\/\/eventos.coc.pt\/25gpra4\/wp-content\/uploads\/sites\/29\/2023\/12\/WhatsApp-Image-2023-12-16-at-21.31.29-1024x1000.jpeg 1024w, https:\/\/eventos.coc.pt\/25gpra4\/wp-content\/uploads\/sites\/29\/2023\/12\/WhatsApp-Image-2023-12-16-at-21.31.29-300x293.jpeg 300w, https:\/\/eventos.coc.pt\/25gpra4\/wp-content\/uploads\/sites\/29\/2023\/12\/WhatsApp-Image-2023-12-16-at-21.31.29-768x750.jpeg 768w, https:\/\/eventos.coc.pt\/25gpra4\/wp-content\/uploads\/sites\/29\/2023\/12\/WhatsApp-Image-2023-12-16-at-21.31.29-1536x1500.jpeg 1536w, https:\/\/eventos.coc.pt\/25gpra4\/wp-content\/uploads\/sites\/29\/2023\/12\/WhatsApp-Image-2023-12-16-at-21.31.29.jpeg 1600w\" sizes=\"auto, (max-width: 1024px) 100vw, 1024px\" \/><\/p>\n<p><strong>Mapa Antigo de 2015<\/strong><\/p>\n<p><img loading=\"lazy\" decoding=\"async\" class=\"alignnone wp-image-1140 size-large\" src=\"http:\/\/eventos.coc.pt\/25gpra4\/wp-content\/uploads\/sites\/29\/2023\/12\/WhatsApp-Image-2023-12-16-at-21.26.14-605x1024.jpeg\" alt=\"\" width=\"605\" height=\"1024\" srcset=\"https:\/\/eventos.coc.pt\/25gpra4\/wp-content\/uploads\/sites\/29\/2023\/12\/WhatsApp-Image-2023-12-16-at-21.26.14-605x1024.jpeg 605w, https:\/\/eventos.coc.pt\/25gpra4\/wp-content\/uploads\/sites\/29\/2023\/12\/WhatsApp-Image-2023-12-16-at-21.26.14-177x300.jpeg 177w, https:\/\/eventos.coc.pt\/25gpra4\/wp-content\/uploads\/sites\/29\/2023\/12\/WhatsApp-Image-2023-12-16-at-21.26.14-768x1299.jpeg 768w, https:\/\/eventos.coc.pt\/25gpra4\/wp-content\/uploads\/sites\/29\/2023\/12\/WhatsApp-Image-2023-12-16-at-21.26.14-908x1536.jpeg 908w, https:\/\/eventos.coc.pt\/25gpra4\/wp-content\/uploads\/sites\/29\/2023\/12\/WhatsApp-Image-2023-12-16-at-21.26.14.jpeg 946w\" sizes=\"auto, (max-width: 605px) 100vw, 605px\" \/><\/p>\n","protected":false},"excerpt":{"rendered":"<p>Informa\u00e7\u00e3o T\u00e9cnica (01-04-2024) Dia 1 (27-04-2024) Dia 2 (28-04-2024) Sinal\u00e9tica Suplemetar No segundo dia 28-04-2024 n\u00e3o vai haver sinal\u00e9tica suplementar para as partidas em massa, nos restantes dias e nas partidas dos escal\u00f5es abertos vai haver sinal\u00e9tica suplementar. &nbsp; MAPAS \/ TERRENO Em ambas as provas (dia 27 distancia m\u00e9dia e dia 28 dist\u00e2ncia longa) &hellip; <a href=\"https:\/\/eventos.coc.pt\/25gpra4\/informacoes-tecnicas\/\" class=\"more-link\">Continuar a ler <span class=\"screen-reader-text\">Informa\u00e7\u00f5es T\u00e9cnicas<\/span><\/a><\/p>\n","protected":false},"author":1,"featured_media":0,"parent":0,"menu_order":12,"comment_status":"closed","ping_status":"closed","template":"","meta":{"footnotes":""},"class_list":["post-13","page","type-page","status-publish","hentry"],"_links":{"self":[{"href":"https:\/\/eventos.coc.pt\/25gpra4\/wp-json\/wp\/v2\/pages\/13","targetHints":{"allow":["GET"]}}],"collection":[{"href":"https:\/\/eventos.coc.pt\/25gpra4\/wp-json\/wp\/v2\/pages"}],"about":[{"href":"https:\/\/eventos.coc.pt\/25gpra4\/wp-json\/wp\/v2\/types\/page"}],"author":[{"embeddable":true,"href":"https:\/\/eventos.coc.pt\/25gpra4\/wp-json\/wp\/v2\/users\/1"}],"replies":[{"embeddable":true,"href":"https:\/\/eventos.coc.pt\/25gpra4\/wp-json\/wp\/v2\/comments?post=13"}],"version-history":[{"count":77,"href":"https:\/\/eventos.coc.pt\/25gpra4\/wp-json\/wp\/v2\/pages\/13\/revisions"}],"predecessor-version":[{"id":1248,"href":"https:\/\/eventos.coc.pt\/25gpra4\/wp-json\/wp\/v2\/pages\/13\/revisions\/1248"}],"wp:attachment":[{"href":"https:\/\/eventos.coc.pt\/25gpra4\/wp-json\/wp\/v2\/media?parent=13"}],"curies":[{"name":"wp","href":"https:\/\/api.w.org\/{rel}","templated":true}]}}