{"id":17,"date":"2016-09-02T15:32:21","date_gmt":"2016-09-02T15:32:21","guid":{"rendered":"http:\/\/eventos.coc.pt\/piom2018\/?page_id=17"},"modified":"2024-02-08T13:17:58","modified_gmt":"2024-02-08T13:17:58","slug":"inscricoes","status":"publish","type":"page","link":"https:\/\/eventos.coc.pt\/25gpra4\/inscricoes\/","title":{"rendered":"Inscri\u00e7\u00f5es"},"content":{"rendered":"<p><strong>Prazos de Inscri\u00e7\u00e3o<\/strong><\/p>\n<p>Escal\u00f5es de Competi\u00e7\u00e3o \u2013 At\u00e9 19 de Abril de 2024 \u00e0s 23h59 (Sexta-Feira)<\/p>\n<p>Escal\u00f5es Forma\u00e7\u00e3o (T10 e H\/D12) e Abertos \u2013 19 de Abril 2024 \u00e0s 23h59 (Sexta-Feira)<\/p>\n<p>Ap\u00f3s esta data, os pedidos de inscri\u00e7\u00f5es nos escal\u00f5es Forma\u00e7\u00e3o e Abertos, ficam sujeitas \u00e0 disponibilidade de mapas, pelo que se aconselha a que o fa\u00e7am preferencialmente at\u00e9 19 de Abril.<\/p>\n<p><strong>Como se inscrever<\/strong><\/p>\n<p>Os atletas devem efectuar as suas inscri\u00e7\u00f5es atrav\u00e9s da plataforma OriOasis ou atrav\u00e9s de mail para <strong>info@coc.pt<\/strong> (atletas n\u00e3o federados na FPO)<\/p>\n<p>Em caso de d\u00favidas ou problemas por favor contacte a organiza\u00e7\u00e3o atrav\u00e9s do seguinte e-mail: <strong>info@coc.pt<\/strong><\/p>\n<p>Dados obrigat\u00f3rios para inscri\u00e7\u00e3o (individual ou em grupo)<\/p>\n<p>\u2013 Nome dos participantes;<\/p>\n<p>&#8211; N\u00famero do Passaporte (cidad\u00e3o estrangeiro n\u00e3o residente em Portugal)<\/p>\n<p>&#8211; N\u00famero Fiscal de Contribuinte<\/p>\n<p>\u2013 Data de nascimento;<\/p>\n<p>\u2013 Nome do Clube ou Individual se n\u00e3o tiver clube;<\/p>\n<p>\u2013 Pa\u00eds;<\/p>\n<p>\u2013 Escal\u00e3o em que cada pessoa deseja participar;<\/p>\n<p>\u2013 N\u00ba de filiado na FPO (caso n\u00e3o seja filiado na FPO, o n\u00ba de Bilhete de Identidade ou de cart\u00e3o de cidad\u00e3o);<\/p>\n<p>\u2013 N\u00ba do SI Card. Na aus\u00eancia deste, ser-lhe-\u00e1 alugado um; A perda ou n\u00e3o devolu\u00e7\u00e3o do SI Card cedido ou alugado, implica o pagamento de 30\u20ac a 66,00\u20ac, dependente do modelo;<\/p>\n<p>-N\u00ba de telem\u00f3vel;<\/p>\n<p>Nota: Nos escal\u00f5es Abertos os participantes podem efectuar a prova a s\u00f3s ou em grupo. No entanto, mesmo quando a participar em grupo, cada pessoa paga a sua inscri\u00e7\u00e3o, uma vez que est\u00e1 coberto pela ap\u00f3lice de seguro de n\u00e3o federado, tem direito ao seu mapa e \u00e0 sua classifica\u00e7\u00e3o.<strong>\u00a0<\/strong><\/p>\n<p><strong>Taxas de Inscri\u00e7\u00e3o para Federados<\/strong><\/p>\n<p>Competi\u00e7\u00e3o e Aberto&gt; 20 anos &#8211; 9,00\u20ac (por etapa)<\/p>\n<p>Competi\u00e7\u00e3o, Aberto e forma\u00e7\u00e3o &lt; 20 anos 4,50\u20ac (por etapa)<\/p>\n<p><strong>Taxas de Inscri\u00e7\u00e3o N\u00e3o Federados<\/strong><\/p>\n<p>Competi\u00e7\u00e3o &gt; 20 anos &#8211; 16,00\u20ac<\/p>\n<p>Abertos &gt; 20 anos &#8211; 10,00\u20ac<\/p>\n<p>Competi\u00e7\u00e3o &lt;; 20 anos &#8211; 9,00\u20ac<\/p>\n<p>Abertos e Forma\u00e7\u00e3o (T10 e H\/D12) &lt;; 20 anos &#8211; 5,00\u20ac<\/p>\n<p>Desporto Escolar \u2013 2,50\u20ac (desde que apresentem declara\u00e7\u00e3o de seguro escolar)<\/p>\n<p><strong>Aluguer de SI Card<\/strong><\/p>\n<p>SI Card normal \u2013 1,50\u20ac (por evento)<\/p>\n<p>Caso pretenda utilizar um SIAC (sistema de marca\u00e7\u00e3o por proximidade), o aluguer ser\u00e1 de 3\u20ac (por evento)<\/p>\n<p><strong>Como pagar:<\/strong><\/p>\n<p>O pagamento das inscri\u00e7\u00f5es tem que ser efetuado at\u00e9 \u00e0s 14h59 do dia 23 de Abril, ter\u00e7a-feira, devendo os atletas enviar por mail (<strong>info@coc.pt<\/strong>) para a organiza\u00e7\u00e3o o respectivo comprovativo de pagamento.<\/p>\n<p>O pagamento das inscri\u00e7\u00f5es pode ser efectuado por transfer\u00eancia banc\u00e1ria, cart\u00e3o de cr\u00e9dito, refer\u00eancia MB, paypal ou MB WAY, selecionando uma destas op\u00e7\u00f5es quando da inscri\u00e7\u00e3o na plataforma das inscri\u00e7\u00f5es OriOasis.<\/p>\n<p>O pagamento no Secretariado no dia do evento deve ser evitado.<\/p>\n<p><strong>Dados para pagamento:<\/strong><\/p>\n<p>Banco: Caixa Geral de Dep\u00f3sitos<\/p>\n<p>Ag\u00eancia: Leiria \u2013 Marqu\u00eas de Pombal<\/p>\n<p>IBAN: PT50 0035 0394 00004000030 10<\/p>\n<p>SWIFT CODE BIC: CGDIPTPL<\/p>\n<p>Nome do Destinat\u00e1rio:<\/p>\n<p>COC \u2013 Clube de Orienta\u00e7\u00e3o do Centro<\/p>\n<p><strong>Processo de pagamento:<\/strong><\/p>\n<p>Para Inscri\u00e7\u00f5es Express do OriOasis, por favor coloque o Express Code no descritivo do pagamento.<\/p>\n<p>Para pagamentos totais de clubes, indique sempre o nome clube no descritivo.<\/p>\n<p>Para pagamentos parciais de clubes, indique nos coment\u00e1rios o clube e a lista de atletas a que se refere o pagamento, ou envie um email (info@coc.pt) \u00e0 organiza\u00e7\u00e3o com a lista de atletas e o comprovativo da transfer\u00eancia.<\/p>\n<p>Notas: Para todas as inscri\u00e7\u00f5es pagas por transfer\u00eancia banc\u00e1ria, \u00e9 necess\u00e1rio enviar comprovativo da opera\u00e7\u00e3o para o email: <strong>info@coc.pt<\/strong><\/p>\n<p>Todas as despesas inerentes \u00e0s transfer\u00eancias banc\u00e1rias devem ser suportadas pelo ordenante. Se alguma despesa referente \u00e0s transfer\u00eancias banc\u00e1rias for indevidamente cobrada \u00e0 Organiza\u00e7\u00e3o, as mesmas ser\u00e3o pagas posteriormente pelos clubes ou atletas.<\/p>\n","protected":false},"excerpt":{"rendered":"<p>Prazos de Inscri\u00e7\u00e3o Escal\u00f5es de Competi\u00e7\u00e3o \u2013 At\u00e9 19 de Abril de 2024 \u00e0s 23h59 (Sexta-Feira) Escal\u00f5es Forma\u00e7\u00e3o (T10 e H\/D12) e Abertos \u2013 19 de Abril 2024 \u00e0s 23h59 (Sexta-Feira) Ap\u00f3s esta data, os pedidos de inscri\u00e7\u00f5es nos escal\u00f5es Forma\u00e7\u00e3o e Abertos, ficam sujeitas \u00e0 disponibilidade de mapas, pelo que se aconselha a que &hellip; <a href=\"https:\/\/eventos.coc.pt\/25gpra4\/inscricoes\/\" class=\"more-link\">Continuar a ler <span class=\"screen-reader-text\">Inscri\u00e7\u00f5es<\/span><\/a><\/p>\n","protected":false},"author":1,"featured_media":0,"parent":0,"menu_order":10,"comment_status":"closed","ping_status":"closed","template":"","meta":{"footnotes":""},"class_list":["post-17","page","type-page","status-publish","hentry"],"_links":{"self":[{"href":"https:\/\/eventos.coc.pt\/25gpra4\/wp-json\/wp\/v2\/pages\/17","targetHints":{"allow":["GET"]}}],"collection":[{"href":"https:\/\/eventos.coc.pt\/25gpra4\/wp-json\/wp\/v2\/pages"}],"about":[{"href":"https:\/\/eventos.coc.pt\/25gpra4\/wp-json\/wp\/v2\/types\/page"}],"author":[{"embeddable":true,"href":"https:\/\/eventos.coc.pt\/25gpra4\/wp-json\/wp\/v2\/users\/1"}],"replies":[{"embeddable":true,"href":"https:\/\/eventos.coc.pt\/25gpra4\/wp-json\/wp\/v2\/comments?post=17"}],"version-history":[{"count":45,"href":"https:\/\/eventos.coc.pt\/25gpra4\/wp-json\/wp\/v2\/pages\/17\/revisions"}],"predecessor-version":[{"id":1169,"href":"https:\/\/eventos.coc.pt\/25gpra4\/wp-json\/wp\/v2\/pages\/17\/revisions\/1169"}],"wp:attachment":[{"href":"https:\/\/eventos.coc.pt\/25gpra4\/wp-json\/wp\/v2\/media?parent=17"}],"curies":[{"name":"wp","href":"https:\/\/api.w.org\/{rel}","templated":true}]}}