{"id":379,"date":"2020-01-13T22:29:28","date_gmt":"2020-01-13T22:29:28","guid":{"rendered":"http:\/\/eventos.coc.pt\/gpra4testerogaine\/?page_id=379"},"modified":"2023-12-06T18:53:27","modified_gmt":"2023-12-06T18:53:27","slug":"apresentacao","status":"publish","type":"page","link":"https:\/\/eventos.coc.pt\/25gpra4\/apresentacao\/","title":{"rendered":"Apresenta\u00e7\u00e3o"},"content":{"rendered":"<p>O 25.\u00ba Grande Pr\u00e9mio do Regimento de Artilharia N\u00ba4 (RA4) \u00e9 um evento de Orienta\u00e7\u00e3o Pedestre, organizado pelo COC &#8211; Clube de Orienta\u00e7\u00e3o em parceria com o Regimento de Artilharia N\u00ba 4 (RA4) e sob a tutela da FPO &#8211; Federa\u00e7\u00e3o Portuguesa de Orienta\u00e7\u00e3o.<\/p>\n<p>O evento conta com o apoio da C\u00e2mara Municipal da Marinha Grande e Moher &#8211; Associa\u00e7\u00e3o para o desenvolvimento de S. Pedro de Moel e disputar-se-\u00e1 no dia 27 e 28 de Abril de 2024.<\/p>\n<p>O evento ser\u00e1 composto por duas etapas pontu\u00e1veis para a Ta\u00e7a de Portugal de Orienta\u00e7\u00e3o Pedestre, uma de dist\u00e2ncia m\u00e9dia e outra de dist\u00e2ncia longa.<\/p>\n<p>A dist\u00e2ncia m\u00e9dia ser\u00e1 com partidas em linha enquanto a dist\u00e2ncia longa manter\u00e1 a tradi\u00e7\u00e3o dos Grandes Pr\u00e9mios do RA4 com a sua habitual partida em Massa.<\/p>\n<p>Nesta prova podem participar pessoas de todas as idades, federados e n\u00e3o federados, sendo que os n\u00e3o federados poder\u00e3o participar apenas nos escal\u00f5es abertos. Nestes escal\u00f5es, a participa\u00e7\u00e3o pode ser individualmente, em pares ou em grupo, que n\u00e3o aconselhamos sejam grupos superiores a 3.<\/p>\n<p>Todas as informa\u00e7\u00f5es sobre estas competi\u00e7\u00f5es (patroc\u00ednios, dist\u00e2ncias, listas de inscritos, tempos de partida, pr\u00e9mios\u2026) ser\u00e3o divulgadas regularmente no site da organiza\u00e7\u00e3o:<\/p>\n<p><a href=\"http:\/\/www.coc.pt\/\">www.coc.pt<\/a><\/p>\n","protected":false},"excerpt":{"rendered":"<p>O 25.\u00ba Grande Pr\u00e9mio do Regimento de Artilharia N\u00ba4 (RA4) \u00e9 um evento de Orienta\u00e7\u00e3o Pedestre, organizado pelo COC &#8211; Clube de Orienta\u00e7\u00e3o em parceria com o Regimento de Artilharia N\u00ba 4 (RA4) e sob a tutela da FPO &#8211; Federa\u00e7\u00e3o Portuguesa de Orienta\u00e7\u00e3o. O evento conta com o apoio da C\u00e2mara Municipal da Marinha &hellip; <a href=\"https:\/\/eventos.coc.pt\/25gpra4\/apresentacao\/\" class=\"more-link\">Continuar a ler <span class=\"screen-reader-text\">Apresenta\u00e7\u00e3o<\/span><\/a><\/p>\n","protected":false},"author":1,"featured_media":0,"parent":0,"menu_order":0,"comment_status":"closed","ping_status":"closed","template":"","meta":{"footnotes":""},"class_list":["post-379","page","type-page","status-publish","hentry"],"_links":{"self":[{"href":"https:\/\/eventos.coc.pt\/25gpra4\/wp-json\/wp\/v2\/pages\/379","targetHints":{"allow":["GET"]}}],"collection":[{"href":"https:\/\/eventos.coc.pt\/25gpra4\/wp-json\/wp\/v2\/pages"}],"about":[{"href":"https:\/\/eventos.coc.pt\/25gpra4\/wp-json\/wp\/v2\/types\/page"}],"author":[{"embeddable":true,"href":"https:\/\/eventos.coc.pt\/25gpra4\/wp-json\/wp\/v2\/users\/1"}],"replies":[{"embeddable":true,"href":"https:\/\/eventos.coc.pt\/25gpra4\/wp-json\/wp\/v2\/comments?post=379"}],"version-history":[{"count":38,"href":"https:\/\/eventos.coc.pt\/25gpra4\/wp-json\/wp\/v2\/pages\/379\/revisions"}],"predecessor-version":[{"id":1124,"href":"https:\/\/eventos.coc.pt\/25gpra4\/wp-json\/wp\/v2\/pages\/379\/revisions\/1124"}],"wp:attachment":[{"href":"https:\/\/eventos.coc.pt\/25gpra4\/wp-json\/wp\/v2\/media?parent=379"}],"curies":[{"name":"wp","href":"https:\/\/api.w.org\/{rel}","templated":true}]}}