{"id":4,"date":"2016-08-29T23:31:01","date_gmt":"2016-08-29T23:31:01","guid":{"rendered":"http:\/\/eventos.coc.pt\/piom2018\/?page_id=4"},"modified":"2024-04-21T21:04:20","modified_gmt":"2024-04-21T21:04:20","slug":"programa","status":"publish","type":"page","link":"https:\/\/eventos.coc.pt\/25gpra4\/programa\/","title":{"rendered":"Programa"},"content":{"rendered":"<p><strong>19 de Abril (Sexta-feira at\u00e9 23h59) <\/strong><\/p>\n<p>Data-limite para inscri\u00e7\u00f5es em Escal\u00f5es de Competi\u00e7\u00e3o, Forma\u00e7\u00e3o e Abertos.<\/p>\n<p>Nota: As inscri\u00e7\u00f5es em Escal\u00f5es Abertos podem ser feitas para al\u00e9m da data de 22 de Abril e at\u00e9 \u00e0 data da prova, mas ficando sempre dependentes da disponibilidade de mapas. Assim e para garantia de participa\u00e7\u00e3o devem ser efectuadas at\u00e9 ao dia 22 de Abril.<\/p>\n<p><strong>27 de Abril (S\u00e1bado \u2013 Dia 1) <\/strong><\/p>\n<p>14h00 \u2013 Abertura do Secretariado<\/p>\n<p>15h30 \u2013 In\u00edcio Partidas &#8211; Distancia M\u00e9dia (Mapa S\u00e3o Pedro Moel)<\/p>\n<p>15h40 \/ 16h40 \u2013 Partida dos Escal\u00f5es Abertos e forma\u00e7\u00e3o (T10 e H\/D12)<\/p>\n<p>18h00 &#8211; Abertura solo duro<\/p>\n<p>&nbsp;<\/p>\n<p><strong>28 de Abril (Domingo \u2013 Dia 2) <\/strong><\/p>\n<p>08h30 \u2013 Abertura do Secretariado<\/p>\n<p>09h30 &#8211;\u00a0 Fecho solo duro<\/p>\n<p>09h30 \u2013 In\u00edcio Partidas &#8211; Distancia Longa Mass Start (Mapa S\u00e3o Pedro Moel)<\/p>\n<p>09h40 \/ 10h40 \u2013 Partida dos Escal\u00f5es Abertos e forma\u00e7\u00e3o (T10 e H\/D12)<\/p>\n<p>12h30 \u2013\u00a0Cerim\u00f3nia de entrega de pr\u00e9mios e Almo\u00e7o volante oferecido pelo Regimento de Artilharia 4 de Leiria<\/p>\n<p>&nbsp;<\/p>\n","protected":false},"excerpt":{"rendered":"<p>19 de Abril (Sexta-feira at\u00e9 23h59) Data-limite para inscri\u00e7\u00f5es em Escal\u00f5es de Competi\u00e7\u00e3o, Forma\u00e7\u00e3o e Abertos. Nota: As inscri\u00e7\u00f5es em Escal\u00f5es Abertos podem ser feitas para al\u00e9m da data de 22 de Abril e at\u00e9 \u00e0 data da prova, mas ficando sempre dependentes da disponibilidade de mapas. Assim e para garantia de participa\u00e7\u00e3o devem ser &hellip; <a href=\"https:\/\/eventos.coc.pt\/25gpra4\/programa\/\" class=\"more-link\">Continuar a ler <span class=\"screen-reader-text\">Programa<\/span><\/a><\/p>\n","protected":false},"author":1,"featured_media":0,"parent":0,"menu_order":14,"comment_status":"closed","ping_status":"closed","template":"","meta":{"footnotes":""},"class_list":["post-4","page","type-page","status-publish","hentry"],"_links":{"self":[{"href":"https:\/\/eventos.coc.pt\/25gpra4\/wp-json\/wp\/v2\/pages\/4","targetHints":{"allow":["GET"]}}],"collection":[{"href":"https:\/\/eventos.coc.pt\/25gpra4\/wp-json\/wp\/v2\/pages"}],"about":[{"href":"https:\/\/eventos.coc.pt\/25gpra4\/wp-json\/wp\/v2\/types\/page"}],"author":[{"embeddable":true,"href":"https:\/\/eventos.coc.pt\/25gpra4\/wp-json\/wp\/v2\/users\/1"}],"replies":[{"embeddable":true,"href":"https:\/\/eventos.coc.pt\/25gpra4\/wp-json\/wp\/v2\/comments?post=4"}],"version-history":[{"count":76,"href":"https:\/\/eventos.coc.pt\/25gpra4\/wp-json\/wp\/v2\/pages\/4\/revisions"}],"predecessor-version":[{"id":1234,"href":"https:\/\/eventos.coc.pt\/25gpra4\/wp-json\/wp\/v2\/pages\/4\/revisions\/1234"}],"wp:attachment":[{"href":"https:\/\/eventos.coc.pt\/25gpra4\/wp-json\/wp\/v2\/media?parent=4"}],"curies":[{"name":"wp","href":"https:\/\/api.w.org\/{rel}","templated":true}]}}