{"id":846,"date":"2022-04-12T17:40:44","date_gmt":"2022-04-12T17:40:44","guid":{"rendered":"http:\/\/eventos.coc.pt\/25gpra4\/?page_id=846"},"modified":"2024-04-24T21:37:15","modified_gmt":"2024-04-24T21:37:15","slug":"partidas-2","status":"publish","type":"page","link":"https:\/\/eventos.coc.pt\/25gpra4\/partidas-2\/","title":{"rendered":"Partidas"},"content":{"rendered":"<p><span style=\"font-size: 18pt;\"><strong>Lista de Partidas<\/strong><\/span><\/p>\n<p><span style=\"font-size: 18pt;\">S\u00e1bado 27\/04\/2024 &#8211; <span style=\"color: #0000ff;\"><a style=\"color: #0000ff;\" href=\"https:\/\/drive.google.com\/file\/d\/1dORtKNx4sqapqtSsGNFrTIFusxqFlGTJ\/view?usp=sharing\">Aqui<\/a><\/span><\/span><\/p>\n<p><span style=\"font-size: 18pt;\">Domingo 28\/04\/2024 &#8211; <span style=\"color: #0000ff;\"><a style=\"color: #0000ff;\" href=\"https:\/\/drive.google.com\/file\/d\/1AciDyjNFtPmhepJ1R_AY8FMSthDwdCNV\/view?usp=sharing\">Aqui\u00a0<\/a><\/span><\/span><\/p>\n<p><strong>Etapa 1<\/strong><\/p>\n<p>Partidas Hora 0 \u2013 15:30 (competi\u00e7\u00e3o)<\/p>\n<p>Partidas Hora 0 &#8211; 15:40 (abertos e forma\u00e7\u00e3o)<\/p>\n<p><strong>Etapa 2 (partida em massa competi\u00e7\u00e3o)<\/strong><\/p>\n<p>Abertura \u201ccaixa\u201d de partida \u2013 9:15<\/p>\n<p>Partidas Horas 0 \u2013 09:30 (competi\u00e7\u00e3o)<\/p>\n<p>Partidas Hora 0 &#8211; 9:40 (abertos e forma\u00e7\u00e3o)<\/p>\n<p>Em ambas as etapas os escal\u00f5es de forma\u00e7\u00e3o (T10 e H\/D12) e abertos com partidas individuais, ter\u00e3o uma janela de tempos de partida de 60 minutos e com inicio 10 minutos depois da hora 0 da competi\u00e7\u00e3o.<\/p>\n<p>&nbsp;<\/p>\n","protected":false},"excerpt":{"rendered":"<p>Lista de Partidas S\u00e1bado 27\/04\/2024 &#8211; Aqui Domingo 28\/04\/2024 &#8211; Aqui\u00a0 Etapa 1 Partidas Hora 0 \u2013 15:30 (competi\u00e7\u00e3o) Partidas Hora 0 &#8211; 15:40 (abertos e forma\u00e7\u00e3o) Etapa 2 (partida em massa competi\u00e7\u00e3o) Abertura \u201ccaixa\u201d de partida \u2013 9:15 Partidas Horas 0 \u2013 09:30 (competi\u00e7\u00e3o) Partidas Hora 0 &#8211; 9:40 (abertos e forma\u00e7\u00e3o) Em ambas &hellip; <a href=\"https:\/\/eventos.coc.pt\/25gpra4\/partidas-2\/\" class=\"more-link\">Continuar a ler <span class=\"screen-reader-text\">Partidas<\/span><\/a><\/p>\n","protected":false},"author":1,"featured_media":0,"parent":0,"menu_order":0,"comment_status":"closed","ping_status":"closed","template":"","meta":{"footnotes":""},"class_list":["post-846","page","type-page","status-publish","hentry"],"_links":{"self":[{"href":"https:\/\/eventos.coc.pt\/25gpra4\/wp-json\/wp\/v2\/pages\/846","targetHints":{"allow":["GET"]}}],"collection":[{"href":"https:\/\/eventos.coc.pt\/25gpra4\/wp-json\/wp\/v2\/pages"}],"about":[{"href":"https:\/\/eventos.coc.pt\/25gpra4\/wp-json\/wp\/v2\/types\/page"}],"author":[{"embeddable":true,"href":"https:\/\/eventos.coc.pt\/25gpra4\/wp-json\/wp\/v2\/users\/1"}],"replies":[{"embeddable":true,"href":"https:\/\/eventos.coc.pt\/25gpra4\/wp-json\/wp\/v2\/comments?post=846"}],"version-history":[{"count":18,"href":"https:\/\/eventos.coc.pt\/25gpra4\/wp-json\/wp\/v2\/pages\/846\/revisions"}],"predecessor-version":[{"id":1244,"href":"https:\/\/eventos.coc.pt\/25gpra4\/wp-json\/wp\/v2\/pages\/846\/revisions\/1244"}],"wp:attachment":[{"href":"https:\/\/eventos.coc.pt\/25gpra4\/wp-json\/wp\/v2\/media?parent=846"}],"curies":[{"name":"wp","href":"https:\/\/api.w.org\/{rel}","templated":true}]}}