{"id":141,"date":"2016-09-16T12:54:39","date_gmt":"2016-09-16T12:54:39","guid":{"rendered":"http:\/\/eventos.coc.pt\/piom2018\/?page_id=141"},"modified":"2025-11-16T23:53:02","modified_gmt":"2025-11-16T23:53:02","slug":"resultados","status":"publish","type":"page","link":"https:\/\/eventos.coc.pt\/26gpra4\/resultados\/","title":{"rendered":"Resultados"},"content":{"rendered":"<p><strong>Floresta<\/strong>: <a href=\"https:\/\/eventos.coc.pt\/archive\/26gpra4\/results_classes.html\" target=\"_blank\" rel=\"noopener\">Escal\u00f5es <\/a>| <a href=\"https:\/\/eventos.coc.pt\/archive\/26gpra4\/splits.html\" target=\"_blank\" rel=\"noopener\">Splits <\/a>| <a href=\"https:\/\/eventos.coc.pt\/archive\/26gpra4\/results_teams.htm\" target=\"_blank\" rel=\"noopener\">Equipas<\/a> | <a href=\"https:\/\/www.orioasis.pt\/oasis\/results.php?action=view_stages&amp;eventid=3015\" target=\"_blank\" rel=\"noopener\">OriOasis<\/a><\/p>\n<p><strong><a href=\"http:\/\/eventos.coc.pt\/archive\/26gpra4\/results_tempo.pdf\" target=\"_blank\" rel=\"noopener\">Temp-O<\/a><\/strong><\/p>\n<p><a href=\"https:\/\/www.livelox.com\/Events\/Show\/173924\/RA4-2025\" target=\"_blank\" rel=\"noopener\">Livelox<\/a><\/p>\n<p><a href=\"https:\/\/eventos.coc.pt\/archive\/26gpra4\/26_GPRA4_Percursos_Tempos_Vencedores.pdf\">Tabela com Tempos Vencedores e Tempo Previsto<\/a><\/p>\n<p><a href=\"https:\/\/eventos.coc.pt\/archive\/26gpra4\/Tabela_de_Resultados_Descodificada_Superacao_e_Recordes.m4a\">Audio com an\u00e1lise da &#8220;Tabela com Tempos Vencedores e Tempo Previsto&#8221;<\/a><\/p>\n<p><a href=\"https:\/\/www.facebook.com\/share\/v\/1FiNT5fDvY\/\" target=\"_blank\" rel=\"noopener\">Video resumo do evento (por C\u00e1tia Marques)<\/a><\/p>\n","protected":false},"excerpt":{"rendered":"<p>Floresta: Escal\u00f5es | Splits | Equipas | OriOasis Temp-O Livelox Tabela com Tempos Vencedores e Tempo Previsto Audio com an\u00e1lise da &#8220;Tabela com Tempos Vencedores e Tempo Previsto&#8221; Video resumo do evento (por C\u00e1tia Marques)<\/p>\n","protected":false},"author":1,"featured_media":0,"parent":0,"menu_order":1,"comment_status":"closed","ping_status":"closed","template":"","meta":{"footnotes":""},"class_list":["post-141","page","type-page","status-publish","hentry"],"_links":{"self":[{"href":"https:\/\/eventos.coc.pt\/26gpra4\/wp-json\/wp\/v2\/pages\/141","targetHints":{"allow":["GET"]}}],"collection":[{"href":"https:\/\/eventos.coc.pt\/26gpra4\/wp-json\/wp\/v2\/pages"}],"about":[{"href":"https:\/\/eventos.coc.pt\/26gpra4\/wp-json\/wp\/v2\/types\/page"}],"author":[{"embeddable":true,"href":"https:\/\/eventos.coc.pt\/26gpra4\/wp-json\/wp\/v2\/users\/1"}],"replies":[{"embeddable":true,"href":"https:\/\/eventos.coc.pt\/26gpra4\/wp-json\/wp\/v2\/comments?post=141"}],"version-history":[{"count":29,"href":"https:\/\/eventos.coc.pt\/26gpra4\/wp-json\/wp\/v2\/pages\/141\/revisions"}],"predecessor-version":[{"id":1391,"href":"https:\/\/eventos.coc.pt\/26gpra4\/wp-json\/wp\/v2\/pages\/141\/revisions\/1391"}],"wp:attachment":[{"href":"https:\/\/eventos.coc.pt\/26gpra4\/wp-json\/wp\/v2\/media?parent=141"}],"curies":[{"name":"wp","href":"https:\/\/api.w.org\/{rel}","templated":true}]}}