{"id":17,"date":"2016-09-02T15:32:21","date_gmt":"2016-09-02T15:32:21","guid":{"rendered":"http:\/\/eventos.coc.pt\/piom2018\/?page_id=17"},"modified":"2025-08-05T17:41:09","modified_gmt":"2025-08-05T17:41:09","slug":"inscricoes","status":"publish","type":"page","link":"https:\/\/eventos.coc.pt\/26gpra4\/inscricoes\/","title":{"rendered":"Inscri\u00e7\u00f5es"},"content":{"rendered":"<p><strong>Prazos de Inscri\u00e7\u00e3o<\/strong><\/p>\n<p><strong>07 de novembro (sexta-feira at\u00e9 \u00e0s 23h59)<\/strong><\/p>\n<p>Data-limite para inscri\u00e7\u00f5es em Escal\u00f5es de Competi\u00e7\u00e3o, Forma\u00e7\u00e3o e Abertos.<\/p>\n<p>Nota: As inscri\u00e7\u00f5es em Escal\u00f5es Abertos podem ser feitas at\u00e9 para al\u00e9m da data de 07 de novembro e at\u00e9 \u00e0 data da prova, mas ficando sempre dependentes da disponibilidade de mapas. Assim e para garantia de participa\u00e7\u00e3o devem ser efetuadas at\u00e9 ao dia 12 de novembro<\/p>\n<p><strong>\u00a0<\/strong><strong>Como se inscrever<\/strong><\/p>\n<p>Os atletas devem efectuar as suas inscri\u00e7\u00f5es atrav\u00e9s da plataforma OriOasis ou atrav\u00e9s de mail para <strong>info@coc.pt<\/strong> (atletas n\u00e3o federados na FPO)<\/p>\n<p>Em caso de d\u00favidas ou problemas por favor contacte a organiza\u00e7\u00e3o atrav\u00e9s do seguinte e-mail: <strong>info@coc.pt<\/strong><\/p>\n<p>Dados obrigat\u00f3rios para inscri\u00e7\u00e3o (individual ou em grupo)<\/p>\n<p>\u2013 Nome dos participantes;<\/p>\n<p>&#8211; N\u00famero do Cart\u00e3o de Cidad\u00e3o ou Bilhete de Identidade<\/p>\n<p>&#8211; N\u00famero Fiscal de Contribuinte<\/p>\n<p>\u2013 Data de nascimento;<\/p>\n<p>\u2013 Nome do Clube ou Individual se n\u00e3o tiver clube;<\/p>\n<p>\u2013 Pa\u00eds;<\/p>\n<p>\u2013 Escal\u00e3o em que cada pessoa deseja participar;<\/p>\n<p>\u2013 N\u00ba de filiado na FPO (caso n\u00e3o seja filiado na FPO, o n\u00ba de Bilhete de Identidade ou de cart\u00e3o de cidad\u00e3o);<\/p>\n<p>\u2013 N\u00ba do SI Card. Na aus\u00eancia deste, ser-lhe-\u00e1 alugado um; A perda ou n\u00e3o devolu\u00e7\u00e3o do SI Card cedido ou alugado, implica o pagamento de 30\u20ac a 66,00\u20ac, dependente do modelo;<\/p>\n<p>-N\u00ba de telem\u00f3vel;<\/p>\n<p>Nota: Nos escal\u00f5es Abertos os participantes podem efectuar a prova a s\u00f3s ou em grupo. No entanto, mesmo quando a participar em grupo, cada pessoa paga a sua inscri\u00e7\u00e3o, uma vez que est\u00e1 coberto pela ap\u00f3lice de seguro de n\u00e3o federado, tem direito ao seu mapa e \u00e0 sua classifica\u00e7\u00e3o.<\/p>\n<p><strong>\u00a0<\/strong><strong>Taxas de inscri\u00e7\u00e3o:<\/strong><\/p>\n<p>Pre\u00e7os indicados por prova\/pessoa em tabela constante neste separador<\/p>\n<p><strong>Escal\u00f5es de Competi\u00e7\u00e3o e Forma\u00e7\u00e3o (pre\u00e7o por etapa)<\/strong><\/p>\n<p><img loading=\"lazy\" decoding=\"async\" class=\"alignnone wp-image-1295 size-full\" src=\"https:\/\/eventos.coc.pt\/26gpra4\/wp-content\/uploads\/sites\/31\/2025\/08\/Insc_01.png\" alt=\"\" width=\"855\" height=\"396\" srcset=\"https:\/\/eventos.coc.pt\/26gpra4\/wp-content\/uploads\/sites\/31\/2025\/08\/Insc_01.png 855w, https:\/\/eventos.coc.pt\/26gpra4\/wp-content\/uploads\/sites\/31\/2025\/08\/Insc_01-300x139.png 300w, https:\/\/eventos.coc.pt\/26gpra4\/wp-content\/uploads\/sites\/31\/2025\/08\/Insc_01-768x356.png 768w\" sizes=\"auto, (max-width: 855px) 100vw, 855px\" \/><\/p>\n<p><strong>Escal\u00f5es Abertos (pre\u00e7o por etapa) ***<\/strong><\/p>\n<p><img loading=\"lazy\" decoding=\"async\" class=\"alignnone wp-image-1296 size-full\" src=\"https:\/\/eventos.coc.pt\/26gpra4\/wp-content\/uploads\/sites\/31\/2025\/08\/Insc_02.png\" alt=\"\" width=\"1063\" height=\"164\" srcset=\"https:\/\/eventos.coc.pt\/26gpra4\/wp-content\/uploads\/sites\/31\/2025\/08\/Insc_02.png 1063w, https:\/\/eventos.coc.pt\/26gpra4\/wp-content\/uploads\/sites\/31\/2025\/08\/Insc_02-300x46.png 300w, https:\/\/eventos.coc.pt\/26gpra4\/wp-content\/uploads\/sites\/31\/2025\/08\/Insc_02-1024x158.png 1024w, https:\/\/eventos.coc.pt\/26gpra4\/wp-content\/uploads\/sites\/31\/2025\/08\/Insc_02-768x118.png 768w\" sizes=\"auto, (max-width: 1063px) 100vw, 1063px\" \/><\/p>\n<p><strong>*<\/strong>Estas taxas j\u00e1 incluem o seguro desportivo.<\/p>\n<p><strong>**<\/strong>Isen\u00e7\u00e3o de pagamento de Sport Ident e taxa de seguro, desde que enquadrados pelos docentes, sendo obrigat\u00f3ria a apresenta\u00e7\u00e3o do comprovativo do seguro escolar, passado pelo estabelecimento de ensino.<\/p>\n<p><strong>***<\/strong>Estas taxas j\u00e1 incluem o seguro desportivo.<\/p>\n<p><strong>\u00a0<\/strong><strong>Aluguer de SI Card<\/strong><\/p>\n<p>Aos atletas participantes em escal\u00f5es de Competi\u00e7\u00e3o e Forma\u00e7\u00e3o, ser\u00e1 cobrada uma taxa di\u00e1ria de 2,00\u20ac caso necessitem de alugar SI Card normal ou 3,50\u20ac caso optem por um SI Card AIR.<\/p>\n<p>Os participantes nos escal\u00f5es abertos, est\u00e3o isentos do custo do aluguer do Si Card, exceto de pretenderem um SIAC<\/p>\n<p>Nota: A perda ou n\u00e3o devolu\u00e7\u00e3o do SI Card alugado implica o pagamento de 35\u20ac a 75\u20ac, conforme o tipo de SI Card.<\/p>\n<p><strong>Como pagar:<\/strong><\/p>\n<p>O pagamento das inscri\u00e7\u00f5es tem de ser efetuado at\u00e9 \u00e0s 14h59 do dia 11 de novembro, ter\u00e7a-feira, devendo os atletas enviar por mail (<strong>info@coc.pt<\/strong>) para a organiza\u00e7\u00e3o o respectivo comprovativo de pagamento.<\/p>\n<p>O pagamento das inscri\u00e7\u00f5es pode ser efectuado por transfer\u00eancia banc\u00e1ria, cart\u00e3o de cr\u00e9dito, refer\u00eancia MB, paypal ou MB WAY, selecionando uma destas op\u00e7\u00f5es quando da inscri\u00e7\u00e3o na plataforma das inscri\u00e7\u00f5es OriOasis.<\/p>\n<p>O pagamento no Secretariado no dia do evento deve ser evitado.<\/p>\n<p><strong>Dados para pagamento:<\/strong><\/p>\n<p>Banco: Caixa Geral de Dep\u00f3sitos<\/p>\n<p>Ag\u00eancia: Leiria \u2013 Marqu\u00eas de Pombal<\/p>\n<p>IBAN: PT50 0035 0394 00004000030 10<\/p>\n<p>SWIFT CODE BIC: CGDIPTPL<\/p>\n<p>Nome do Destinat\u00e1rio:<\/p>\n<p>COC \u2013 Clube de Orienta\u00e7\u00e3o do Centro<\/p>\n<p><strong>Processo de pagamento:<\/strong><\/p>\n<p>Para Inscri\u00e7\u00f5es Express do OriOasis, por favor coloque o Express Code no descritivo do pagamento.<\/p>\n<p>Para pagamentos totais de clubes, indique sempre o nome clube no descritivo.<\/p>\n<p>Para pagamentos parciais de clubes, indique nos coment\u00e1rios o clube e a lista de atletas a que se refere o pagamento, ou envie um email (info@coc.pt) \u00e0 organiza\u00e7\u00e3o com a lista de atletas e o comprovativo da transfer\u00eancia.<\/p>\n<p>Notas: Para todas as inscri\u00e7\u00f5es pagas por transfer\u00eancia banc\u00e1ria, \u00e9 necess\u00e1rio enviar comprovativo da opera\u00e7\u00e3o para o email: <strong>info@coc.pt<\/strong><\/p>\n<p>Todas as despesas inerentes \u00e0s transfer\u00eancias banc\u00e1rias devem ser suportadas pelo ordenante. Se alguma despesa referente \u00e0s transfer\u00eancias banc\u00e1rias for indevidamente cobrada \u00e0 Organiza\u00e7\u00e3o, as mesmas ser\u00e3o pagas posteriormente pelos clubes ou atletas.<\/p>\n","protected":false},"excerpt":{"rendered":"<p>Prazos de Inscri\u00e7\u00e3o 07 de novembro (sexta-feira at\u00e9 \u00e0s 23h59) Data-limite para inscri\u00e7\u00f5es em Escal\u00f5es de Competi\u00e7\u00e3o, Forma\u00e7\u00e3o e Abertos. Nota: As inscri\u00e7\u00f5es em Escal\u00f5es Abertos podem ser feitas at\u00e9 para al\u00e9m da data de 07 de novembro e at\u00e9 \u00e0 data da prova, mas ficando sempre dependentes da disponibilidade de mapas. Assim e para &hellip; <a href=\"https:\/\/eventos.coc.pt\/26gpra4\/inscricoes\/\" class=\"more-link\">Continuar a ler <span class=\"screen-reader-text\">Inscri\u00e7\u00f5es<\/span><\/a><\/p>\n","protected":false},"author":1,"featured_media":0,"parent":0,"menu_order":10,"comment_status":"closed","ping_status":"closed","template":"","meta":{"footnotes":""},"class_list":["post-17","page","type-page","status-publish","hentry"],"_links":{"self":[{"href":"https:\/\/eventos.coc.pt\/26gpra4\/wp-json\/wp\/v2\/pages\/17","targetHints":{"allow":["GET"]}}],"collection":[{"href":"https:\/\/eventos.coc.pt\/26gpra4\/wp-json\/wp\/v2\/pages"}],"about":[{"href":"https:\/\/eventos.coc.pt\/26gpra4\/wp-json\/wp\/v2\/types\/page"}],"author":[{"embeddable":true,"href":"https:\/\/eventos.coc.pt\/26gpra4\/wp-json\/wp\/v2\/users\/1"}],"replies":[{"embeddable":true,"href":"https:\/\/eventos.coc.pt\/26gpra4\/wp-json\/wp\/v2\/comments?post=17"}],"version-history":[{"count":48,"href":"https:\/\/eventos.coc.pt\/26gpra4\/wp-json\/wp\/v2\/pages\/17\/revisions"}],"predecessor-version":[{"id":1298,"href":"https:\/\/eventos.coc.pt\/26gpra4\/wp-json\/wp\/v2\/pages\/17\/revisions\/1298"}],"wp:attachment":[{"href":"https:\/\/eventos.coc.pt\/26gpra4\/wp-json\/wp\/v2\/media?parent=17"}],"curies":[{"name":"wp","href":"https:\/\/api.w.org\/{rel}","templated":true}]}}