{"id":19,"date":"2016-09-02T15:32:36","date_gmt":"2016-09-02T15:32:36","guid":{"rendered":"http:\/\/eventos.coc.pt\/piom2018\/?page_id=19"},"modified":"2025-10-28T18:55:40","modified_gmt":"2025-10-28T18:55:40","slug":"localizacao","status":"publish","type":"page","link":"https:\/\/eventos.coc.pt\/26gpra4\/localizacao\/","title":{"rendered":"Localiza\u00e7\u00e3o"},"content":{"rendered":"<p><strong>Arena<\/strong><\/p>\n<p>A Arena da prova ser\u00e1 na floresta, a cerca de 150 mts a noroeste do campo de futebol Joaquim Sousa Vinagre, situado nas traseiras da Igreja da Burinhosa (Freguesia de Pataias)<\/p>\n<p>Todos os locais do evento, como<strong> secretariado, inform\u00e1tica, instala\u00e7\u00f5es sanit\u00e1rias, partidas, chegadas e entrega de pr\u00e9mios, <\/strong>funcionar\u00e3o na Arena ou nas suas imedia\u00e7\u00f5es.<\/p>\n<p><img loading=\"lazy\" decoding=\"async\" class=\"aligncenter wp-image-1357 size-full\" src=\"http:\/\/eventos.coc.pt\/26gpra4\/wp-content\/uploads\/sites\/31\/2025\/10\/Arena-Partidas.jpeg\" alt=\"\" width=\"1600\" height=\"1131\" srcset=\"https:\/\/eventos.coc.pt\/26gpra4\/wp-content\/uploads\/sites\/31\/2025\/10\/Arena-Partidas.jpeg 1600w, https:\/\/eventos.coc.pt\/26gpra4\/wp-content\/uploads\/sites\/31\/2025\/10\/Arena-Partidas-300x212.jpeg 300w, https:\/\/eventos.coc.pt\/26gpra4\/wp-content\/uploads\/sites\/31\/2025\/10\/Arena-Partidas-1024x724.jpeg 1024w, https:\/\/eventos.coc.pt\/26gpra4\/wp-content\/uploads\/sites\/31\/2025\/10\/Arena-Partidas-768x543.jpeg 768w, https:\/\/eventos.coc.pt\/26gpra4\/wp-content\/uploads\/sites\/31\/2025\/10\/Arena-Partidas-1536x1086.jpeg 1536w\" sizes=\"auto, (max-width: 1600px) 100vw, 1600px\" \/><\/p>\n<p><img loading=\"lazy\" decoding=\"async\" class=\"aligncenter wp-image-1356 size-full\" src=\"http:\/\/eventos.coc.pt\/26gpra4\/wp-content\/uploads\/sites\/31\/2025\/10\/Arena-Chegadas.jpeg\" alt=\"\" width=\"1600\" height=\"1131\" srcset=\"https:\/\/eventos.coc.pt\/26gpra4\/wp-content\/uploads\/sites\/31\/2025\/10\/Arena-Chegadas.jpeg 1600w, https:\/\/eventos.coc.pt\/26gpra4\/wp-content\/uploads\/sites\/31\/2025\/10\/Arena-Chegadas-300x212.jpeg 300w, https:\/\/eventos.coc.pt\/26gpra4\/wp-content\/uploads\/sites\/31\/2025\/10\/Arena-Chegadas-1024x724.jpeg 1024w, https:\/\/eventos.coc.pt\/26gpra4\/wp-content\/uploads\/sites\/31\/2025\/10\/Arena-Chegadas-768x543.jpeg 768w, https:\/\/eventos.coc.pt\/26gpra4\/wp-content\/uploads\/sites\/31\/2025\/10\/Arena-Chegadas-1536x1086.jpeg 1536w\" sizes=\"auto, (max-width: 1600px) 100vw, 1600px\" \/><\/p>\n<p><strong>Estacionamento<\/strong><\/p>\n<p>Coordenadas do estacionamento &#8211; GPS: 39.700138, -8.988127 (a partir deste local o acesso \u00e0 Arena estar\u00e1 sinalizado com fitas e\/ou placas laranja e branca)<\/p>\n<p>Ligeiros e Carrinhas 9 lugares &#8211; Dentro do campo de futebol da Burinhosa<\/p>\n<p>Autocaravanas &#8211; Zona envolvente ao campo de futebol<\/p>\n<p><strong>Banhos <\/strong><\/p>\n<p>N\u00e3o ser\u00e3o disponibilizados banhos<\/p>\n<p><strong>Casas de Banho<\/strong><\/p>\n<p>Nas traseiras da Igreja paroquial da Burinhosa<\/p>\n","protected":false},"excerpt":{"rendered":"<p>Arena A Arena da prova ser\u00e1 na floresta, a cerca de 150 mts a noroeste do campo de futebol Joaquim Sousa Vinagre, situado nas traseiras da Igreja da Burinhosa (Freguesia de Pataias) Todos os locais do evento, como secretariado, inform\u00e1tica, instala\u00e7\u00f5es sanit\u00e1rias, partidas, chegadas e entrega de pr\u00e9mios, funcionar\u00e3o na Arena ou nas suas imedia\u00e7\u00f5es. &hellip; <a href=\"https:\/\/eventos.coc.pt\/26gpra4\/localizacao\/\" class=\"more-link\">Continuar a ler <span class=\"screen-reader-text\">Localiza\u00e7\u00e3o<\/span><\/a><\/p>\n","protected":false},"author":1,"featured_media":0,"parent":0,"menu_order":9,"comment_status":"closed","ping_status":"closed","template":"","meta":{"footnotes":""},"class_list":["post-19","page","type-page","status-publish","hentry"],"_links":{"self":[{"href":"https:\/\/eventos.coc.pt\/26gpra4\/wp-json\/wp\/v2\/pages\/19","targetHints":{"allow":["GET"]}}],"collection":[{"href":"https:\/\/eventos.coc.pt\/26gpra4\/wp-json\/wp\/v2\/pages"}],"about":[{"href":"https:\/\/eventos.coc.pt\/26gpra4\/wp-json\/wp\/v2\/types\/page"}],"author":[{"embeddable":true,"href":"https:\/\/eventos.coc.pt\/26gpra4\/wp-json\/wp\/v2\/users\/1"}],"replies":[{"embeddable":true,"href":"https:\/\/eventos.coc.pt\/26gpra4\/wp-json\/wp\/v2\/comments?post=19"}],"version-history":[{"count":59,"href":"https:\/\/eventos.coc.pt\/26gpra4\/wp-json\/wp\/v2\/pages\/19\/revisions"}],"predecessor-version":[{"id":1359,"href":"https:\/\/eventos.coc.pt\/26gpra4\/wp-json\/wp\/v2\/pages\/19\/revisions\/1359"}],"wp:attachment":[{"href":"https:\/\/eventos.coc.pt\/26gpra4\/wp-json\/wp\/v2\/media?parent=19"}],"curies":[{"name":"wp","href":"https:\/\/api.w.org\/{rel}","templated":true}]}}