{"id":4,"date":"2016-08-29T23:31:01","date_gmt":"2016-08-29T23:31:01","guid":{"rendered":"http:\/\/eventos.coc.pt\/piom2018\/?page_id=4"},"modified":"2025-10-28T18:45:13","modified_gmt":"2025-10-28T18:45:13","slug":"programa","status":"publish","type":"page","link":"https:\/\/eventos.coc.pt\/26gpra4\/programa\/","title":{"rendered":"Programa"},"content":{"rendered":"<p><strong>07 de novembro (sexta-feira at\u00e9 \u00e0s 23h59)<\/strong><\/p>\n<p>Data-limite para inscri\u00e7\u00f5es em Escal\u00f5es de Competi\u00e7\u00e3o, Forma\u00e7\u00e3o e Abertos.<\/p>\n<p>Nota: As inscri\u00e7\u00f5es em Escal\u00f5es Abertos podem ser feitas at\u00e9 para al\u00e9m da data de 07 de novembro e at\u00e9 \u00e0 data da prova, mas ficando sempre dependentes da disponibilidade de mapas. Assim e para garantia de participa\u00e7\u00e3o devem ser efectuadas at\u00e9 ao dia 12 de novembro.<\/p>\n<p><strong>15 de novembro &#8211; S\u00e1bado\u00a0<\/strong><\/p>\n<p>08h30 &#8211; Abertura do Secretariado e Quarentena do tempO (Piscinas Pataias)<\/p>\n<p>09h00 &#8211; Inicio das partidas tempO e fecho da Quarentena<\/p>\n<p>11h00 \u2013 Abertura do Secretariado da prova Pedestre (Burinhosa)<\/p>\n<p>13h00 \u2013 In\u00edcio Partidas &#8211; Distancia Longa Mass Start (Mapa Burinhosa)<\/p>\n<p>13h10 \u2013 Partida dos Escal\u00f5es Abertos e forma\u00e7\u00e3o (T10 e H\/D12)<\/p>\n<p>16h15 \u2013 Cerim\u00f3nia de <strong>entrega de pr\u00e9mios <\/strong>do TempO e da Pedestre, seguida de <strong>lanche volante <\/strong><\/p>\n","protected":false},"excerpt":{"rendered":"<p>07 de novembro (sexta-feira at\u00e9 \u00e0s 23h59) Data-limite para inscri\u00e7\u00f5es em Escal\u00f5es de Competi\u00e7\u00e3o, Forma\u00e7\u00e3o e Abertos. Nota: As inscri\u00e7\u00f5es em Escal\u00f5es Abertos podem ser feitas at\u00e9 para al\u00e9m da data de 07 de novembro e at\u00e9 \u00e0 data da prova, mas ficando sempre dependentes da disponibilidade de mapas. Assim e para garantia de participa\u00e7\u00e3o &hellip; <a href=\"https:\/\/eventos.coc.pt\/26gpra4\/programa\/\" class=\"more-link\">Continuar a ler <span class=\"screen-reader-text\">Programa<\/span><\/a><\/p>\n","protected":false},"author":1,"featured_media":0,"parent":0,"menu_order":14,"comment_status":"closed","ping_status":"closed","template":"","meta":{"footnotes":""},"class_list":["post-4","page","type-page","status-publish","hentry"],"_links":{"self":[{"href":"https:\/\/eventos.coc.pt\/26gpra4\/wp-json\/wp\/v2\/pages\/4","targetHints":{"allow":["GET"]}}],"collection":[{"href":"https:\/\/eventos.coc.pt\/26gpra4\/wp-json\/wp\/v2\/pages"}],"about":[{"href":"https:\/\/eventos.coc.pt\/26gpra4\/wp-json\/wp\/v2\/types\/page"}],"author":[{"embeddable":true,"href":"https:\/\/eventos.coc.pt\/26gpra4\/wp-json\/wp\/v2\/users\/1"}],"replies":[{"embeddable":true,"href":"https:\/\/eventos.coc.pt\/26gpra4\/wp-json\/wp\/v2\/comments?post=4"}],"version-history":[{"count":83,"href":"https:\/\/eventos.coc.pt\/26gpra4\/wp-json\/wp\/v2\/pages\/4\/revisions"}],"predecessor-version":[{"id":1347,"href":"https:\/\/eventos.coc.pt\/26gpra4\/wp-json\/wp\/v2\/pages\/4\/revisions\/1347"}],"wp:attachment":[{"href":"https:\/\/eventos.coc.pt\/26gpra4\/wp-json\/wp\/v2\/media?parent=4"}],"curies":[{"name":"wp","href":"https:\/\/api.w.org\/{rel}","templated":true}]}}