{"id":11,"date":"2016-09-02T15:31:27","date_gmt":"2016-09-02T15:31:27","guid":{"rendered":"http:\/\/eventos.coc.pt\/piom2018\/?page_id=11"},"modified":"2026-01-02T16:29:50","modified_gmt":"2026-01-02T16:29:50","slug":"informacoes-gerais","status":"publish","type":"page","link":"https:\/\/eventos.coc.pt\/27gpra4\/informacoes-gerais\/","title":{"rendered":"Informa\u00e7\u00f5es Gerais"},"content":{"rendered":"<p><strong>Horas de partida<\/strong><\/p>\n<p>Em escal\u00f5es de competi\u00e7\u00e3o, n\u00e3o haver\u00e1 altera\u00e7\u00f5es na hora de partida no dia da prova.<\/p>\n<p>Os Escal\u00f5es Abertos, T10 e H\/D12 ter\u00e3o uma hora de partida atribu\u00edda para dispers\u00e3o na janela de tempos de partida, contudo iniciar\u00e3o sempre os seus percursos utilizando uma esta\u00e7\u00e3o \u201cSTART\u201d.<\/p>\n<p><strong>Tempo limite de prova<\/strong><\/p>\n<p>Dist\u00e2ncia M\u00e9dia \u2013 2 horas || Sprint \u2013 50 minutos || Dist\u00e2ncia Longa \u2013 3 horas<\/p>\n<p><strong>Recolha de mapas<\/strong><\/p>\n<p>N\u00e3o haver\u00e1 recolha de mapas no final dos percursos. Apela-se ao Fair-Play de todos os participantes para que, uma vez conclu\u00eddas as sua provas, reservem para si a visualiza\u00e7\u00e3o do mapa.<\/p>\n<p><strong>Pr\u00e9mios<\/strong><\/p>\n<p>A classifica\u00e7\u00e3o individual e coletiva, ser\u00e1 apurada pelo somat\u00f3rio dos pontos das 3 etapas que constituem o 27\u00ba GPRA4.<\/p>\n<p>Aos 3 primeiros classificados de cada escal\u00e3o de competi\u00e7\u00e3o e escal\u00f5es abertos, exceto Elites onde ser\u00e3o premiados os 5 primeiros classificados.<\/p>\n<p>Aos 3 primeiros dos escal\u00f5es Militares Masculino e Militares Feminino que se inscrevam e participem no escal\u00e3o de H\/D 21A. Quando da sua inscri\u00e7\u00e3o no OriOasis, ter\u00e3o de registar em observa\u00e7\u00f5es, a sua condi\u00e7\u00e3o de militares.<\/p>\n<p>Aos escal\u00f5es de forma\u00e7\u00e3o (T10 e H\/D12) ser\u00e3o atribu\u00eddas lembran\u00e7as de participa\u00e7\u00e3o a todos os presentes, n\u00e3o havendo pr\u00e9mios de classifica\u00e7\u00e3o.<\/p>\n<p><strong>Sinaliza\u00e7\u00e3o<\/strong><\/p>\n<p>A organiza\u00e7\u00e3o indicar\u00e1 as coordenadas GPS dos locais importantes do evento, para uma correcta chegada dos participantes aos estacionamentos.<\/p>\n<p>Pontualmente estar\u00e3o devidamente assinalados pela Organiza\u00e7\u00e3o com setas laranja e brancas as direc\u00e7\u00f5es de aproxima\u00e7\u00e3o aos Estacionamentos ou dos Estacionamentos para os locais onde os participantes se tenham de deslocar a p\u00e9.<\/p>\n<p><strong>\u00a0<\/strong><strong>Peitorais<\/strong><\/p>\n<p>Todos os atletas federados devem estar identificados com o seu n\u00famero de peitoral, os atletas n\u00e3o federados, que se inscrevam e participem em escal\u00f5es de competi\u00e7\u00e3o, ter\u00e3o que junto do secretariado levantar o peitoral que lhes ser\u00e1 atribu\u00eddo.<\/p>\n<p><strong>Regulamento e Regras<\/strong><\/p>\n<p>A competi\u00e7\u00e3o rege-se pelo Regulamento de Competi\u00e7\u00f5es da FPO vigente, que pode ser consultado\u00a0<a href=\"https:\/\/www.fpo.pt\/index.php\/competicoes\/competicoes\"><strong>AQUI<\/strong><\/a>.<\/p>\n<p>Em casos omissos ser\u00e1 aplicado o regulamento da IOF.<\/p>\n<p><strong>Seguros<\/strong><\/p>\n<p>Os participantes estar\u00e3o cobertos pelo seguro contratado pela FPO nas ap\u00f3lices para atletas federados e n\u00e3o federados.<\/p>\n<p>Ao pre\u00e7o das inscri\u00e7\u00f5es, acresce o valor do seguro nos atletas n\u00e3o federados, tendo obrigatoriamente que, quando da inscri\u00e7\u00e3o, indicar o respectivo n\u00famero de identifica\u00e7\u00e3o fiscal.<\/p>\n<p><strong>Solo Duro e Banhos <\/strong><\/p>\n<p>A divulgar oportunamente<\/p>\n<p><strong>Altera\u00e7\u00f5es de SI Card<\/strong><\/p>\n<p><strong>\u00a0<\/strong>Quaisquer altera\u00e7\u00f5es aos dados das inscri\u00e7\u00f5es t\u00eam obrigatoriamente de ser solicitadas no secretariado, as quais est\u00e3o sujeitas \u00e0 taxa em vigor conforme regulamento da FPO (2,00\u20ac por altera\u00e7\u00e3o).<\/p>\n<p><strong>Servi\u00e7o de Catering | Bar e Alimenta\u00e7\u00e3o<\/strong><\/p>\n<p><strong>Osso da Baleia<\/strong><\/p>\n<p>A divulgar oportunamente<\/p>\n<p><strong>Pombal<\/strong><\/p>\n<p>Existem em Pombal diversos caf\u00e9s e restaurante aos quais os participantes podem recorrer e por essa raz\u00e3o na etapa de Sprint n\u00e3o haver\u00e1 servi\u00e7o de catering disponibilizado pela organiza\u00e7\u00e3o<strong>.<\/strong><\/p>\n","protected":false},"excerpt":{"rendered":"<p>Horas de partida Em escal\u00f5es de competi\u00e7\u00e3o, n\u00e3o haver\u00e1 altera\u00e7\u00f5es na hora de partida no dia da prova. Os Escal\u00f5es Abertos, T10 e H\/D12 ter\u00e3o uma hora de partida atribu\u00edda para dispers\u00e3o na janela de tempos de partida, contudo iniciar\u00e3o sempre os seus percursos utilizando uma esta\u00e7\u00e3o \u201cSTART\u201d. Tempo limite de prova Dist\u00e2ncia M\u00e9dia \u2013 &hellip; <a href=\"https:\/\/eventos.coc.pt\/27gpra4\/informacoes-gerais\/\" class=\"more-link\">Continuar a ler <span class=\"screen-reader-text\">Informa\u00e7\u00f5es Gerais<\/span><\/a><\/p>\n","protected":false},"author":1,"featured_media":0,"parent":0,"menu_order":13,"comment_status":"closed","ping_status":"closed","template":"","meta":{"footnotes":""},"class_list":["post-11","page","type-page","status-publish","hentry"],"_links":{"self":[{"href":"https:\/\/eventos.coc.pt\/27gpra4\/wp-json\/wp\/v2\/pages\/11","targetHints":{"allow":["GET"]}}],"collection":[{"href":"https:\/\/eventos.coc.pt\/27gpra4\/wp-json\/wp\/v2\/pages"}],"about":[{"href":"https:\/\/eventos.coc.pt\/27gpra4\/wp-json\/wp\/v2\/types\/page"}],"author":[{"embeddable":true,"href":"https:\/\/eventos.coc.pt\/27gpra4\/wp-json\/wp\/v2\/users\/1"}],"replies":[{"embeddable":true,"href":"https:\/\/eventos.coc.pt\/27gpra4\/wp-json\/wp\/v2\/comments?post=11"}],"version-history":[{"count":77,"href":"https:\/\/eventos.coc.pt\/27gpra4\/wp-json\/wp\/v2\/pages\/11\/revisions"}],"predecessor-version":[{"id":1430,"href":"https:\/\/eventos.coc.pt\/27gpra4\/wp-json\/wp\/v2\/pages\/11\/revisions\/1430"}],"wp:attachment":[{"href":"https:\/\/eventos.coc.pt\/27gpra4\/wp-json\/wp\/v2\/media?parent=11"}],"curies":[{"name":"wp","href":"https:\/\/api.w.org\/{rel}","templated":true}]}}