{"id":13,"date":"2016-09-02T15:31:49","date_gmt":"2016-09-02T15:31:49","guid":{"rendered":"http:\/\/eventos.coc.pt\/piom2018\/?page_id=13"},"modified":"2026-01-25T19:05:23","modified_gmt":"2026-01-25T19:05:23","slug":"informacoes-tecnicas","status":"publish","type":"page","link":"https:\/\/eventos.coc.pt\/27gpra4\/informacoes-tecnicas\/","title":{"rendered":"Informa\u00e7\u00f5es T\u00e9cnicas"},"content":{"rendered":"<p><strong>Osso da Baleia (floresta)<\/strong><\/p>\n<p><strong>Mapa do Osso da Baleia<\/strong> \u2013 Mapa elaborado pelo cart\u00f3grafo Rui Antunes em 2012, revisto, atualizado e ampliado em janeiro\/fevereiro de 2026, pelo cart\u00f3grafo Alexandre Reis.<\/p>\n<p>Equidist\u00e2ncia \u2013 5 m<\/p>\n<p>Escala: 1\/7500\u00a0 \u00a01\/10 000\u00a0 \u00a01\/15 000<\/p>\n<p>Em ambas as provas de floresta (dia 16 e 17) ser\u00e1 utilizado o mesmo mapa com uma \u00fanica arena.<\/p>\n<p>Terreno que alterna \u00e1reas de micro relevo, com \u00e1reas de relevo m\u00e9dio, menos detalhado e mais regular. A maioria dos caminhos e corta-fogos t\u00eam configura\u00e7\u00e3o sim\u00e9trica.<\/p>\n<p>Floresta de pinheiro, com pouca vegeta\u00e7\u00e3o rasteira, de f\u00e1cil corrida, no geral com m\u00e9dia\/boa visibilidade, aqui e ali quebrada por consider\u00e1vel densidade de Ac\u00e1cias (<i>Acacia penninervis)\u00a0<\/i>e ou Samoucos (Myrica Faya).<\/p>\n<p>Quando os mesmos s\u00e3o passiveis de apresenta\u00e7\u00e3o individual de forma percept\u00edvel estes s\u00e3o cartografados com o s\u00edmbolo <strong><u>418.<\/u><\/strong><\/p>\n<p><img loading=\"lazy\" decoding=\"async\" class=\"alignnone wp-image-1485 size-large\" src=\"https:\/\/eventos.coc.pt\/27gpra4\/wp-content\/uploads\/sites\/36\/2026\/01\/WhatsApp-Image-2026-01-25-at-18.24.51-1024x599.jpeg\" alt=\"\" width=\"660\" height=\"386\" srcset=\"https:\/\/eventos.coc.pt\/27gpra4\/wp-content\/uploads\/sites\/36\/2026\/01\/WhatsApp-Image-2026-01-25-at-18.24.51-1024x599.jpeg 1024w, https:\/\/eventos.coc.pt\/27gpra4\/wp-content\/uploads\/sites\/36\/2026\/01\/WhatsApp-Image-2026-01-25-at-18.24.51-300x176.jpeg 300w, https:\/\/eventos.coc.pt\/27gpra4\/wp-content\/uploads\/sites\/36\/2026\/01\/WhatsApp-Image-2026-01-25-at-18.24.51-768x449.jpeg 768w, https:\/\/eventos.coc.pt\/27gpra4\/wp-content\/uploads\/sites\/36\/2026\/01\/WhatsApp-Image-2026-01-25-at-18.24.51-1536x899.jpeg 1536w, https:\/\/eventos.coc.pt\/27gpra4\/wp-content\/uploads\/sites\/36\/2026\/01\/WhatsApp-Image-2026-01-25-at-18.24.51.jpeg 1600w\" sizes=\"auto, (max-width: 660px) 100vw, 660px\" \/><\/p>\n<p>Quando estes arbustos se apresentam juntos e com dimens\u00e3o, est\u00e3o representados como manchas usando-se os s\u00edmbolos <strong>408<\/strong> ou <strong>410<\/strong>, conforme seja a sua densidade e possibilidade de atravessamento.<\/p>\n<p><img loading=\"lazy\" decoding=\"async\" class=\"alignnone wp-image-1487 size-large\" src=\"https:\/\/eventos.coc.pt\/27gpra4\/wp-content\/uploads\/sites\/36\/2026\/01\/WhatsApp-Image-2026-01-25-at-18.24.59-1024x693.jpeg\" alt=\"\" width=\"660\" height=\"447\" srcset=\"https:\/\/eventos.coc.pt\/27gpra4\/wp-content\/uploads\/sites\/36\/2026\/01\/WhatsApp-Image-2026-01-25-at-18.24.59-1024x693.jpeg 1024w, https:\/\/eventos.coc.pt\/27gpra4\/wp-content\/uploads\/sites\/36\/2026\/01\/WhatsApp-Image-2026-01-25-at-18.24.59-300x203.jpeg 300w, https:\/\/eventos.coc.pt\/27gpra4\/wp-content\/uploads\/sites\/36\/2026\/01\/WhatsApp-Image-2026-01-25-at-18.24.59-768x520.jpeg 768w, https:\/\/eventos.coc.pt\/27gpra4\/wp-content\/uploads\/sites\/36\/2026\/01\/WhatsApp-Image-2026-01-25-at-18.24.59-1536x1040.jpeg 1536w, https:\/\/eventos.coc.pt\/27gpra4\/wp-content\/uploads\/sites\/36\/2026\/01\/WhatsApp-Image-2026-01-25-at-18.24.59.jpeg 1600w\" sizes=\"auto, (max-width: 660px) 100vw, 660px\" \/><\/p>\n<p>Contudo h\u00e1 algumas \u00e1reas onde a sua prolifera\u00e7\u00e3o \u00e9 grande, n\u00e3o sendo poss\u00edvel a sua representa\u00e7\u00e3o cartogr\u00e1fica individual, pelo que, seguindo o crit\u00e9rio da utiliza\u00e7\u00e3o dos s\u00edmbolos <strong>402.001<\/strong> e<strong> 404.001<\/strong> (arbustos dispersos em \u00e1rea aberta), foi criado um s\u00edmbolo similar para representar as \u00e1reas de arbustos dispersos, mas em \u00e1rea de bosque limpo (s\u00edmbolo 405).<\/p>\n<p><img loading=\"lazy\" decoding=\"async\" class=\"alignnone wp-image-1490 size-large\" src=\"https:\/\/eventos.coc.pt\/27gpra4\/wp-content\/uploads\/sites\/36\/2026\/01\/WhatsApp-Image-2026-01-25-at-18.24.37-1024x422.jpeg\" alt=\"\" width=\"660\" height=\"272\" srcset=\"https:\/\/eventos.coc.pt\/27gpra4\/wp-content\/uploads\/sites\/36\/2026\/01\/WhatsApp-Image-2026-01-25-at-18.24.37-1024x422.jpeg 1024w, https:\/\/eventos.coc.pt\/27gpra4\/wp-content\/uploads\/sites\/36\/2026\/01\/WhatsApp-Image-2026-01-25-at-18.24.37-300x124.jpeg 300w, https:\/\/eventos.coc.pt\/27gpra4\/wp-content\/uploads\/sites\/36\/2026\/01\/WhatsApp-Image-2026-01-25-at-18.24.37-768x316.jpeg 768w, https:\/\/eventos.coc.pt\/27gpra4\/wp-content\/uploads\/sites\/36\/2026\/01\/WhatsApp-Image-2026-01-25-at-18.24.37-1536x633.jpeg 1536w, https:\/\/eventos.coc.pt\/27gpra4\/wp-content\/uploads\/sites\/36\/2026\/01\/WhatsApp-Image-2026-01-25-at-18.24.37.jpeg 1600w\" sizes=\"auto, (max-width: 660px) 100vw, 660px\" \/><\/p>\n<p>&nbsp;<\/p>\n<p><strong>Imagens do terreno<\/strong><\/p>\n<p><img loading=\"lazy\" decoding=\"async\" class=\"alignnone wp-image-1437 size-large\" src=\"https:\/\/eventos.coc.pt\/27gpra4\/wp-content\/uploads\/sites\/36\/2026\/01\/WhatsApp-Image-2026-01-02-at-16.41.05-1024x768.jpeg\" alt=\"\" width=\"660\" height=\"495\" srcset=\"https:\/\/eventos.coc.pt\/27gpra4\/wp-content\/uploads\/sites\/36\/2026\/01\/WhatsApp-Image-2026-01-02-at-16.41.05-1024x768.jpeg 1024w, https:\/\/eventos.coc.pt\/27gpra4\/wp-content\/uploads\/sites\/36\/2026\/01\/WhatsApp-Image-2026-01-02-at-16.41.05-300x225.jpeg 300w, https:\/\/eventos.coc.pt\/27gpra4\/wp-content\/uploads\/sites\/36\/2026\/01\/WhatsApp-Image-2026-01-02-at-16.41.05-768x576.jpeg 768w, https:\/\/eventos.coc.pt\/27gpra4\/wp-content\/uploads\/sites\/36\/2026\/01\/WhatsApp-Image-2026-01-02-at-16.41.05-1536x1152.jpeg 1536w, https:\/\/eventos.coc.pt\/27gpra4\/wp-content\/uploads\/sites\/36\/2026\/01\/WhatsApp-Image-2026-01-02-at-16.41.05.jpeg 1600w\" sizes=\"auto, (max-width: 660px) 100vw, 660px\" \/>\u00a0 \u00a0 \u00a0 \u00a0 \u00a0 <img loading=\"lazy\" decoding=\"async\" class=\"alignnone wp-image-1436 size-large\" src=\"https:\/\/eventos.coc.pt\/27gpra4\/wp-content\/uploads\/sites\/36\/2026\/01\/WhatsApp-Image-2026-01-02-at-16.42.33-1024x768.jpeg\" alt=\"\" width=\"660\" height=\"495\" srcset=\"https:\/\/eventos.coc.pt\/27gpra4\/wp-content\/uploads\/sites\/36\/2026\/01\/WhatsApp-Image-2026-01-02-at-16.42.33-1024x768.jpeg 1024w, https:\/\/eventos.coc.pt\/27gpra4\/wp-content\/uploads\/sites\/36\/2026\/01\/WhatsApp-Image-2026-01-02-at-16.42.33-300x225.jpeg 300w, https:\/\/eventos.coc.pt\/27gpra4\/wp-content\/uploads\/sites\/36\/2026\/01\/WhatsApp-Image-2026-01-02-at-16.42.33-768x576.jpeg 768w, https:\/\/eventos.coc.pt\/27gpra4\/wp-content\/uploads\/sites\/36\/2026\/01\/WhatsApp-Image-2026-01-02-at-16.42.33-1536x1152.jpeg 1536w, https:\/\/eventos.coc.pt\/27gpra4\/wp-content\/uploads\/sites\/36\/2026\/01\/WhatsApp-Image-2026-01-02-at-16.42.33.jpeg 1600w\" sizes=\"auto, (max-width: 660px) 100vw, 660px\" \/><\/p>\n<p><img loading=\"lazy\" decoding=\"async\" class=\"alignnone wp-image-1434 size-large\" src=\"https:\/\/eventos.coc.pt\/27gpra4\/wp-content\/uploads\/sites\/36\/2026\/01\/WhatsApp-Image-2026-01-02-at-16.40.18-1024x768.jpeg\" alt=\"\" width=\"660\" height=\"495\" srcset=\"https:\/\/eventos.coc.pt\/27gpra4\/wp-content\/uploads\/sites\/36\/2026\/01\/WhatsApp-Image-2026-01-02-at-16.40.18-1024x768.jpeg 1024w, https:\/\/eventos.coc.pt\/27gpra4\/wp-content\/uploads\/sites\/36\/2026\/01\/WhatsApp-Image-2026-01-02-at-16.40.18-300x225.jpeg 300w, https:\/\/eventos.coc.pt\/27gpra4\/wp-content\/uploads\/sites\/36\/2026\/01\/WhatsApp-Image-2026-01-02-at-16.40.18-768x576.jpeg 768w, https:\/\/eventos.coc.pt\/27gpra4\/wp-content\/uploads\/sites\/36\/2026\/01\/WhatsApp-Image-2026-01-02-at-16.40.18-1536x1152.jpeg 1536w, https:\/\/eventos.coc.pt\/27gpra4\/wp-content\/uploads\/sites\/36\/2026\/01\/WhatsApp-Image-2026-01-02-at-16.40.18.jpeg 1600w\" sizes=\"auto, (max-width: 660px) 100vw, 660px\" \/>\u00a0 \u00a0 \u00a0 \u00a0 \u00a0\u00a0 <img loading=\"lazy\" decoding=\"async\" class=\"alignnone wp-image-1433 size-large\" src=\"https:\/\/eventos.coc.pt\/27gpra4\/wp-content\/uploads\/sites\/36\/2026\/01\/WhatsApp-Image-2026-01-02-at-16.41.13-1024x768.jpeg\" alt=\"\" width=\"660\" height=\"495\" srcset=\"https:\/\/eventos.coc.pt\/27gpra4\/wp-content\/uploads\/sites\/36\/2026\/01\/WhatsApp-Image-2026-01-02-at-16.41.13-1024x768.jpeg 1024w, https:\/\/eventos.coc.pt\/27gpra4\/wp-content\/uploads\/sites\/36\/2026\/01\/WhatsApp-Image-2026-01-02-at-16.41.13-300x225.jpeg 300w, https:\/\/eventos.coc.pt\/27gpra4\/wp-content\/uploads\/sites\/36\/2026\/01\/WhatsApp-Image-2026-01-02-at-16.41.13-768x576.jpeg 768w, https:\/\/eventos.coc.pt\/27gpra4\/wp-content\/uploads\/sites\/36\/2026\/01\/WhatsApp-Image-2026-01-02-at-16.41.13-1536x1152.jpeg 1536w, https:\/\/eventos.coc.pt\/27gpra4\/wp-content\/uploads\/sites\/36\/2026\/01\/WhatsApp-Image-2026-01-02-at-16.41.13.jpeg 1600w\" sizes=\"auto, (max-width: 660px) 100vw, 660px\" \/><\/p>\n<p>&nbsp;<\/p>\n<p><strong>Mapa antigo elaborado em 2012 <\/strong><\/p>\n<p><strong> <img loading=\"lazy\" decoding=\"async\" class=\"aligncenter wp-image-1431 size-full\" src=\"https:\/\/eventos.coc.pt\/27gpra4\/wp-content\/uploads\/sites\/36\/2026\/01\/Osso-da-Baleia_2013_02_08_Mapa-antigo_site.jpeg\" alt=\"\" width=\"1190\" height=\"1600\" srcset=\"https:\/\/eventos.coc.pt\/27gpra4\/wp-content\/uploads\/sites\/36\/2026\/01\/Osso-da-Baleia_2013_02_08_Mapa-antigo_site.jpeg 1190w, https:\/\/eventos.coc.pt\/27gpra4\/wp-content\/uploads\/sites\/36\/2026\/01\/Osso-da-Baleia_2013_02_08_Mapa-antigo_site-223x300.jpeg 223w, https:\/\/eventos.coc.pt\/27gpra4\/wp-content\/uploads\/sites\/36\/2026\/01\/Osso-da-Baleia_2013_02_08_Mapa-antigo_site-762x1024.jpeg 762w, https:\/\/eventos.coc.pt\/27gpra4\/wp-content\/uploads\/sites\/36\/2026\/01\/Osso-da-Baleia_2013_02_08_Mapa-antigo_site-768x1033.jpeg 768w, https:\/\/eventos.coc.pt\/27gpra4\/wp-content\/uploads\/sites\/36\/2026\/01\/Osso-da-Baleia_2013_02_08_Mapa-antigo_site-1142x1536.jpeg 1142w\" sizes=\"auto, (max-width: 1190px) 100vw, 1190px\" \/><\/strong><\/p>\n<p><strong>\u00a0<\/strong><\/p>\n<p><strong>Pombal (urbano)<\/strong><\/p>\n<p>Para a realiza\u00e7\u00e3o da prova, ser\u00e1 elaborado novo mapa (ISSprOM 2019-2) em fevereiro de 2026, pelo cartografo Alexandre Reis.<\/p>\n<p>Ser\u00e1 cartografada a \u00e1rea urbana da Cidade, abrangendo zona hist\u00f3rica, castelo, alguma \u00e1rea urbana mais recente e espa\u00e7os verdes.<\/p>\n<p>Equidist\u00e2ncia \u2013 2,5 mts<\/p>\n<p>Escala: 1\/4000<\/p>\n<p>Imagens \u00e1rea urbana<\/p>\n<p><img loading=\"lazy\" decoding=\"async\" class=\"aligncenter wp-image-1501 size-large\" src=\"https:\/\/eventos.coc.pt\/27gpra4\/wp-content\/uploads\/sites\/36\/2026\/01\/WhatsApp-Image-2026-01-25-at-18.52.32-1024x576.jpeg\" alt=\"\" width=\"660\" height=\"371\" srcset=\"https:\/\/eventos.coc.pt\/27gpra4\/wp-content\/uploads\/sites\/36\/2026\/01\/WhatsApp-Image-2026-01-25-at-18.52.32-1024x576.jpeg 1024w, https:\/\/eventos.coc.pt\/27gpra4\/wp-content\/uploads\/sites\/36\/2026\/01\/WhatsApp-Image-2026-01-25-at-18.52.32-300x169.jpeg 300w, https:\/\/eventos.coc.pt\/27gpra4\/wp-content\/uploads\/sites\/36\/2026\/01\/WhatsApp-Image-2026-01-25-at-18.52.32-768x432.jpeg 768w, https:\/\/eventos.coc.pt\/27gpra4\/wp-content\/uploads\/sites\/36\/2026\/01\/WhatsApp-Image-2026-01-25-at-18.52.32-1536x864.jpeg 1536w, https:\/\/eventos.coc.pt\/27gpra4\/wp-content\/uploads\/sites\/36\/2026\/01\/WhatsApp-Image-2026-01-25-at-18.52.32.jpeg 1600w\" sizes=\"auto, (max-width: 660px) 100vw, 660px\" \/><\/p>\n<p><img loading=\"lazy\" decoding=\"async\" class=\"aligncenter wp-image-1500 size-large\" src=\"https:\/\/eventos.coc.pt\/27gpra4\/wp-content\/uploads\/sites\/36\/2026\/01\/WhatsApp-Image-2026-01-25-at-18.52.20-1024x682.jpeg\" alt=\"\" width=\"660\" height=\"440\" srcset=\"https:\/\/eventos.coc.pt\/27gpra4\/wp-content\/uploads\/sites\/36\/2026\/01\/WhatsApp-Image-2026-01-25-at-18.52.20-1024x682.jpeg 1024w, https:\/\/eventos.coc.pt\/27gpra4\/wp-content\/uploads\/sites\/36\/2026\/01\/WhatsApp-Image-2026-01-25-at-18.52.20-300x200.jpeg 300w, https:\/\/eventos.coc.pt\/27gpra4\/wp-content\/uploads\/sites\/36\/2026\/01\/WhatsApp-Image-2026-01-25-at-18.52.20-768x512.jpeg 768w, https:\/\/eventos.coc.pt\/27gpra4\/wp-content\/uploads\/sites\/36\/2026\/01\/WhatsApp-Image-2026-01-25-at-18.52.20-1536x1023.jpeg 1536w, https:\/\/eventos.coc.pt\/27gpra4\/wp-content\/uploads\/sites\/36\/2026\/01\/WhatsApp-Image-2026-01-25-at-18.52.20-272x182.jpeg 272w, https:\/\/eventos.coc.pt\/27gpra4\/wp-content\/uploads\/sites\/36\/2026\/01\/WhatsApp-Image-2026-01-25-at-18.52.20.jpeg 1600w\" sizes=\"auto, (max-width: 660px) 100vw, 660px\" \/><\/p>\n<p><img loading=\"lazy\" decoding=\"async\" class=\"aligncenter wp-image-1502 size-large\" src=\"https:\/\/eventos.coc.pt\/27gpra4\/wp-content\/uploads\/sites\/36\/2026\/01\/WhatsApp-Image-2026-01-25-at-18.52.41-1024x407.jpeg\" alt=\"\" width=\"660\" height=\"262\" srcset=\"https:\/\/eventos.coc.pt\/27gpra4\/wp-content\/uploads\/sites\/36\/2026\/01\/WhatsApp-Image-2026-01-25-at-18.52.41-1024x407.jpeg 1024w, https:\/\/eventos.coc.pt\/27gpra4\/wp-content\/uploads\/sites\/36\/2026\/01\/WhatsApp-Image-2026-01-25-at-18.52.41-300x119.jpeg 300w, https:\/\/eventos.coc.pt\/27gpra4\/wp-content\/uploads\/sites\/36\/2026\/01\/WhatsApp-Image-2026-01-25-at-18.52.41-768x305.jpeg 768w, https:\/\/eventos.coc.pt\/27gpra4\/wp-content\/uploads\/sites\/36\/2026\/01\/WhatsApp-Image-2026-01-25-at-18.52.41-1536x611.jpeg 1536w, https:\/\/eventos.coc.pt\/27gpra4\/wp-content\/uploads\/sites\/36\/2026\/01\/WhatsApp-Image-2026-01-25-at-18.52.41.jpeg 1600w\" sizes=\"auto, (max-width: 660px) 100vw, 660px\" \/><\/p>\n<p><img loading=\"lazy\" decoding=\"async\" class=\"aligncenter wp-image-1503 size-large\" src=\"https:\/\/eventos.coc.pt\/27gpra4\/wp-content\/uploads\/sites\/36\/2026\/01\/WhatsApp-Image-2026-01-25-at-18.52.51-1024x576.jpeg\" alt=\"\" width=\"660\" height=\"371\" srcset=\"https:\/\/eventos.coc.pt\/27gpra4\/wp-content\/uploads\/sites\/36\/2026\/01\/WhatsApp-Image-2026-01-25-at-18.52.51-1024x576.jpeg 1024w, https:\/\/eventos.coc.pt\/27gpra4\/wp-content\/uploads\/sites\/36\/2026\/01\/WhatsApp-Image-2026-01-25-at-18.52.51-300x169.jpeg 300w, https:\/\/eventos.coc.pt\/27gpra4\/wp-content\/uploads\/sites\/36\/2026\/01\/WhatsApp-Image-2026-01-25-at-18.52.51-768x432.jpeg 768w, https:\/\/eventos.coc.pt\/27gpra4\/wp-content\/uploads\/sites\/36\/2026\/01\/WhatsApp-Image-2026-01-25-at-18.52.51-1536x864.jpeg 1536w, https:\/\/eventos.coc.pt\/27gpra4\/wp-content\/uploads\/sites\/36\/2026\/01\/WhatsApp-Image-2026-01-25-at-18.52.51.jpeg 1600w\" sizes=\"auto, (max-width: 660px) 100vw, 660px\" \/><\/p>\n<p>&nbsp;<\/p>\n<p><strong>Mapa antigo elaborado em setembro 2001<\/strong><\/p>\n<p>&nbsp;<\/p>\n<p><strong> <img loading=\"lazy\" decoding=\"async\" class=\"aligncenter wp-image-1432 size-full\" src=\"https:\/\/eventos.coc.pt\/27gpra4\/wp-content\/uploads\/sites\/36\/2026\/01\/WhatsApp-Image-2026-01-02-at-16.36.46.jpeg\" alt=\"\" width=\"1319\" height=\"1600\" srcset=\"https:\/\/eventos.coc.pt\/27gpra4\/wp-content\/uploads\/sites\/36\/2026\/01\/WhatsApp-Image-2026-01-02-at-16.36.46.jpeg 1319w, https:\/\/eventos.coc.pt\/27gpra4\/wp-content\/uploads\/sites\/36\/2026\/01\/WhatsApp-Image-2026-01-02-at-16.36.46-247x300.jpeg 247w, https:\/\/eventos.coc.pt\/27gpra4\/wp-content\/uploads\/sites\/36\/2026\/01\/WhatsApp-Image-2026-01-02-at-16.36.46-844x1024.jpeg 844w, https:\/\/eventos.coc.pt\/27gpra4\/wp-content\/uploads\/sites\/36\/2026\/01\/WhatsApp-Image-2026-01-02-at-16.36.46-768x932.jpeg 768w, https:\/\/eventos.coc.pt\/27gpra4\/wp-content\/uploads\/sites\/36\/2026\/01\/WhatsApp-Image-2026-01-02-at-16.36.46-1266x1536.jpeg 1266w\" sizes=\"auto, (max-width: 1319px) 100vw, 1319px\" \/><\/strong><\/p>\n<p><strong>\u00a0<\/strong><\/p>\n<p><strong>Percursos e Escalas da Dist\u00e2ncia M\u00e9dia <\/strong><\/p>\n<p>Tra\u00e7adores de percursos: Carlos Monteiro, Duarte Santo e Andr\u00e9 Roberto<\/p>\n<p>1:7 500 \u2013 T10, H\/D 12, do H\/D65 at\u00e9 ao H\/D 80, Branco e Verde<\/p>\n<p>1:10 000 \u2013 H\/D14 at\u00e9 H\/D60, Amarelo e Vermelho<\/p>\n<p><strong>Percursos e <\/strong><strong>Escalas do Sprint<\/strong><\/p>\n<p>Tra\u00e7adores de percursos: Carlos Monteiro e Duarte Santo<\/p>\n<p>1:4.000 \u2013 Todos os escal\u00f5es abertos, forma\u00e7\u00e3o e competi\u00e7\u00e3o<\/p>\n<p><strong>Percursos e Escalas da Dist\u00e2ncia Longa<\/strong><\/p>\n<p>Tra\u00e7adores de percursos: Carlos Monteiro e Duarte Santo<\/p>\n<p>1:7 500 \u2013 T10, H\/D 12, do H\/D65 at\u00e9 ao H\/D 80, Branco e Verde<\/p>\n<p>1:10 000 \u2013 H\/D14, H\/D16, H\/D21B, do H\/D45 at\u00e9 ao H\/D60, Amarelo e Vermelho<\/p>\n<p>1:15 000 \u2013 H\/D18, H\/D20, H\/D21A, H\/DE, H\/D35 e H\/D40<\/p>\n","protected":false},"excerpt":{"rendered":"<p>Osso da Baleia (floresta) Mapa do Osso da Baleia \u2013 Mapa elaborado pelo cart\u00f3grafo Rui Antunes em 2012, revisto, atualizado e ampliado em janeiro\/fevereiro de 2026, pelo cart\u00f3grafo Alexandre Reis. Equidist\u00e2ncia \u2013 5 m Escala: 1\/7500\u00a0 \u00a01\/10 000\u00a0 \u00a01\/15 000 Em ambas as provas de floresta (dia 16 e 17) ser\u00e1 utilizado o mesmo mapa &hellip; <a href=\"https:\/\/eventos.coc.pt\/27gpra4\/informacoes-tecnicas\/\" class=\"more-link\">Continuar a ler <span class=\"screen-reader-text\">Informa\u00e7\u00f5es T\u00e9cnicas<\/span><\/a><\/p>\n","protected":false},"author":1,"featured_media":0,"parent":0,"menu_order":12,"comment_status":"closed","ping_status":"closed","template":"","meta":{"footnotes":""},"class_list":["post-13","page","type-page","status-publish","hentry"],"_links":{"self":[{"href":"https:\/\/eventos.coc.pt\/27gpra4\/wp-json\/wp\/v2\/pages\/13","targetHints":{"allow":["GET"]}}],"collection":[{"href":"https:\/\/eventos.coc.pt\/27gpra4\/wp-json\/wp\/v2\/pages"}],"about":[{"href":"https:\/\/eventos.coc.pt\/27gpra4\/wp-json\/wp\/v2\/types\/page"}],"author":[{"embeddable":true,"href":"https:\/\/eventos.coc.pt\/27gpra4\/wp-json\/wp\/v2\/users\/1"}],"replies":[{"embeddable":true,"href":"https:\/\/eventos.coc.pt\/27gpra4\/wp-json\/wp\/v2\/comments?post=13"}],"version-history":[{"count":112,"href":"https:\/\/eventos.coc.pt\/27gpra4\/wp-json\/wp\/v2\/pages\/13\/revisions"}],"predecessor-version":[{"id":1512,"href":"https:\/\/eventos.coc.pt\/27gpra4\/wp-json\/wp\/v2\/pages\/13\/revisions\/1512"}],"wp:attachment":[{"href":"https:\/\/eventos.coc.pt\/27gpra4\/wp-json\/wp\/v2\/media?parent=13"}],"curies":[{"name":"wp","href":"https:\/\/api.w.org\/{rel}","templated":true}]}}