{"id":19,"date":"2016-09-02T15:32:36","date_gmt":"2016-09-02T15:32:36","guid":{"rendered":"http:\/\/eventos.coc.pt\/piom2018\/?page_id=19"},"modified":"2026-01-02T17:04:25","modified_gmt":"2026-01-02T17:04:25","slug":"localizacao","status":"publish","type":"page","link":"https:\/\/eventos.coc.pt\/27gpra4\/localizacao\/","title":{"rendered":"Localiza\u00e7\u00e3o"},"content":{"rendered":"<p><span style=\"font-size: 18pt\"><strong>ARENA \u2013 OSSO da BALEIA<\/strong><\/span><\/p>\n<p>Todos os locais do evento, como <strong>secretariado, inform\u00e1tica, instala\u00e7\u00f5es sanit\u00e1rias, chegadas e entrega de pr\u00e9mios<\/strong>, funcionar\u00e3o na Arena ou nas suas imedia\u00e7\u00f5es.<\/p>\n<p>Coordenadas GPS:\u00a0 <span style=\"color: #0000ff\"><a style=\"color: #0000ff\" href=\"https:\/\/share.google\/vDhHpWHEruEOiMjT4\"><strong>40.001820, -8.908800<\/strong><\/a><\/span><\/p>\n<p><span style=\"color: #0000ff\"><a style=\"color: #0000ff\" href=\"https:\/\/maps.app.goo.gl\/d35ec8hqJPTrmT5RA\"><strong>https:\/\/maps.app.goo.gl\/d35ec8hqJPTrmT5RA<\/strong><\/a><\/span><\/p>\n<p><strong>Estacionamento<\/strong><\/p>\n<p><strong>Coordenadas GPS: <\/strong><span style=\"color: #0000ff\"><a style=\"color: #0000ff\" href=\"https:\/\/share.google\/lOLi3oqSevKNpfd14\"><strong>40.002653, -8.911474<\/strong><\/a><\/span><\/p>\n<p><span style=\"color: #0000ff\"><a style=\"color: #0000ff\" href=\"https:\/\/maps.app.goo.gl\/6M3ZUnAdt5tv6arYA\"><strong>https:\/\/maps.app.goo.gl\/6M3ZUnAdt5tv6arYA<\/strong><\/a><\/span><\/p>\n<p><strong>Partidas<\/strong><\/p>\n<p>Etapa 1 &#8211; Indica\u00e7\u00f5es a partir da arena<\/p>\n<p>Etapa 3 \u2013 Partidas em massa nas imedia\u00e7\u00f5es da Arena<\/p>\n<p><strong>Casas de Banho<\/strong><\/p>\n<p>Na Arena<\/p>\n<p><strong>Entrega de pr\u00e9mios<\/strong><\/p>\n<p>Na Arena<\/p>\n<p><span style=\"font-size: 18pt\"><strong>ARENA \u2013 POMBAL (sprint)<\/strong><\/span><\/p>\n<p>Jardim do Cardal \u2013 Coordenadas GPS: <span style=\"color: #0000ff\"><a style=\"color: #0000ff\" href=\"https:\/\/share.google\/4Vr6PtqqO2lOgbDJN\"><strong>39.915939, -8.628934<\/strong><\/a><\/span><\/p>\n<p><span style=\"color: #0000ff\"><a style=\"color: #0000ff\" href=\"https:\/\/maps.app.goo.gl\/yAb4VsrxViHmbbJo8\"><strong>https:\/\/maps.app.goo.gl\/yAb4VsrxViHmbbJo8<\/strong><\/a><\/span><\/p>\n<p><strong>Estacionamento<\/strong><\/p>\n<p>Coordenadas GPS:<strong>\u00a0 <\/strong><span style=\"color: #0000ff\"><a style=\"color: #0000ff\" href=\"https:\/\/share.google\/FZeS7O12EvS0MST0m\"><strong>39.915768, -8.630966<\/strong><\/a><\/span><\/p>\n<p><span style=\"color: #0000ff\"><a style=\"color: #0000ff\" href=\"https:\/\/maps.app.goo.gl\/NiyYHsyffoMjq3kW9\"><strong>https:\/\/maps.app.goo.gl\/NiyYHsyffoMjq3kW9<\/strong><\/a><\/span><\/p>\n<p><strong>Partidas<\/strong><\/p>\n<p>Etapa 2 &#8211; Indica\u00e7\u00f5es a partir da arena<\/p>\n<p><strong>SOLO DURO e BANHOS<\/strong><\/p>\n<p>A indicar oportunamente<\/p>\n","protected":false},"excerpt":{"rendered":"<p>ARENA \u2013 OSSO da BALEIA Todos os locais do evento, como secretariado, inform\u00e1tica, instala\u00e7\u00f5es sanit\u00e1rias, chegadas e entrega de pr\u00e9mios, funcionar\u00e3o na Arena ou nas suas imedia\u00e7\u00f5es. Coordenadas GPS:\u00a0 40.001820, -8.908800 https:\/\/maps.app.goo.gl\/d35ec8hqJPTrmT5RA Estacionamento Coordenadas GPS: 40.002653, -8.911474 https:\/\/maps.app.goo.gl\/6M3ZUnAdt5tv6arYA Partidas Etapa 1 &#8211; Indica\u00e7\u00f5es a partir da arena Etapa 3 \u2013 Partidas em massa nas imedia\u00e7\u00f5es &hellip; <a href=\"https:\/\/eventos.coc.pt\/27gpra4\/localizacao\/\" class=\"more-link\">Continuar a ler <span class=\"screen-reader-text\">Localiza\u00e7\u00e3o<\/span><\/a><\/p>\n","protected":false},"author":1,"featured_media":0,"parent":0,"menu_order":9,"comment_status":"closed","ping_status":"closed","template":"","meta":{"footnotes":""},"class_list":["post-19","page","type-page","status-publish","hentry"],"_links":{"self":[{"href":"https:\/\/eventos.coc.pt\/27gpra4\/wp-json\/wp\/v2\/pages\/19","targetHints":{"allow":["GET"]}}],"collection":[{"href":"https:\/\/eventos.coc.pt\/27gpra4\/wp-json\/wp\/v2\/pages"}],"about":[{"href":"https:\/\/eventos.coc.pt\/27gpra4\/wp-json\/wp\/v2\/types\/page"}],"author":[{"embeddable":true,"href":"https:\/\/eventos.coc.pt\/27gpra4\/wp-json\/wp\/v2\/users\/1"}],"replies":[{"embeddable":true,"href":"https:\/\/eventos.coc.pt\/27gpra4\/wp-json\/wp\/v2\/comments?post=19"}],"version-history":[{"count":68,"href":"https:\/\/eventos.coc.pt\/27gpra4\/wp-json\/wp\/v2\/pages\/19\/revisions"}],"predecessor-version":[{"id":1463,"href":"https:\/\/eventos.coc.pt\/27gpra4\/wp-json\/wp\/v2\/pages\/19\/revisions\/1463"}],"wp:attachment":[{"href":"https:\/\/eventos.coc.pt\/27gpra4\/wp-json\/wp\/v2\/media?parent=19"}],"curies":[{"name":"wp","href":"https:\/\/api.w.org\/{rel}","templated":true}]}}