{"id":379,"date":"2020-01-13T22:29:28","date_gmt":"2020-01-13T22:29:28","guid":{"rendered":"http:\/\/eventos.coc.pt\/gpra4testerogaine\/?page_id=379"},"modified":"2026-01-02T16:09:00","modified_gmt":"2026-01-02T16:09:00","slug":"apresentacao","status":"publish","type":"page","link":"https:\/\/eventos.coc.pt\/27gpra4\/","title":{"rendered":"Apresenta\u00e7\u00e3o"},"content":{"rendered":"<p>O 27.\u00ba Grande Pr\u00e9mio do Regimento de Artilharia N\u00ba4 (RA4) \u00e9 um evento de Orienta\u00e7\u00e3o Pedestre, organizado pelo COC- Clube de Orienta\u00e7\u00e3o em parceria com o Regimento de Artilharia N\u00ba 4 (RA4) e sob a tutela da FPO- Federa\u00e7\u00e3o Portuguesa de Orienta\u00e7\u00e3o.<\/p>\n<p>O evento conta com o apoio da C\u00e2mara Municipal de Pombal, Junta de Freguesia do Carri\u00e7o e Associa\u00e7\u00e3o Cultural Recreativa e de Melhoramentos de Silveirinha Grande e Claras e disputar-se-\u00e1 no dia 16 e 17 de maio de 2026.<\/p>\n<p>O evento ser\u00e1 composto por tr\u00eas etapas, sendo duas pontu\u00e1veis para a Ta\u00e7a de Portugal de Orienta\u00e7\u00e3o Pedestre, uma de dist\u00e2ncia m\u00e9dia e outra de dist\u00e2ncia longa, e por uma etapa de sprint pontu\u00e1vel para a Ta\u00e7a de Portugal de Sprint.<\/p>\n<p>A dist\u00e2ncia m\u00e9dia ser\u00e1 com partidas em linha enquanto a dist\u00e2ncia longa manter\u00e1 a tradi\u00e7\u00e3o dos Grandes Pr\u00e9mios do RA4 com a sua habitual partida em Massa.<\/p>\n<p>Nesta prova podem participar pessoas de todas as idades, federados e n\u00e3o federados, tanto nos escal\u00f5es abertos e de competi\u00e7\u00e3o, nestes \u00faltimos n\u00e3o somando pontos de ranking nem pontos para a classifica\u00e7\u00e3o da equipa. Nos escal\u00f5es abertos, a participa\u00e7\u00e3o pode ser individual, em pares ou em grupo, mas que n\u00e3o aconselhamos sejam em n\u00famero superior a 3.<\/p>\n<p>Todas as informa\u00e7\u00f5es sobre estas competi\u00e7\u00f5es (patroc\u00ednios, dist\u00e2ncias, listas de inscritos, tempos de partida, pr\u00e9mios\u2026) ser\u00e3o divulgadas regularmente no site da organiza\u00e7\u00e3o:<\/p>\n<p><a href=\"http:\/\/www.coc.pt\/\"><strong>www.coc.pt<\/strong><\/a><\/p>\n","protected":false},"excerpt":{"rendered":"<p>O 27.\u00ba Grande Pr\u00e9mio do Regimento de Artilharia N\u00ba4 (RA4) \u00e9 um evento de Orienta\u00e7\u00e3o Pedestre, organizado pelo COC- Clube de Orienta\u00e7\u00e3o em parceria com o Regimento de Artilharia N\u00ba 4 (RA4) e sob a tutela da FPO- Federa\u00e7\u00e3o Portuguesa de Orienta\u00e7\u00e3o. O evento conta com o apoio da C\u00e2mara Municipal de Pombal, Junta de &hellip; <a href=\"https:\/\/eventos.coc.pt\/27gpra4\/\" class=\"more-link\">Continuar a ler <span class=\"screen-reader-text\">Apresenta\u00e7\u00e3o<\/span><\/a><\/p>\n","protected":false},"author":1,"featured_media":0,"parent":0,"menu_order":0,"comment_status":"closed","ping_status":"closed","template":"","meta":{"footnotes":""},"class_list":["post-379","page","type-page","status-publish","hentry"],"_links":{"self":[{"href":"https:\/\/eventos.coc.pt\/27gpra4\/wp-json\/wp\/v2\/pages\/379","targetHints":{"allow":["GET"]}}],"collection":[{"href":"https:\/\/eventos.coc.pt\/27gpra4\/wp-json\/wp\/v2\/pages"}],"about":[{"href":"https:\/\/eventos.coc.pt\/27gpra4\/wp-json\/wp\/v2\/types\/page"}],"author":[{"embeddable":true,"href":"https:\/\/eventos.coc.pt\/27gpra4\/wp-json\/wp\/v2\/users\/1"}],"replies":[{"embeddable":true,"href":"https:\/\/eventos.coc.pt\/27gpra4\/wp-json\/wp\/v2\/comments?post=379"}],"version-history":[{"count":47,"href":"https:\/\/eventos.coc.pt\/27gpra4\/wp-json\/wp\/v2\/pages\/379\/revisions"}],"predecessor-version":[{"id":1427,"href":"https:\/\/eventos.coc.pt\/27gpra4\/wp-json\/wp\/v2\/pages\/379\/revisions\/1427"}],"wp:attachment":[{"href":"https:\/\/eventos.coc.pt\/27gpra4\/wp-json\/wp\/v2\/media?parent=379"}],"curies":[{"name":"wp","href":"https:\/\/api.w.org\/{rel}","templated":true}]}}