{"id":4,"date":"2016-08-29T23:31:01","date_gmt":"2016-08-29T23:31:01","guid":{"rendered":"http:\/\/eventos.coc.pt\/piom2018\/?page_id=4"},"modified":"2026-01-02T16:24:17","modified_gmt":"2026-01-02T16:24:17","slug":"programa","status":"publish","type":"page","link":"https:\/\/eventos.coc.pt\/27gpra4\/programa\/","title":{"rendered":"Programa"},"content":{"rendered":"<p><strong>08 de maio (Sexta-feira at\u00e9 23h59) <\/strong><\/p>\n<p><u>Data-limite<\/u> para inscri\u00e7\u00f5es em <u>Escal\u00f5es de Competi\u00e7\u00e3o<\/u><\/p>\n<p><strong>11 de maio (ter\u00e7a-feira<\/strong><strong>) <\/strong><\/p>\n<p><u>Data-limite<\/u> para inscri\u00e7\u00f5es em Escal\u00f5es <u>Forma\u00e7\u00e3o e Abertos<\/u>, com garantia de mapa.<\/p>\n<p>Nota: As inscri\u00e7\u00f5es em Escal\u00f5es de Forma\u00e7\u00e3o Abertos podem ser feitas at\u00e9 para al\u00e9m da data de 11 de maio e at\u00e9 \u00e0 data da prova, mas ficando <strong>sempre dependentes da disponibilidade de mapas<\/strong>. Assim e para garantia de participa\u00e7\u00e3o devem ser efectuadas at\u00e9 ao dia 11 de maio.<\/p>\n<p><strong>16 de maio (S\u00e1bado \u2013 Dia 1) <\/strong><\/p>\n<p>10h00 \u2013 Abertura do Secretariado na Praia do Osso da Baleia<\/p>\n<p>10h45 \u2013 Abertura do Baby Sitting<\/p>\n<p>11h00 \u2013 In\u00edcio Partidas &#8211; Distancia M\u00e9dia (Mapa Osso da Baleia)<\/p>\n<p>11h05 \u2013 Partida dos Escal\u00f5es Abertos e Forma\u00e7\u00e3o (T10 e H\/D12)<\/p>\n<p>14h00 \u2013 Encerramento do Baby Sitting<\/p>\n<p>17h00 \u2013 Abertura do Secretariado em Pombal<\/p>\n<p>17h30 \u2013 Abertura do Baby Sitting<\/p>\n<p>18h00 \u2013 Inicio Partidas \u2013 Sprint (Mapa de Pombal)<\/p>\n<p>18h05 &#8211; Partida dos Escal\u00f5es Abertos e Forma\u00e7\u00e3o (T10 e H\/D12)<\/p>\n<p>19h30 \u2013 Encerramento do Baby Sitting<\/p>\n<p><strong>17 de maio (Domingo \u2013 Dia 2) <\/strong><\/p>\n<p>09h00 \u2013 Abertura do Secretariado<\/p>\n<p>09h30 \u2013 Abertura do Baby Sitting<\/p>\n<p>10h00 \u2013 In\u00edcio Partidas &#8211; Distancia Longa Mass Start (Mapa Osso da Baleia)<\/p>\n<p>10h05 \u2013 Partida dos Escal\u00f5es Abertos e forma\u00e7\u00e3o (T10 e H\/D12)<\/p>\n<p>13h00 \u2013 Fecho do Baby Sitting<\/p>\n<p>13h00 \u2013 Cerim\u00f3nia de Entrega de Pr\u00e9mios<\/p>\n<p>13h15 \u2013 Almo\u00e7o volante oferta do RA4<\/p>\n","protected":false},"excerpt":{"rendered":"<p>08 de maio (Sexta-feira at\u00e9 23h59) Data-limite para inscri\u00e7\u00f5es em Escal\u00f5es de Competi\u00e7\u00e3o 11 de maio (ter\u00e7a-feira) Data-limite para inscri\u00e7\u00f5es em Escal\u00f5es Forma\u00e7\u00e3o e Abertos, com garantia de mapa. Nota: As inscri\u00e7\u00f5es em Escal\u00f5es de Forma\u00e7\u00e3o Abertos podem ser feitas at\u00e9 para al\u00e9m da data de 11 de maio e at\u00e9 \u00e0 data da prova, &hellip; <a href=\"https:\/\/eventos.coc.pt\/27gpra4\/programa\/\" class=\"more-link\">Continuar a ler <span class=\"screen-reader-text\">Programa<\/span><\/a><\/p>\n","protected":false},"author":1,"featured_media":0,"parent":0,"menu_order":14,"comment_status":"closed","ping_status":"closed","template":"","meta":{"footnotes":""},"class_list":["post-4","page","type-page","status-publish","hentry"],"_links":{"self":[{"href":"https:\/\/eventos.coc.pt\/27gpra4\/wp-json\/wp\/v2\/pages\/4","targetHints":{"allow":["GET"]}}],"collection":[{"href":"https:\/\/eventos.coc.pt\/27gpra4\/wp-json\/wp\/v2\/pages"}],"about":[{"href":"https:\/\/eventos.coc.pt\/27gpra4\/wp-json\/wp\/v2\/types\/page"}],"author":[{"embeddable":true,"href":"https:\/\/eventos.coc.pt\/27gpra4\/wp-json\/wp\/v2\/users\/1"}],"replies":[{"embeddable":true,"href":"https:\/\/eventos.coc.pt\/27gpra4\/wp-json\/wp\/v2\/comments?post=4"}],"version-history":[{"count":86,"href":"https:\/\/eventos.coc.pt\/27gpra4\/wp-json\/wp\/v2\/pages\/4\/revisions"}],"predecessor-version":[{"id":1428,"href":"https:\/\/eventos.coc.pt\/27gpra4\/wp-json\/wp\/v2\/pages\/4\/revisions\/1428"}],"wp:attachment":[{"href":"https:\/\/eventos.coc.pt\/27gpra4\/wp-json\/wp\/v2\/media?parent=4"}],"curies":[{"name":"wp","href":"https:\/\/api.w.org\/{rel}","templated":true}]}}