{"id":846,"date":"2022-04-12T17:40:44","date_gmt":"2022-04-12T17:40:44","guid":{"rendered":"http:\/\/eventos.coc.pt\/26gpra4\/?page_id=846"},"modified":"2026-01-02T16:57:54","modified_gmt":"2026-01-02T16:57:54","slug":"partidas-2","status":"publish","type":"page","link":"https:\/\/eventos.coc.pt\/27gpra4\/partidas-2\/","title":{"rendered":"Partidas"},"content":{"rendered":"<p><strong>Etapa 1 (M\u00e9dia no Osso da Baleia)<\/strong><\/p>\n<p>Partidas Hora 0 \u2013 11:00<\/p>\n<p><strong>Etapa 2 (Sprint em Pombal) <\/strong><\/p>\n<p>Partidas Hora 0 (zero) \u2013 18h00<\/p>\n<p><strong>Etapa 3 (Longa no Osso da Baleia &#8211; partida em massa escal\u00f5es de competi\u00e7\u00e3o)<\/strong><\/p>\n<p>Abertura <em>\u201ccaixa\u201d<\/em> de partida \u2013 9:45<\/p>\n<p>Partidas Horas 0 \u2013 10:00<\/p>\n<p>Nas tr\u00eas etapas os escal\u00f5es de forma\u00e7\u00e3o (T10 e H\/D12) e Abertos com partidas individuais, ter\u00e3o uma janela de tempos de partida de 60 minutos e com in\u00edcio 10 minutos depois da hora 0 da competi\u00e7\u00e3o.<\/p>\n","protected":false},"excerpt":{"rendered":"<p>Etapa 1 (M\u00e9dia no Osso da Baleia) Partidas Hora 0 \u2013 11:00 Etapa 2 (Sprint em Pombal) Partidas Hora 0 (zero) \u2013 18h00 Etapa 3 (Longa no Osso da Baleia &#8211; partida em massa escal\u00f5es de competi\u00e7\u00e3o) Abertura \u201ccaixa\u201d de partida \u2013 9:45 Partidas Horas 0 \u2013 10:00 Nas tr\u00eas etapas os escal\u00f5es de forma\u00e7\u00e3o &hellip; <a href=\"https:\/\/eventos.coc.pt\/27gpra4\/partidas-2\/\" class=\"more-link\">Continuar a ler <span class=\"screen-reader-text\">Partidas<\/span><\/a><\/p>\n","protected":false},"author":1,"featured_media":0,"parent":0,"menu_order":0,"comment_status":"closed","ping_status":"closed","template":"","meta":{"footnotes":""},"class_list":["post-846","page","type-page","status-publish","hentry"],"_links":{"self":[{"href":"https:\/\/eventos.coc.pt\/27gpra4\/wp-json\/wp\/v2\/pages\/846","targetHints":{"allow":["GET"]}}],"collection":[{"href":"https:\/\/eventos.coc.pt\/27gpra4\/wp-json\/wp\/v2\/pages"}],"about":[{"href":"https:\/\/eventos.coc.pt\/27gpra4\/wp-json\/wp\/v2\/types\/page"}],"author":[{"embeddable":true,"href":"https:\/\/eventos.coc.pt\/27gpra4\/wp-json\/wp\/v2\/users\/1"}],"replies":[{"embeddable":true,"href":"https:\/\/eventos.coc.pt\/27gpra4\/wp-json\/wp\/v2\/comments?post=846"}],"version-history":[{"count":25,"href":"https:\/\/eventos.coc.pt\/27gpra4\/wp-json\/wp\/v2\/pages\/846\/revisions"}],"predecessor-version":[{"id":1455,"href":"https:\/\/eventos.coc.pt\/27gpra4\/wp-json\/wp\/v2\/pages\/846\/revisions\/1455"}],"wp:attachment":[{"href":"https:\/\/eventos.coc.pt\/27gpra4\/wp-json\/wp\/v2\/media?parent=846"}],"curies":[{"name":"wp","href":"https:\/\/api.w.org\/{rel}","templated":true}]}}