{"id":13,"date":"2016-09-02T15:31:49","date_gmt":"2016-09-02T15:31:49","guid":{"rendered":"http:\/\/eventos.coc.pt\/piom2018\/?page_id=13"},"modified":"2025-04-02T21:45:56","modified_gmt":"2025-04-02T21:45:56","slug":"informacoes-tecnicas","status":"publish","type":"page","link":"https:\/\/eventos.coc.pt\/liom2025\/informacoes-tecnicas\/","title":{"rendered":"Informa\u00e7\u00f5es T\u00e9cnicas"},"content":{"rendered":"<p><strong>M\u00e9dia &amp; Longa (etapas 1 e 2 | dias 25 e 26 abril) \u2013 Vila do Touro (Sabugal)<\/strong><\/p>\n<p><strong><u>Mapa novo de Vila do Touro<\/u><\/strong><strong>, com produ\u00e7\u00e3o em setembro\/outubro de 2024<\/strong><\/p>\n<p><strong>\u00a0<\/strong>Cart\u00f3grafo: Rui Antunes e Alexandre Reis || Escalas 1:7500, 1:10.000 e 1:15.000 || Equidist\u00e2ncia: 5 mts<\/p>\n<p>Terreno com \u00e1reas de progress\u00e3o r\u00e1pida, com detalhes rochosos e afloramentos, a proporcionar bom recorte t\u00e9cnico, alternando com zonas semi abertas e vegeta\u00e7\u00e3o arbustiva a tornar a progress\u00e3o mais lenta obrigando a uma cuidada escolha de itiner\u00e1rios. Salientamos ainda o relevo e a exist\u00eancia de muros de pedra, na sua maioria transpon\u00edveis.<\/p>\n<p>&nbsp;<\/p>\n<figure id=\"attachment_794\" aria-describedby=\"caption-attachment-794\" style=\"width: 660px\" class=\"wp-caption aligncenter\"><img loading=\"lazy\" decoding=\"async\" class=\"wp-image-794 size-large\" src=\"http:\/\/eventos.coc.pt\/liom2025\/wp-content\/uploads\/sites\/30\/2025\/01\/WhatsApp-Image-2025-01-27-at-20.22.47-1024x576.jpeg\" alt=\"\" width=\"660\" height=\"371\" srcset=\"https:\/\/eventos.coc.pt\/liom2025\/wp-content\/uploads\/sites\/30\/2025\/01\/WhatsApp-Image-2025-01-27-at-20.22.47-1024x576.jpeg 1024w, https:\/\/eventos.coc.pt\/liom2025\/wp-content\/uploads\/sites\/30\/2025\/01\/WhatsApp-Image-2025-01-27-at-20.22.47-300x169.jpeg 300w, https:\/\/eventos.coc.pt\/liom2025\/wp-content\/uploads\/sites\/30\/2025\/01\/WhatsApp-Image-2025-01-27-at-20.22.47-768x432.jpeg 768w, https:\/\/eventos.coc.pt\/liom2025\/wp-content\/uploads\/sites\/30\/2025\/01\/WhatsApp-Image-2025-01-27-at-20.22.47-1536x864.jpeg 1536w, https:\/\/eventos.coc.pt\/liom2025\/wp-content\/uploads\/sites\/30\/2025\/01\/WhatsApp-Image-2025-01-27-at-20.22.47-600x338.jpeg 600w, https:\/\/eventos.coc.pt\/liom2025\/wp-content\/uploads\/sites\/30\/2025\/01\/WhatsApp-Image-2025-01-27-at-20.22.47.jpeg 1600w\" sizes=\"auto, (max-width: 660px) 100vw, 660px\" \/><figcaption id=\"caption-attachment-794\" class=\"wp-caption-text\">\u00c1rea de progress\u00e3o r\u00e1pida<\/figcaption><\/figure>\n<p><img loading=\"lazy\" decoding=\"async\" class=\"wp-image-793 size-large\" style=\"font-weight: bold; background-color: transparent; color: #707070; font-family: 'Noto Sans', sans-serif; text-align: inherit;\" src=\"http:\/\/eventos.coc.pt\/liom2025\/wp-content\/uploads\/sites\/30\/2025\/01\/WhatsApp-Image-2025-01-27-at-20.25.47-1024x768.jpeg\" alt=\"\" width=\"660\" height=\"495\" srcset=\"https:\/\/eventos.coc.pt\/liom2025\/wp-content\/uploads\/sites\/30\/2025\/01\/WhatsApp-Image-2025-01-27-at-20.25.47-1024x768.jpeg 1024w, https:\/\/eventos.coc.pt\/liom2025\/wp-content\/uploads\/sites\/30\/2025\/01\/WhatsApp-Image-2025-01-27-at-20.25.47-300x225.jpeg 300w, https:\/\/eventos.coc.pt\/liom2025\/wp-content\/uploads\/sites\/30\/2025\/01\/WhatsApp-Image-2025-01-27-at-20.25.47-768x576.jpeg 768w, https:\/\/eventos.coc.pt\/liom2025\/wp-content\/uploads\/sites\/30\/2025\/01\/WhatsApp-Image-2025-01-27-at-20.25.47-1536x1152.jpeg 1536w, https:\/\/eventos.coc.pt\/liom2025\/wp-content\/uploads\/sites\/30\/2025\/01\/WhatsApp-Image-2025-01-27-at-20.25.47-600x450.jpeg 600w, https:\/\/eventos.coc.pt\/liom2025\/wp-content\/uploads\/sites\/30\/2025\/01\/WhatsApp-Image-2025-01-27-at-20.25.47.jpeg 1600w\" sizes=\"auto, (max-width: 660px) 100vw, 660px\" \/><span style=\"font-size: 14px; background-color: transparent; color: #707070; font-family: 'Noto Sans', sans-serif; text-align: inherit;\">\u00c1rea de progress\u00e3o lenta<\/span><\/p>\n<p>&nbsp;<\/p>\n<p><img loading=\"lazy\" decoding=\"async\" class=\"size-medium wp-image-802 aligncenter\" src=\"http:\/\/eventos.coc.pt\/liom2025\/wp-content\/uploads\/sites\/30\/2025\/01\/df52e3a2-b060-49ef-ac99-560d7959a2b0-300x281.jpg\" alt=\"\" width=\"300\" height=\"281\" srcset=\"https:\/\/eventos.coc.pt\/liom2025\/wp-content\/uploads\/sites\/30\/2025\/01\/df52e3a2-b060-49ef-ac99-560d7959a2b0-300x281.jpg 300w, https:\/\/eventos.coc.pt\/liom2025\/wp-content\/uploads\/sites\/30\/2025\/01\/df52e3a2-b060-49ef-ac99-560d7959a2b0.jpg 541w\" sizes=\"auto, (max-width: 300px) 100vw, 300px\" \/><\/p>\n<p><u>Tra\u00e7ador de percursos:<\/u><\/p>\n<p>M\u00e9dia \u2013 Carlos Monteiro e Duarte Santo<\/p>\n<p>Longa \u2013 Tom\u00e1s Lima<\/p>\n<p><u>Estacionamentos<\/u>:<\/p>\n<p>Autocarros: Adro da Igreja em Vila do Touro (coordenadas em Localiza\u00e7\u00f5es)<\/p>\n<p>Autocaravanas: Parque de autocaravanas e \u00e1rea lim\u00edtrofe, em Vila do Touro (coordenadas em Localiza\u00e7\u00f5es<em>)<\/em><\/p>\n<p>Ligeiros e carrinhas de 9 lugares:<\/p>\n<p>Parque 1 \u2013 Terreno a sul do parque de autocaravanas (coordenadas em Localiza\u00e7\u00f5es)<\/p>\n<p>Parque 2 \u2013 Nos arruamentos de Vila de Touro e \u00e1rea circundante \u00e0 sede da Junta de Freguesia (coordenadas em Localiza\u00e7\u00f5es)<\/p>\n<p><strong>Fotos de terreno Vila do Tour<\/strong>o<\/p>\n<p><img loading=\"lazy\" decoding=\"async\" class=\"alignnone wp-image-740 size-large\" src=\"http:\/\/eventos.coc.pt\/liom2025\/wp-content\/uploads\/sites\/30\/2024\/09\/vila-do-touro1-1024x575.jpeg\" alt=\"\" width=\"660\" height=\"371\" srcset=\"https:\/\/eventos.coc.pt\/liom2025\/wp-content\/uploads\/sites\/30\/2024\/09\/vila-do-touro1-1024x575.jpeg 1024w, https:\/\/eventos.coc.pt\/liom2025\/wp-content\/uploads\/sites\/30\/2024\/09\/vila-do-touro1-300x168.jpeg 300w, https:\/\/eventos.coc.pt\/liom2025\/wp-content\/uploads\/sites\/30\/2024\/09\/vila-do-touro1-768x431.jpeg 768w, https:\/\/eventos.coc.pt\/liom2025\/wp-content\/uploads\/sites\/30\/2024\/09\/vila-do-touro1-1536x862.jpeg 1536w, https:\/\/eventos.coc.pt\/liom2025\/wp-content\/uploads\/sites\/30\/2024\/09\/vila-do-touro1-600x337.jpeg 600w, https:\/\/eventos.coc.pt\/liom2025\/wp-content\/uploads\/sites\/30\/2024\/09\/vila-do-touro1.jpeg 1600w\" sizes=\"auto, (max-width: 660px) 100vw, 660px\" \/> <img loading=\"lazy\" decoding=\"async\" class=\"alignnone wp-image-741 size-large\" src=\"http:\/\/eventos.coc.pt\/liom2025\/wp-content\/uploads\/sites\/30\/2024\/09\/vila-do-touro2-1024x682.jpeg\" alt=\"\" width=\"660\" height=\"440\" srcset=\"https:\/\/eventos.coc.pt\/liom2025\/wp-content\/uploads\/sites\/30\/2024\/09\/vila-do-touro2-1024x682.jpeg 1024w, https:\/\/eventos.coc.pt\/liom2025\/wp-content\/uploads\/sites\/30\/2024\/09\/vila-do-touro2-300x200.jpeg 300w, https:\/\/eventos.coc.pt\/liom2025\/wp-content\/uploads\/sites\/30\/2024\/09\/vila-do-touro2-768x512.jpeg 768w, https:\/\/eventos.coc.pt\/liom2025\/wp-content\/uploads\/sites\/30\/2024\/09\/vila-do-touro2-1536x1023.jpeg 1536w, https:\/\/eventos.coc.pt\/liom2025\/wp-content\/uploads\/sites\/30\/2024\/09\/vila-do-touro2-272x182.jpeg 272w, https:\/\/eventos.coc.pt\/liom2025\/wp-content\/uploads\/sites\/30\/2024\/09\/vila-do-touro2-600x400.jpeg 600w, https:\/\/eventos.coc.pt\/liom2025\/wp-content\/uploads\/sites\/30\/2024\/09\/vila-do-touro2.jpeg 1600w\" sizes=\"auto, (max-width: 660px) 100vw, 660px\" \/><\/p>\n<p><img loading=\"lazy\" decoding=\"async\" class=\"aligncenter wp-image-906 size-large\" src=\"http:\/\/eventos.coc.pt\/liom2025\/wp-content\/uploads\/sites\/30\/2025\/04\/d49299b9-8ce1-42fe-bcd2-ba959c0d9d10-687x1024.jpg\" alt=\"\" width=\"687\" height=\"1024\" srcset=\"https:\/\/eventos.coc.pt\/liom2025\/wp-content\/uploads\/sites\/30\/2025\/04\/d49299b9-8ce1-42fe-bcd2-ba959c0d9d10-687x1024.jpg 687w, https:\/\/eventos.coc.pt\/liom2025\/wp-content\/uploads\/sites\/30\/2025\/04\/d49299b9-8ce1-42fe-bcd2-ba959c0d9d10-201x300.jpg 201w, https:\/\/eventos.coc.pt\/liom2025\/wp-content\/uploads\/sites\/30\/2025\/04\/d49299b9-8ce1-42fe-bcd2-ba959c0d9d10-768x1144.jpg 768w, https:\/\/eventos.coc.pt\/liom2025\/wp-content\/uploads\/sites\/30\/2025\/04\/d49299b9-8ce1-42fe-bcd2-ba959c0d9d10-1031x1536.jpg 1031w, https:\/\/eventos.coc.pt\/liom2025\/wp-content\/uploads\/sites\/30\/2025\/04\/d49299b9-8ce1-42fe-bcd2-ba959c0d9d10-600x894.jpg 600w, https:\/\/eventos.coc.pt\/liom2025\/wp-content\/uploads\/sites\/30\/2025\/04\/d49299b9-8ce1-42fe-bcd2-ba959c0d9d10.jpg 1074w\" sizes=\"auto, (max-width: 687px) 100vw, 687px\" \/><\/p>\n<p><img loading=\"lazy\" decoding=\"async\" class=\"aligncenter wp-image-907 size-large\" src=\"http:\/\/eventos.coc.pt\/liom2025\/wp-content\/uploads\/sites\/30\/2025\/04\/6dae8322-9311-43ed-bc8d-6ce75ea428e0-715x1024.jpg\" alt=\"\" width=\"715\" height=\"1024\" srcset=\"https:\/\/eventos.coc.pt\/liom2025\/wp-content\/uploads\/sites\/30\/2025\/04\/6dae8322-9311-43ed-bc8d-6ce75ea428e0-715x1024.jpg 715w, https:\/\/eventos.coc.pt\/liom2025\/wp-content\/uploads\/sites\/30\/2025\/04\/6dae8322-9311-43ed-bc8d-6ce75ea428e0-209x300.jpg 209w, https:\/\/eventos.coc.pt\/liom2025\/wp-content\/uploads\/sites\/30\/2025\/04\/6dae8322-9311-43ed-bc8d-6ce75ea428e0-768x1100.jpg 768w, https:\/\/eventos.coc.pt\/liom2025\/wp-content\/uploads\/sites\/30\/2025\/04\/6dae8322-9311-43ed-bc8d-6ce75ea428e0-1072x1536.jpg 1072w, https:\/\/eventos.coc.pt\/liom2025\/wp-content\/uploads\/sites\/30\/2025\/04\/6dae8322-9311-43ed-bc8d-6ce75ea428e0-600x859.jpg 600w, https:\/\/eventos.coc.pt\/liom2025\/wp-content\/uploads\/sites\/30\/2025\/04\/6dae8322-9311-43ed-bc8d-6ce75ea428e0.jpg 1117w\" sizes=\"auto, (max-width: 715px) 100vw, 715px\" \/><\/p>\n<p><strong>Sprint (etapa 3 | dia 26 de abril) \u2013 Penamacor<\/strong><\/p>\n<p><strong><u>Mapa de Penamacor<\/u><\/strong><strong> com produ\u00e7\u00e3o em 2015, atualizado em 2018 e revisto em julho de 2024<\/strong><\/p>\n<p><strong>\u00a0<\/strong><strong>Cart\u00f3grafo: <\/strong>Rui Antunes ||<strong> Escala: <\/strong>1:4.000 ||<strong> Equidist\u00e2ncia: <\/strong>2,5 metros<\/p>\n<p>Penamacor vila hist\u00f3rica com algum relevo, cuja \u00e1rea alterna malha urbana assim\u00e9trica com zona hist\u00f3rica envolvente ao castelo.<\/p>\n<p><u>Tra\u00e7ador de percursos<\/u>: Carlos Monteiro e Duarte Santo<\/p>\n<p><strong><u>Estacionamento<\/u><\/strong><strong>: Nas imedia\u00e7\u00f5es do Pavilh\u00e3o Gimnodesportivo de Penamacor (Solo Duro 2), cujas coordenadas estar\u00e3o indicadas em <\/strong><em>\u201cLOCALIZA\u00c7\u00d5ES\u201d.<\/em><\/p>\n<p><em> <strong>Mapa Penamacor vers\u00e3o usado em 2018<\/strong><\/em><\/p>\n<p><img loading=\"lazy\" decoding=\"async\" class=\"aligncenter wp-image-735 size-full\" src=\"http:\/\/eventos.coc.pt\/liom2025\/wp-content\/uploads\/sites\/30\/2024\/09\/PENAMACOR_PNG_300-3.png\" alt=\"\" width=\"3064\" height=\"1974\" srcset=\"https:\/\/eventos.coc.pt\/liom2025\/wp-content\/uploads\/sites\/30\/2024\/09\/PENAMACOR_PNG_300-3.png 3064w, https:\/\/eventos.coc.pt\/liom2025\/wp-content\/uploads\/sites\/30\/2024\/09\/PENAMACOR_PNG_300-3-300x193.png 300w, https:\/\/eventos.coc.pt\/liom2025\/wp-content\/uploads\/sites\/30\/2024\/09\/PENAMACOR_PNG_300-3-1024x660.png 1024w, https:\/\/eventos.coc.pt\/liom2025\/wp-content\/uploads\/sites\/30\/2024\/09\/PENAMACOR_PNG_300-3-768x495.png 768w, https:\/\/eventos.coc.pt\/liom2025\/wp-content\/uploads\/sites\/30\/2024\/09\/PENAMACOR_PNG_300-3-1536x990.png 1536w, https:\/\/eventos.coc.pt\/liom2025\/wp-content\/uploads\/sites\/30\/2024\/09\/PENAMACOR_PNG_300-3-2048x1319.png 2048w, https:\/\/eventos.coc.pt\/liom2025\/wp-content\/uploads\/sites\/30\/2024\/09\/PENAMACOR_PNG_300-3-600x387.png 600w\" sizes=\"auto, (max-width: 3064px) 100vw, 3064px\" \/><\/p>\n<p><strong>Fotos Penamacor<\/strong><\/p>\n<p><img loading=\"lazy\" decoding=\"async\" class=\"alignnone size-large wp-image-754\" src=\"http:\/\/eventos.coc.pt\/liom2025\/wp-content\/uploads\/sites\/30\/2024\/09\/penamacor1-1024x768.jpeg\" alt=\"\" width=\"660\" height=\"495\" srcset=\"https:\/\/eventos.coc.pt\/liom2025\/wp-content\/uploads\/sites\/30\/2024\/09\/penamacor1-1024x768.jpeg 1024w, https:\/\/eventos.coc.pt\/liom2025\/wp-content\/uploads\/sites\/30\/2024\/09\/penamacor1-300x225.jpeg 300w, https:\/\/eventos.coc.pt\/liom2025\/wp-content\/uploads\/sites\/30\/2024\/09\/penamacor1-768x576.jpeg 768w, https:\/\/eventos.coc.pt\/liom2025\/wp-content\/uploads\/sites\/30\/2024\/09\/penamacor1-1536x1152.jpeg 1536w, https:\/\/eventos.coc.pt\/liom2025\/wp-content\/uploads\/sites\/30\/2024\/09\/penamacor1-600x450.jpeg 600w, https:\/\/eventos.coc.pt\/liom2025\/wp-content\/uploads\/sites\/30\/2024\/09\/penamacor1.jpeg 1600w\" sizes=\"auto, (max-width: 660px) 100vw, 660px\" \/> <img loading=\"lazy\" decoding=\"async\" class=\"wp-image-755 size-large alignnone\" src=\"http:\/\/eventos.coc.pt\/liom2025\/wp-content\/uploads\/sites\/30\/2024\/09\/penamacor2-768x1024.jpeg\" alt=\"\" width=\"768\" height=\"1024\" srcset=\"https:\/\/eventos.coc.pt\/liom2025\/wp-content\/uploads\/sites\/30\/2024\/09\/penamacor2-768x1024.jpeg 768w, https:\/\/eventos.coc.pt\/liom2025\/wp-content\/uploads\/sites\/30\/2024\/09\/penamacor2-225x300.jpeg 225w, https:\/\/eventos.coc.pt\/liom2025\/wp-content\/uploads\/sites\/30\/2024\/09\/penamacor2-1152x1536.jpeg 1152w, https:\/\/eventos.coc.pt\/liom2025\/wp-content\/uploads\/sites\/30\/2024\/09\/penamacor2-600x800.jpeg 600w, https:\/\/eventos.coc.pt\/liom2025\/wp-content\/uploads\/sites\/30\/2024\/09\/penamacor2.jpeg 1200w\" sizes=\"auto, (max-width: 768px) 100vw, 768px\" \/> <img loading=\"lazy\" decoding=\"async\" class=\"alignnone wp-image-756 size-large\" src=\"http:\/\/eventos.coc.pt\/liom2025\/wp-content\/uploads\/sites\/30\/2024\/09\/penamacor3-1024x768.jpeg\" alt=\"\" width=\"1024\" height=\"768\" srcset=\"https:\/\/eventos.coc.pt\/liom2025\/wp-content\/uploads\/sites\/30\/2024\/09\/penamacor3-1024x768.jpeg 1024w, https:\/\/eventos.coc.pt\/liom2025\/wp-content\/uploads\/sites\/30\/2024\/09\/penamacor3-300x225.jpeg 300w, https:\/\/eventos.coc.pt\/liom2025\/wp-content\/uploads\/sites\/30\/2024\/09\/penamacor3-768x576.jpeg 768w, https:\/\/eventos.coc.pt\/liom2025\/wp-content\/uploads\/sites\/30\/2024\/09\/penamacor3-1536x1152.jpeg 1536w, https:\/\/eventos.coc.pt\/liom2025\/wp-content\/uploads\/sites\/30\/2024\/09\/penamacor3-600x450.jpeg 600w, https:\/\/eventos.coc.pt\/liom2025\/wp-content\/uploads\/sites\/30\/2024\/09\/penamacor3.jpeg 1600w\" sizes=\"auto, (max-width: 1024px) 100vw, 1024px\" \/><\/p>\n<p><strong><img loading=\"lazy\" decoding=\"async\" class=\"aligncenter wp-image-908 size-large\" src=\"http:\/\/eventos.coc.pt\/liom2025\/wp-content\/uploads\/sites\/30\/2025\/04\/3b26a6e0-a7cd-42d1-8ad1-d7a595af1b32-705x1024.jpg\" alt=\"\" width=\"705\" height=\"1024\" srcset=\"https:\/\/eventos.coc.pt\/liom2025\/wp-content\/uploads\/sites\/30\/2025\/04\/3b26a6e0-a7cd-42d1-8ad1-d7a595af1b32-705x1024.jpg 705w, https:\/\/eventos.coc.pt\/liom2025\/wp-content\/uploads\/sites\/30\/2025\/04\/3b26a6e0-a7cd-42d1-8ad1-d7a595af1b32-206x300.jpg 206w, https:\/\/eventos.coc.pt\/liom2025\/wp-content\/uploads\/sites\/30\/2025\/04\/3b26a6e0-a7cd-42d1-8ad1-d7a595af1b32-768x1116.jpg 768w, https:\/\/eventos.coc.pt\/liom2025\/wp-content\/uploads\/sites\/30\/2025\/04\/3b26a6e0-a7cd-42d1-8ad1-d7a595af1b32-1057x1536.jpg 1057w, https:\/\/eventos.coc.pt\/liom2025\/wp-content\/uploads\/sites\/30\/2025\/04\/3b26a6e0-a7cd-42d1-8ad1-d7a595af1b32-600x872.jpg 600w, https:\/\/eventos.coc.pt\/liom2025\/wp-content\/uploads\/sites\/30\/2025\/04\/3b26a6e0-a7cd-42d1-8ad1-d7a595af1b32.jpg 1101w\" sizes=\"auto, (max-width: 705px) 100vw, 705px\" \/><\/strong><\/p>\n<p><strong>M\u00e9dia (etapa 4 | dia 27 abril) &#8211; Rach\u00e3<\/strong><\/p>\n<p><u>Mapa Rach\u00e3<\/u> com produ\u00e7\u00e3o em 2015, atualizado em 2018 e 2023, revisto e ampliado em julho 2024<\/p>\n<p>Cart\u00f3grafo: Rui Antunes || Escalas 1:7500, 1:10.000 || Equidist\u00e2ncia: 5 mts<\/p>\n<p>Terreno aberto de boa progress\u00e3o, com detalhes rochosos e afloramentos, a proporcionar bom recorte t\u00e9cnico. Salientamos ainda o relevo e a exist\u00eancia de algumas veda\u00e7\u00f5es transpon\u00edveis e com passagens assinaladas.<\/p>\n<p><u>Tra\u00e7ador de Percursos<\/u>: Carlos Monteiro e Duarte Santo<\/p>\n<p>Estacionamento: A cerca de 50 a 200 mts da Arena, cujas coordenadas estar\u00e3o indicadas em <em>\u201cLOCALIZA\u00c7\u00d5ES\u201d.<\/em> Chegados ao acesso ao estacionamento, os condutores dever\u00e3o seguir as instru\u00e7\u00f5es da Organiza\u00e7\u00e3o.<\/p>\n<p><em><strong>Mapa Rach\u00e3 vers\u00e3o usado no Model Event de 2023<\/strong><\/em><\/p>\n<p><img loading=\"lazy\" decoding=\"async\" class=\"aligncenter wp-image-733 size-large\" src=\"http:\/\/eventos.coc.pt\/liom2025\/wp-content\/uploads\/sites\/30\/2024\/09\/RACHA_PNG_300-1024x942.png\" alt=\"\" width=\"660\" height=\"607\" srcset=\"https:\/\/eventos.coc.pt\/liom2025\/wp-content\/uploads\/sites\/30\/2024\/09\/RACHA_PNG_300-1024x942.png 1024w, https:\/\/eventos.coc.pt\/liom2025\/wp-content\/uploads\/sites\/30\/2024\/09\/RACHA_PNG_300-300x276.png 300w, https:\/\/eventos.coc.pt\/liom2025\/wp-content\/uploads\/sites\/30\/2024\/09\/RACHA_PNG_300-768x706.png 768w, https:\/\/eventos.coc.pt\/liom2025\/wp-content\/uploads\/sites\/30\/2024\/09\/RACHA_PNG_300-600x552.png 600w, https:\/\/eventos.coc.pt\/liom2025\/wp-content\/uploads\/sites\/30\/2024\/09\/RACHA_PNG_300.png 1519w\" sizes=\"auto, (max-width: 660px) 100vw, 660px\" \/><\/p>\n<p>Fotos do terreno Rach\u00e3<\/p>\n<p><img loading=\"lazy\" decoding=\"async\" class=\"alignnone wp-image-738 size-large\" src=\"http:\/\/eventos.coc.pt\/liom2025\/wp-content\/uploads\/sites\/30\/2024\/09\/Racha2-1024x768.jpeg\" alt=\"\" width=\"660\" height=\"495\" srcset=\"https:\/\/eventos.coc.pt\/liom2025\/wp-content\/uploads\/sites\/30\/2024\/09\/Racha2-1024x768.jpeg 1024w, https:\/\/eventos.coc.pt\/liom2025\/wp-content\/uploads\/sites\/30\/2024\/09\/Racha2-300x225.jpeg 300w, https:\/\/eventos.coc.pt\/liom2025\/wp-content\/uploads\/sites\/30\/2024\/09\/Racha2-768x576.jpeg 768w, https:\/\/eventos.coc.pt\/liom2025\/wp-content\/uploads\/sites\/30\/2024\/09\/Racha2-1536x1152.jpeg 1536w, https:\/\/eventos.coc.pt\/liom2025\/wp-content\/uploads\/sites\/30\/2024\/09\/Racha2-600x450.jpeg 600w, https:\/\/eventos.coc.pt\/liom2025\/wp-content\/uploads\/sites\/30\/2024\/09\/Racha2.jpeg 1600w\" sizes=\"auto, (max-width: 660px) 100vw, 660px\" \/> <img loading=\"lazy\" decoding=\"async\" class=\"alignnone wp-image-743 size-large\" src=\"http:\/\/eventos.coc.pt\/liom2025\/wp-content\/uploads\/sites\/30\/2024\/09\/Racha4-1024x682.jpeg\" alt=\"\" width=\"660\" height=\"440\" srcset=\"https:\/\/eventos.coc.pt\/liom2025\/wp-content\/uploads\/sites\/30\/2024\/09\/Racha4-1024x682.jpeg 1024w, https:\/\/eventos.coc.pt\/liom2025\/wp-content\/uploads\/sites\/30\/2024\/09\/Racha4-300x200.jpeg 300w, https:\/\/eventos.coc.pt\/liom2025\/wp-content\/uploads\/sites\/30\/2024\/09\/Racha4-768x512.jpeg 768w, https:\/\/eventos.coc.pt\/liom2025\/wp-content\/uploads\/sites\/30\/2024\/09\/Racha4-1536x1023.jpeg 1536w, https:\/\/eventos.coc.pt\/liom2025\/wp-content\/uploads\/sites\/30\/2024\/09\/Racha4-272x182.jpeg 272w, https:\/\/eventos.coc.pt\/liom2025\/wp-content\/uploads\/sites\/30\/2024\/09\/Racha4-600x400.jpeg 600w, https:\/\/eventos.coc.pt\/liom2025\/wp-content\/uploads\/sites\/30\/2024\/09\/Racha4.jpeg 1600w\" sizes=\"auto, (max-width: 660px) 100vw, 660px\" \/><\/p>\n<p>O percurso dos escal\u00f5es <strong>T10 e Branco<\/strong> tem algumas liga\u00e7\u00f5es entre pontos sem refer\u00eancias lineares no terreno (p. ex. caminhos, veda\u00e7\u00f5es ou muros). Para suprir estas aus\u00eancias, a organiza\u00e7\u00e3o criou refer\u00eancias lineares, colocando estacas com contacto visual entre elas, <u>conforme imagem abaixo<\/u>, para ajudar os participantes na sua navega\u00e7\u00e3o.<\/p>\n<p><img loading=\"lazy\" decoding=\"async\" class=\"aligncenter wp-image-911 size-large\" src=\"http:\/\/eventos.coc.pt\/liom2025\/wp-content\/uploads\/sites\/30\/2025\/04\/0e8c369e-65a9-41a5-8ca4-933996a5d781-1024x466.jpg\" alt=\"\" width=\"1024\" height=\"466\" srcset=\"https:\/\/eventos.coc.pt\/liom2025\/wp-content\/uploads\/sites\/30\/2025\/04\/0e8c369e-65a9-41a5-8ca4-933996a5d781-1024x466.jpg 1024w, https:\/\/eventos.coc.pt\/liom2025\/wp-content\/uploads\/sites\/30\/2025\/04\/0e8c369e-65a9-41a5-8ca4-933996a5d781-300x137.jpg 300w, https:\/\/eventos.coc.pt\/liom2025\/wp-content\/uploads\/sites\/30\/2025\/04\/0e8c369e-65a9-41a5-8ca4-933996a5d781-768x350.jpg 768w, https:\/\/eventos.coc.pt\/liom2025\/wp-content\/uploads\/sites\/30\/2025\/04\/0e8c369e-65a9-41a5-8ca4-933996a5d781-600x273.jpg 600w, https:\/\/eventos.coc.pt\/liom2025\/wp-content\/uploads\/sites\/30\/2025\/04\/0e8c369e-65a9-41a5-8ca4-933996a5d781.jpg 1124w\" sizes=\"auto, (max-width: 1024px) 100vw, 1024px\" \/><\/p>\n<p><img loading=\"lazy\" decoding=\"async\" class=\"aligncenter wp-image-909 size-large\" src=\"http:\/\/eventos.coc.pt\/liom2025\/wp-content\/uploads\/sites\/30\/2025\/04\/WhatsApp-Image-2025-04-02-at-22.39.55-715x1024.jpeg\" alt=\"\" width=\"715\" height=\"1024\" srcset=\"https:\/\/eventos.coc.pt\/liom2025\/wp-content\/uploads\/sites\/30\/2025\/04\/WhatsApp-Image-2025-04-02-at-22.39.55-715x1024.jpeg 715w, https:\/\/eventos.coc.pt\/liom2025\/wp-content\/uploads\/sites\/30\/2025\/04\/WhatsApp-Image-2025-04-02-at-22.39.55-209x300.jpeg 209w, https:\/\/eventos.coc.pt\/liom2025\/wp-content\/uploads\/sites\/30\/2025\/04\/WhatsApp-Image-2025-04-02-at-22.39.55-768x1100.jpeg 768w, https:\/\/eventos.coc.pt\/liom2025\/wp-content\/uploads\/sites\/30\/2025\/04\/WhatsApp-Image-2025-04-02-at-22.39.55-1072x1536.jpeg 1072w, https:\/\/eventos.coc.pt\/liom2025\/wp-content\/uploads\/sites\/30\/2025\/04\/WhatsApp-Image-2025-04-02-at-22.39.55-600x859.jpeg 600w, https:\/\/eventos.coc.pt\/liom2025\/wp-content\/uploads\/sites\/30\/2025\/04\/WhatsApp-Image-2025-04-02-at-22.39.55.jpeg 1117w\" sizes=\"auto, (max-width: 715px) 100vw, 715px\" \/><\/p>\n","protected":false},"excerpt":{"rendered":"<p>M\u00e9dia &amp; Longa (etapas 1 e 2 | dias 25 e 26 abril) \u2013 Vila do Touro (Sabugal) Mapa novo de Vila do Touro, com produ\u00e7\u00e3o em setembro\/outubro de 2024 \u00a0Cart\u00f3grafo: Rui Antunes e Alexandre Reis || Escalas 1:7500, 1:10.000 e 1:15.000 || Equidist\u00e2ncia: 5 mts Terreno com \u00e1reas de progress\u00e3o r\u00e1pida, com detalhes rochosos &hellip; <a href=\"https:\/\/eventos.coc.pt\/liom2025\/informacoes-tecnicas\/\" class=\"more-link\">Continuar a ler <span class=\"screen-reader-text\">Informa\u00e7\u00f5es T\u00e9cnicas<\/span><\/a><\/p>\n","protected":false},"author":1,"featured_media":0,"parent":0,"menu_order":12,"comment_status":"closed","ping_status":"closed","template":"","meta":{"footnotes":""},"class_list":["post-13","page","type-page","status-publish","hentry"],"_links":{"self":[{"href":"https:\/\/eventos.coc.pt\/liom2025\/wp-json\/wp\/v2\/pages\/13","targetHints":{"allow":["GET"]}}],"collection":[{"href":"https:\/\/eventos.coc.pt\/liom2025\/wp-json\/wp\/v2\/pages"}],"about":[{"href":"https:\/\/eventos.coc.pt\/liom2025\/wp-json\/wp\/v2\/types\/page"}],"author":[{"embeddable":true,"href":"https:\/\/eventos.coc.pt\/liom2025\/wp-json\/wp\/v2\/users\/1"}],"replies":[{"embeddable":true,"href":"https:\/\/eventos.coc.pt\/liom2025\/wp-json\/wp\/v2\/comments?post=13"}],"version-history":[{"count":96,"href":"https:\/\/eventos.coc.pt\/liom2025\/wp-json\/wp\/v2\/pages\/13\/revisions"}],"predecessor-version":[{"id":912,"href":"https:\/\/eventos.coc.pt\/liom2025\/wp-json\/wp\/v2\/pages\/13\/revisions\/912"}],"wp:attachment":[{"href":"https:\/\/eventos.coc.pt\/liom2025\/wp-json\/wp\/v2\/media?parent=13"}],"curies":[{"name":"wp","href":"https:\/\/api.w.org\/{rel}","templated":true}]}}