{"id":141,"date":"2016-09-16T12:54:39","date_gmt":"2016-09-16T12:54:39","guid":{"rendered":"http:\/\/eventos.coc.pt\/piom2018\/?page_id=141"},"modified":"2025-04-27T15:52:36","modified_gmt":"2025-04-27T15:52:36","slug":"resultados","status":"publish","type":"page","link":"https:\/\/eventos.coc.pt\/liom2025\/resultados\/","title":{"rendered":"Resultados"},"content":{"rendered":"<p><strong>Campeonato Nacional de TempO &#8211; 25-04-2025<\/strong><br \/>\n<a href=\"https:\/\/eventos.coc.pt\/archive\/2025\/LIOM\/tempo\/LIOM_TempO_results.pdf\" target=\"_blank\" rel=\"noopener\">Resultados<\/a><br \/>\n<a href=\"https:\/\/eventos.coc.pt\/archive\/2025\/LIOM\/tempo\/TempO_solucoes_OCAD.pdf\" target=\"_blank\" rel=\"noopener\">Solu\u00e7\u00f5es &#8211; Sec\u00e7\u00f5es<\/a><br \/>\n<a href=\"https:\/\/eventos.coc.pt\/archive\/2025\/LIOM\/tempo\/Solution_TempO.pdf\" target=\"_blank\" rel=\"noopener\">Solu\u00e7\u00f5es &#8211; Mapa completo<\/a><\/p>\n<p><strong>M\u00e9dia TP &#8211; 25-04-2025<\/strong><br \/>\n&#8211; <a href=\"https:\/\/liveresultat.orientering.se\/followfull.php?lang=pt&amp;comp=33081\" target=\"_blank\" rel=\"noopener\">Live Results<\/a><br \/>\n&#8211; <a href=\"https:\/\/eventos.coc.pt\/archive\/2025\/LIOM\/results\/classes_e1.html\" target=\"_blank\" rel=\"noopener\">Resultados por escal\u00f5es<\/a><br \/>\n&#8211; <a href=\"https:\/\/eventos.coc.pt\/archive\/2025\/LIOM\/results\/splits_e1.html\" target=\"_blank\" rel=\"noopener\">Splits<\/a><br \/>\n&#8211; <a href=\"https:\/\/www.livelox.com\/Events\/Show\/154772\/LIOM-CIMO-2025\" target=\"_blank\" rel=\"noopener\">Livelox<\/a><br \/>\n&#8211; <a href=\"https:\/\/www.orioasis.pt\/oasis\/results.php?action=view_stages&amp;eventid=2976&amp;stage=1\" target=\"_blank\" rel=\"noopener\">OriOasis<\/a><\/p>\n<p><strong>LIOM CIOM 2025 &#8211; Etapa 1 &#8211; Longa &#8211; 26-04-2025 (manh\u00e3)<\/strong><br \/>\n&#8211; <a href=\"https:\/\/liveresultat.orientering.se\/followfull.php?lang=pt&amp;comp=33082\" target=\"_blank\" rel=\"noopener\">Live Results<\/a><br \/>\n&#8211; <a href=\"https:\/\/eventos.coc.pt\/archive\/2025\/LIOM\/results\/classes_e2.html\" target=\"_blank\" rel=\"noopener\">Resultados por escal\u00f5es<\/a><br \/>\n&#8211; <a href=\"https:\/\/eventos.coc.pt\/archive\/2025\/LIOM\/results\/splits_e2.html\" target=\"_blank\" rel=\"noopener\">Splits<\/a><br \/>\n&#8211; <a href=\"https:\/\/www.livelox.com\/Events\/Show\/154816\/LIOM-CIMO-2025-E1-Distancia-Longa\" target=\"_blank\" rel=\"noopener\">Livelox<\/a><br \/>\n&#8211; <a href=\"https:\/\/www.orioasis.pt\/oasis\/results.php?action=view_stages&amp;eventid=2976&amp;stage=2\" target=\"_blank\" rel=\"noopener\">OriOasis<\/a><\/p>\n<p><strong>LIOM CIOM 2025 &#8211; Etapa 2 &#8211; Sprint &#8211; 26-04-2025 (tarde)<\/strong><br \/>\n&#8211; <a href=\"https:\/\/liveresultat.orientering.se\/followfull.php?lang=pt&amp;comp=33083\" target=\"_blank\" rel=\"noopener\">Live Results<\/a><br \/>\n&#8211; <a href=\"https:\/\/eventos.coc.pt\/archive\/2025\/LIOM\/results\/classes_e3.html\" target=\"_blank\" rel=\"noopener\">Resultados por escal\u00f5es<\/a><br \/>\n&#8211; <a href=\"https:\/\/eventos.coc.pt\/archive\/2025\/LIOM\/results\/classes_e2_e3.html\" target=\"_blank\" rel=\"noopener\">Resultados por escal\u00f5es (LIOM \/ CIOM pontos E1 + E2)<\/a><br \/>\n&#8211; <a href=\"https:\/\/eventos.coc.pt\/archive\/2025\/LIOM\/results\/splits_e3.html\" target=\"_blank\" rel=\"noopener\">Splits<\/a><br \/>\n&#8211; <a href=\"https:\/\/www.livelox.com\/Events\/Show\/154885\/LIOM-2025-E3-Sprint-Penamacor\" target=\"_blank\" rel=\"noopener\">Livelox<\/a><br \/>\n&#8211; <a href=\"https:\/\/www.orioasis.pt\/oasis\/results.php?action=view_stages&amp;eventid=2976&amp;stage=3\" target=\"_blank\" rel=\"noopener\">OriOasis<\/a><\/p>\n<p><strong>LIOM CIOM 2025 &#8211; Etapa 3 &#8211; M\u00e9dia &#8211; 27-04-2025<br \/>\n<\/strong>&#8211; <a href=\"https:\/\/liveresultat.orientering.se\/followfull.php?lang=pt&amp;comp=33084\" target=\"_blank\" rel=\"noopener\">Live Results<\/a><br \/>\n&#8211; <a href=\"https:\/\/eventos.coc.pt\/archive\/2025\/LIOM\/results\/classes_e4.html\" target=\"_blank\" rel=\"noopener\">Resultados por escal\u00f5es<\/a><br \/>\n&#8211; <a href=\"https:\/\/eventos.coc.pt\/archive\/2025\/LIOM\/results\/splits_e4.html\" target=\"_blank\" rel=\"noopener\">Splits<\/a><br \/>\n&#8211; <a href=\"https:\/\/www.livelox.com\/Events\/Show\/154938\/LIOM-2025-E4-Media-Racha\" target=\"_blank\" rel=\"noopener\">Livelox<\/a><br \/>\n&#8211; <a href=\"https:\/\/www.orioasis.pt\/oasis\/results.php?action=view_stages&amp;eventid=2976&amp;stage=4\" target=\"_blank\" rel=\"noopener\">OriOasis<\/a><\/p>\n<p><strong>Resultados Globais LIOM 2025<br \/>\n<\/strong>&#8211; <a href=\"https:\/\/eventos.coc.pt\/archive\/2025\/LIOM\/results\/classes_liom2025_final.html\" target=\"_blank\" rel=\"noopener\">Escal\u00f5es Geral Final<\/a><br \/>\n&#8211; <a href=\"https:\/\/eventos.coc.pt\/archive\/2025\/LIOM\/results\/equipas_limo2025.htm\" target=\"_blank\" rel=\"noopener\">Clubes<\/a><\/p>\n<p><strong>Resultados Globais CIMO 2025<br \/>\n<\/strong>&#8211;\u00a0<a href=\"https:\/\/eventos.coc.pt\/archive\/2025\/LIOM\/results\/classes_cimo2025_final.html\" target=\"_blank\" rel=\"noopener\">Escal\u00f5es Geral Final<\/a><\/p>\n<p>&nbsp;<\/p>\n","protected":false},"excerpt":{"rendered":"<p>Campeonato Nacional de TempO &#8211; 25-04-2025 Resultados Solu\u00e7\u00f5es &#8211; Sec\u00e7\u00f5es Solu\u00e7\u00f5es &#8211; Mapa completo M\u00e9dia TP &#8211; 25-04-2025 &#8211; Live Results &#8211; Resultados por escal\u00f5es &#8211; Splits &#8211; Livelox &#8211; OriOasis LIOM CIOM 2025 &#8211; Etapa 1 &#8211; Longa &#8211; 26-04-2025 (manh\u00e3) &#8211; Live Results &#8211; Resultados por escal\u00f5es &#8211; Splits &#8211; Livelox &#8211; OriOasis &hellip; <a href=\"https:\/\/eventos.coc.pt\/liom2025\/resultados\/\" class=\"more-link\">Continuar a ler <span class=\"screen-reader-text\">Resultados<\/span><\/a><\/p>\n","protected":false},"author":1,"featured_media":0,"parent":0,"menu_order":1,"comment_status":"closed","ping_status":"closed","template":"","meta":{"footnotes":""},"class_list":["post-141","page","type-page","status-publish","hentry"],"_links":{"self":[{"href":"https:\/\/eventos.coc.pt\/liom2025\/wp-json\/wp\/v2\/pages\/141","targetHints":{"allow":["GET"]}}],"collection":[{"href":"https:\/\/eventos.coc.pt\/liom2025\/wp-json\/wp\/v2\/pages"}],"about":[{"href":"https:\/\/eventos.coc.pt\/liom2025\/wp-json\/wp\/v2\/types\/page"}],"author":[{"embeddable":true,"href":"https:\/\/eventos.coc.pt\/liom2025\/wp-json\/wp\/v2\/users\/1"}],"replies":[{"embeddable":true,"href":"https:\/\/eventos.coc.pt\/liom2025\/wp-json\/wp\/v2\/comments?post=141"}],"version-history":[{"count":54,"href":"https:\/\/eventos.coc.pt\/liom2025\/wp-json\/wp\/v2\/pages\/141\/revisions"}],"predecessor-version":[{"id":984,"href":"https:\/\/eventos.coc.pt\/liom2025\/wp-json\/wp\/v2\/pages\/141\/revisions\/984"}],"wp:attachment":[{"href":"https:\/\/eventos.coc.pt\/liom2025\/wp-json\/wp\/v2\/media?parent=141"}],"curies":[{"name":"wp","href":"https:\/\/api.w.org\/{rel}","templated":true}]}}