{"id":17,"date":"2016-09-02T15:32:21","date_gmt":"2016-09-02T15:32:21","guid":{"rendered":"http:\/\/eventos.coc.pt\/piom2018\/?page_id=17"},"modified":"2025-03-11T22:34:53","modified_gmt":"2025-03-11T22:34:53","slug":"inscricoes","status":"publish","type":"page","link":"https:\/\/eventos.coc.pt\/liom2025\/inscricoes\/","title":{"rendered":"Inscri\u00e7\u00f5es"},"content":{"rendered":"<p><strong>INSCRI\u00c7\u00d5ES<\/strong><\/p>\n<p><strong>MENSAGEM IMPORTANTE PARA ATLETAS ESPANHOIS \u2013 COM LICEN\u00c7A FEDO:<\/strong><\/p>\n<p>Para que as inscri\u00e7\u00f5es dos atletas com licen\u00e7a FEDO tenha os pre\u00e7os corretos (os mesmos pre\u00e7os dos atletas com licen\u00e7a FPO), os atletas FEDO n\u00e3o podem submeter as inscri\u00e7\u00f5es atrav\u00e9s de \u201cInscri\u00e7\u00e3o Express\u201d. Para se registarem corretamente dever\u00e3o primeiro fazer login no Ori O\u00e1sis, usando os dados de acesso (nome de utilizador e senha) que normalmente usam para iniciar sess\u00e3o no sistema de inscri\u00e7\u00f5es SICO da FEDO. Para iniciar sess\u00e3o no Ori Oasis usando os dados de acesso do SICO use este\u00a0<a href=\"https:\/\/www.orioasis.pt\/oasis\/start.php\"><strong>link<\/strong><\/a><strong>\u00a0<\/strong>.<\/p>\n<p>Ser\u00e1 fornecida uma t-shirt t\u00e9cnica aos atletas que participem nas 3 etapas do LIOM pontu\u00e1reis para o CIMO e cuja inscri\u00e7\u00e3o seja efetuada no Ori O\u00e1sis at\u00e9 \u00e0s 23h59 do dia 18 de abril de 2025<\/p>\n<p><img loading=\"lazy\" decoding=\"async\" class=\"aligncenter wp-image-851 size-full\" src=\"http:\/\/eventos.coc.pt\/liom2025\/wp-content\/uploads\/sites\/30\/2025\/03\/t-shirt.jpg\" alt=\"\" width=\"1200\" height=\"1484\" srcset=\"https:\/\/eventos.coc.pt\/liom2025\/wp-content\/uploads\/sites\/30\/2025\/03\/t-shirt.jpg 1200w, https:\/\/eventos.coc.pt\/liom2025\/wp-content\/uploads\/sites\/30\/2025\/03\/t-shirt-243x300.jpg 243w, https:\/\/eventos.coc.pt\/liom2025\/wp-content\/uploads\/sites\/30\/2025\/03\/t-shirt-828x1024.jpg 828w, https:\/\/eventos.coc.pt\/liom2025\/wp-content\/uploads\/sites\/30\/2025\/03\/t-shirt-768x950.jpg 768w\" sizes=\"auto, (max-width: 1200px) 100vw, 1200px\" \/><\/p>\n<p><strong>INSCRI\u00c7\u00d5ES, PRAZOS E TAXAS<\/strong><\/p>\n<p>As inscri\u00e7\u00f5es nos escal\u00f5es de competi\u00e7\u00e3o ter\u00e3o de ser efetuadas at\u00e9 \u00e0s 23h59 do dia 18 e abril de 2025.<\/p>\n<p>Ap\u00f3s 18 de abril n\u00e3o ser\u00e3o aceites inscri\u00e7\u00f5es para os escal\u00f5es de competi\u00e7\u00e3o.<\/p>\n<p>Ap\u00f3s essa data apenas ser\u00e3o aceites inscri\u00e7\u00f5es nos escal\u00f5es Abertos, sempre condicionadas \u00e0 exist\u00eancia de mapas, pelo que, para garantia de disponibilidade de mapa, dever\u00e3o os participantes nos escal\u00f5es Abertos efetuar a sua inscri\u00e7\u00e3o at\u00e9 18 de abril.<\/p>\n<p><strong>Aquando da inscri\u00e7\u00e3o o atleta deve registar:<\/strong><\/p>\n<p>&#8211; <strong>Pedidos especiais<\/strong> para <strong>horas de partida<\/strong> (no campo de observa\u00e7\u00f5es do Ori O\u00e1sis);<\/p>\n<p>&#8211; O tamanho da <strong>T-shirt<\/strong> de oferta: XS, S, M, L ou XL;<\/p>\n<p>&#8211; O pedido de <strong>dormida em solo duro<\/strong> (se for o caso);<\/p>\n<p>&#8211; O servi\u00e7o de <strong>babysiting<\/strong> nas 4 etapas (se for o caso);<\/p>\n<p>&#8211; Se estiver interessado, a compra da <strong>senha para o almo\u00e7o de S\u00e1bado<\/strong>, dia em que se disputar\u00e1 a etapa de dist\u00e2ncia Longa em Vila do Touro. A ementa e o pre\u00e7o ser\u00e3o divulgados oportunamente no site e no Ori O\u00e1sis.<\/p>\n<p><strong>Taxas de inscri\u00e7\u00e3o:<\/strong><\/p>\n<p>Pre\u00e7os indicados por prova\/pessoa em tabela constante neste separador<\/p>\n<p><strong>Campeonato Nacional Temp-O<\/strong><\/p>\n<table>\n<tbody>\n<tr style=\"height: 27px;\">\n<td style=\"height: 27px; width: 99.696%;\" colspan=\"2\"><strong>FEDERADOS FPO &amp; FEDO<\/strong><\/td>\n<\/tr>\n<tr style=\"height: 27px;\">\n<td style=\"height: 27px; width: 53.1915%;\">Open<\/td>\n<td style=\"height: 27px; width: 46.5046%;\">10,00\u20ac<\/td>\n<\/tr>\n<\/tbody>\n<\/table>\n<table>\n<tbody>\n<tr style=\"height: 27px;\">\n<td style=\"height: 27px; width: 99.696%;\" colspan=\"2\"><strong>N\u00c3O FEDERADOS\u00a0<\/strong><\/td>\n<\/tr>\n<tr style=\"height: 27px;\">\n<td style=\"height: 27px; width: 53.1915%;\">Open<\/td>\n<td style=\"height: 27px; width: 46.5046%;\">17,00\u20ac<\/td>\n<\/tr>\n<\/tbody>\n<\/table>\n<p><strong>Escal\u00f5es de Competi\u00e7\u00e3o e Forma\u00e7\u00e3o (pre\u00e7o por etapa \u2013 M\u00e9dia e Longa):<\/strong><\/p>\n<table width=\"529\">\n<tbody>\n<tr>\n<td colspan=\"2\" width=\"525\"><strong>FEDERADOS FPO &amp; FEDO<\/strong><\/td>\n<\/tr>\n<tr>\n<td width=\"280\">At\u00e9 aos 20 anos<\/td>\n<td width=\"243\">5,50\u20ac<\/td>\n<\/tr>\n<tr>\n<td width=\"280\">Maiores que 20 anos<\/td>\n<td width=\"243\">10,00\u20ac<\/td>\n<\/tr>\n<tr>\n<td colspan=\"2\" width=\"525\"><strong>N\u00c3O FEDERADOS participantes em escal\u00f5es de competi\u00e7\u00e3o *<\/strong><\/td>\n<\/tr>\n<tr>\n<td width=\"280\">At\u00e9 aos 20 anos<\/td>\n<td width=\"243\">12,00\u20ac<\/td>\n<\/tr>\n<tr>\n<td width=\"280\">Maiores que 20 anos<\/td>\n<td width=\"243\">19,00\u20ac<\/td>\n<\/tr>\n<tr>\n<td width=\"280\"><strong>DESPORTO ESCOLAR<\/strong>\u00a0**<\/td>\n<td width=\"243\">3,00\u20ac<\/td>\n<\/tr>\n<\/tbody>\n<\/table>\n<p><strong>Escal\u00f5es de Competi\u00e7\u00e3o e Forma\u00e7\u00e3o (pre\u00e7o por etapa \u2013 Sprint):<\/strong><\/p>\n<table width=\"529\">\n<tbody>\n<tr>\n<td colspan=\"2\" width=\"525\"><strong>FEDERADOS FPO &amp; FEDO<\/strong><\/td>\n<\/tr>\n<tr>\n<td width=\"280\">At\u00e9 aos 20 anos<\/td>\n<td width=\"243\">4,50\u20ac<\/td>\n<\/tr>\n<tr>\n<td width=\"280\">Maiores que 20 anos<\/td>\n<td width=\"243\">8,00\u20ac<\/td>\n<\/tr>\n<tr>\n<td colspan=\"2\" width=\"525\"><strong>N\u00c3O FEDERADOS participantes em escal\u00f5es de competi\u00e7\u00e3o *<\/strong><\/td>\n<\/tr>\n<tr>\n<td width=\"280\">At\u00e9 aos 20 anos<\/td>\n<td width=\"243\">11,00\u20ac<\/td>\n<\/tr>\n<tr>\n<td width=\"280\">Maiores que 20 anos<\/td>\n<td width=\"243\">16,00\u20ac<\/td>\n<\/tr>\n<tr>\n<td width=\"280\"><strong>DESPORTO ESCOLAR<\/strong>\u00a0**<\/td>\n<td width=\"243\">3,00\u20ac<\/td>\n<\/tr>\n<\/tbody>\n<\/table>\n<p><strong>Escal\u00f5es Abertos (pre\u00e7o por etapa \u2013 M\u00e9dia e Longa) *<\/strong><\/p>\n<table width=\"660\">\n<tbody>\n<tr>\n<td width=\"171\"><strong>\u00a0<\/strong><\/td>\n<td width=\"205\"><strong>Federados FPO &amp; Fedo<\/strong><\/td>\n<td width=\"205\"><strong>N\u00e3o Federados<\/strong><\/td>\n<\/tr>\n<tr>\n<td width=\"171\">At\u00e9 20 anos<\/td>\n<td width=\"205\">5,50\u20ac<\/td>\n<td width=\"205\">6,00\u20ac<\/td>\n<\/tr>\n<tr>\n<td width=\"171\">Maior que 20 anos<\/td>\n<td width=\"205\">10,00\u20ac<\/td>\n<td width=\"205\">11,00\u20ac<\/td>\n<\/tr>\n<\/tbody>\n<\/table>\n<p><strong>Escal\u00f5es Abertos (pre\u00e7o por etapa \u2013 Sprint) *<\/strong><\/p>\n<table width=\"660\">\n<tbody>\n<tr>\n<td width=\"171\"><strong>\u00a0<\/strong><\/td>\n<td width=\"205\"><strong>Federados FPO &amp; Fedo<\/strong><\/td>\n<td width=\"205\"><strong>N\u00e3o Federados<\/strong><\/td>\n<\/tr>\n<tr>\n<td width=\"171\">At\u00e9 20 anos<\/td>\n<td width=\"205\">4,50\u20ac<\/td>\n<td width=\"205\">5,00\u20ac<\/td>\n<\/tr>\n<tr>\n<td width=\"171\">Maior que 20 anos<\/td>\n<td width=\"205\">8,00\u20ac<\/td>\n<td width=\"205\">9,00\u20ac<\/td>\n<\/tr>\n<\/tbody>\n<\/table>\n<p><strong>\u00a0<\/strong><strong>*<\/strong>Estas taxas j\u00e1 incluem o seguro desportivo.<\/p>\n<p><strong>**<\/strong>Isen\u00e7\u00e3o de pagamento de Sport Ident e taxa de seguro, desde que enquadrados pelos docentes, sendo obrigat\u00f3ria a apresenta\u00e7\u00e3o do comprovativo do seguro escolar, passado pelo estabelecimento de ensino.<\/p>\n<p><strong>OUTRAS TAXAS:<\/strong><\/p>\n<p><strong>1) Aluguer de Sport Ident<\/strong><\/p>\n<p>Aos atletas participantes em escal\u00f5es de Competi\u00e7\u00e3o e Forma\u00e7\u00e3o, ser\u00e1 cobrada uma taxa di\u00e1ria de 2,00\u20ac caso necessitem de alugar SI Card normal ou 3,50\u20ac caso optem por um SI Card AIR.<\/p>\n<p>Os participantes nos escal\u00f5es abertos, est\u00e3o isentos do custo do aluguer do Si Card, exceto de pretenderem um SIAC<\/p>\n<p>Nota: A perda ou n\u00e3o devolu\u00e7\u00e3o do SI Card alugado implica o pagamento de 35\u20ac a 75\u20ac, conforme o tipo de SI Card.<\/p>\n<p>2)\u00a0<strong>Altera\u00e7\u00f5es de \u00faltima hora de inscri\u00e7\u00f5es<\/strong>:<\/p>\n<p>As altera\u00e7\u00f5es efetuadas ap\u00f3s 18 de abril (mudan\u00e7as de escal\u00e3o, troca de SI Card, etc.) est\u00e3o sujeitas ao pagamento de uma taxa adicional de 2,00\u20ac.<\/p>\n<p><strong>Seguro Desportivo<\/strong><\/p>\n<p><strong>\u00a0<\/strong>Atletas federados na Federa\u00e7\u00e3o Portuguesa de Orienta\u00e7\u00e3o (FPO) e atletas n\u00e3o federados, nacionais ou estrangeiros, com ou sem resid\u00eancia em Portugal, est\u00e3o cobertos pelo seguro da FPO.<\/p>\n<p>Os participantes n\u00e3o federados, aquando da sua inscri\u00e7\u00e3o, ter\u00e3o de fornecer o seu NIF portugu\u00eas, se o tiverem, ou sendo estrangeiros n\u00e3o residentes, ter\u00e3o que fornecer o seu n\u00famero de identifica\u00e7\u00e3o do seu pa\u00eds de resid\u00eancia e ou nacionalidade.<\/p>\n<p>Atletas federados na FEDO estar\u00e3o ao abrigo do seguro da Federa\u00e7\u00e3o Espanhola.<\/p>\n<p><strong>\u00a0<\/strong><strong>PROCESSO DE INSCRI\u00c7\u00c3O<\/strong><\/p>\n<p><strong>\u00a0<\/strong><strong>Forma de Inscri\u00e7\u00e3o:<\/strong><\/p>\n<p>\u2013 As inscri\u00e7\u00f5es dos atletas federados ou pertencentes a clubes filiados na FPO dever\u00e3o ser efetuadas diretamente pelo Ori O\u00e1sis (<a href=\"http:\/\/www.orioasis.pt\"><strong>www.orioasis.pt<\/strong><\/a><strong>).<\/strong><\/p>\n<p>&#8211; As inscri\u00e7\u00f5es dos atletas FEDO dever\u00e3o ser efetuadas diretamente pelo Ori O\u00e1sis (<a href=\"http:\/\/www.orioasis.pt\"><strong>www.orioasis.pt<\/strong><\/a><strong>) <\/strong>entrando com a password SICO.<\/p>\n<p>\u2013 Os atletas n\u00e3o federados podem realizar a inscri\u00e7\u00e3o diretamente no Ori O\u00e1sis acedendo \u00e0s Inscri\u00e7\u00f5es Express que n\u00e3o requerem login.<\/p>\n<p>Para a inscri\u00e7\u00e3o no Ori O\u00e1sis deve ter consigo os seguintes dados (individual, a pares ou em grupo):<\/p>\n<p>Nome(s) do(s) participante(s), Data(s) de nascimento, NIF, ou sendo estrangeiro e n\u00e3o possuindo NIF portugu\u00eas, deve indicar o seu n\u00famero de identifica\u00e7\u00e3o ou passaporte), N\u00ba do SI Card, caso tenha um. Caso n\u00e3o tenha, ser-lhe-\u00e1 alugado um normal ou AIR (a perda ou n\u00e3o devolu\u00e7\u00e3o do SI Card alugado implica o pagamento de 35 a 75\u20ac dependente do modelo do SI Card); N\u00ba de telem\u00f3vel ou e-mail; Escal\u00e3o de participa\u00e7\u00e3o; Etapa ou etapas em que pretende participar.<\/p>\n<p>Os atletas que pretendam participar em par ou grupo em escal\u00f5es Abertos devem efetuar apenas uma \u00fanica inscri\u00e7\u00e3o, mencionando os dados obrigat\u00f3rios de todos os participantes que constituem o grupo.<\/p>\n<p>As inscri\u00e7\u00f5es para os escal\u00f5es abertos devem ser feitas at\u00e9 ao dia 18 abril. Ap\u00f3s esta data e at\u00e9 ao dia 22 abril, podem solicitar inscri\u00e7\u00e3o para o email <a href=\"mailto:info@coc.pt\"><strong>info@coc.pt<\/strong><\/a>, ou presencialmente no secretariado, sempre condicionadas \u00e0 disponibilidade de mapa.<\/p>\n<p>Em caso de dificuldade na realiza\u00e7\u00e3o do processo de inscri\u00e7\u00e3o, agradecemos que contacte: <a href=\"mailto:info@coc.pt\"><strong>info@coc.pt<\/strong><\/a><\/p>\n<p><strong>Como pagar<\/strong><\/p>\n<p><strong>O pagamento das inscri\u00e7\u00f5es<\/strong> poder\u00e1 ser efetuado por Cart\u00e3o de Cr\u00e9dito ou Paypal (Pagamento Online Seguro \u2013 POS, atrav\u00e9s do Ori O\u00e1sis), Multibanco (MB) ou transfer\u00eancia banc\u00e1ria, <strong>at\u00e9 ao dia 22 de abril de 2025, para que as mesmas sejam consideradas v\u00e1lidas.<\/strong><\/p>\n<p>Caso o atleta opte por pagamento por transfer\u00eancia banc\u00e1ria,<strong> ter\u00e3o de enviar o comprovativo do seu pagamento at\u00e9 22 de abril de 2025, <\/strong>preferencialmente pelo Ori O\u00e1sis, ou para o email <strong><u>info@coc.pt.<\/u><\/strong><\/p>\n<p>Para a emiss\u00e3o da fatura, quando escolhe o m\u00e9todo de pagamento deve picar no campo \u201cPreencher dados para factura\u00e7\u00e3o\u201d, conforme imagem abaixo.<\/p>\n<p><img loading=\"lazy\" decoding=\"async\" class=\"aligncenter wp-image-809 size-large\" src=\"http:\/\/eventos.coc.pt\/liom2025\/wp-content\/uploads\/sites\/30\/2025\/01\/WhatsApp-Image-2025-01-29-at-20.20.11-2-1024x319.jpg\" alt=\"\" width=\"1024\" height=\"319\" srcset=\"https:\/\/eventos.coc.pt\/liom2025\/wp-content\/uploads\/sites\/30\/2025\/01\/WhatsApp-Image-2025-01-29-at-20.20.11-2-1024x319.jpg 1024w, https:\/\/eventos.coc.pt\/liom2025\/wp-content\/uploads\/sites\/30\/2025\/01\/WhatsApp-Image-2025-01-29-at-20.20.11-2-300x94.jpg 300w, https:\/\/eventos.coc.pt\/liom2025\/wp-content\/uploads\/sites\/30\/2025\/01\/WhatsApp-Image-2025-01-29-at-20.20.11-2-768x240.jpg 768w, https:\/\/eventos.coc.pt\/liom2025\/wp-content\/uploads\/sites\/30\/2025\/01\/WhatsApp-Image-2025-01-29-at-20.20.11-2.jpg 1475w\" sizes=\"auto, (max-width: 1024px) 100vw, 1024px\" \/><\/p>\n<p>De forma a facilitar o processo de acredita\u00e7\u00e3o, a Organiza\u00e7\u00e3o tem prefer\u00eancia que os pagamentos sejam efetuados por pagamento autom\u00e1tico.<\/p>\n<p><strong>Pagamento por Cart\u00e3o de Cr\u00e9dito ou Paypal \u2013 Pagamento Online Seguro (POS)<\/strong><\/p>\n<p>Cart\u00e3o de cr\u00e9dito ou Paypal<\/p>\n<p><img loading=\"lazy\" decoding=\"async\" class=\"aligncenter wp-image-449 size-full\" src=\"http:\/\/eventos.coc.pt\/liom2025\/wp-content\/uploads\/sites\/30\/2022\/12\/Pagamentos.jpg\" alt=\"\" width=\"710\" height=\"54\" srcset=\"https:\/\/eventos.coc.pt\/liom2025\/wp-content\/uploads\/sites\/30\/2022\/12\/Pagamentos.jpg 710w, https:\/\/eventos.coc.pt\/liom2025\/wp-content\/uploads\/sites\/30\/2022\/12\/Pagamentos-300x23.jpg 300w\" sizes=\"auto, (max-width: 710px) 100vw, 710px\" \/><\/p>\n<p><strong>Pagamento por Multibanco (MB)<\/strong><\/p>\n<p><img loading=\"lazy\" decoding=\"async\" class=\"aligncenter wp-image-449 size-full\" src=\"http:\/\/eventos.coc.pt\/liom2025\/wp-content\/uploads\/sites\/30\/2022\/12\/Pagamentos.jpg\" alt=\"\" width=\"710\" height=\"54\" srcset=\"https:\/\/eventos.coc.pt\/liom2025\/wp-content\/uploads\/sites\/30\/2022\/12\/Pagamentos.jpg 710w, https:\/\/eventos.coc.pt\/liom2025\/wp-content\/uploads\/sites\/30\/2022\/12\/Pagamentos-300x23.jpg 300w\" sizes=\"auto, (max-width: 710px) 100vw, 710px\" \/><\/p>\n<p><img loading=\"lazy\" decoding=\"async\" class=\"alignnone wp-image-450 size-full\" src=\"http:\/\/eventos.coc.pt\/liom2025\/wp-content\/uploads\/sites\/30\/2022\/12\/Pagamentos2.jpg\" alt=\"\" width=\"45\" height=\"53\" \/><\/p>\n<p>Ap\u00f3s registo da inscri\u00e7\u00e3o no Ori O\u00e1sis, dever\u00e1 selecionar MB como meio de pagamento e ser\u00e1 gerada a refer\u00eancia e entidade MB para proceder ao pagamento.<\/p>\n<p><strong>Pagamento por transfer\u00eancia banc\u00e1ria<\/strong><\/p>\n<p>Os pagamentos efetuados por transfer\u00eancias bancarias, devem ser feitos para a seguinte conta banc\u00e1ria:<\/p>\n<p><strong>Nome do banco<\/strong>: Caixa Geral de Dep\u00f3sitos<\/p>\n<p><strong>Titular da conta<\/strong>: COC \u2013 Clube Orienta\u00e7\u00e3o do Centro<\/p>\n<p><strong>Ag\u00eancia<\/strong>: Leiria \u2013 Marqu\u00eas de Pombal<\/p>\n<p><strong>Morada da Ag\u00eancia<\/strong>: Avenida Marqu\u00eas de Pombal, 1, 2410 \u2013 152 Leiria<\/p>\n<p><strong>IBAN<\/strong>: PT50 0035 0394 00004000030 10<\/p>\n<p><strong>SWIFT CODE BIC<\/strong>: CGDIPTPL<\/p>\n<p>&nbsp;<\/p>\n<p><strong>\u00a0<\/strong><strong>Processamento do pagamento<\/strong><\/p>\n<p><strong>Pagamento Online Seguro (POS \u2013 Paypal ou cart\u00e3o cr\u00e9dito):<\/strong><\/p>\n<p>O processamento do pagamento \u00e9 autom\u00e1tico.<\/p>\n<p><strong>Pagamento com MB<\/strong><\/p>\n<p>O processamento do pagamento \u00e9 autom\u00e1tico.<\/p>\n<p><strong>Pagamento por transfer\u00eancia banc\u00e1ria<\/strong><\/p>\n<p>Para todas as inscri\u00e7\u00f5es pagas por transfer\u00eancia banc\u00e1ria \u00e9 obrigat\u00f3rio proceder ao envio do comprovativo de pagamento preferencialmente pelo Ori O\u00e1sis, ou para o email <strong><u>info@coc.pt<\/u><\/strong> at\u00e9 dia 22 de abril de 2025.<\/p>\n<p>Para\u00a0<strong>pagamentos totais de clubes<\/strong> indique sempre o nome clube no descritivo.<\/p>\n<p>Para\u00a0<strong>pagamentos parciais de clubes<\/strong>, indique nos coment\u00e1rios o clube e a lista de atletas a que se refere o pagamento, ou envie um email \u00e0 Organiza\u00e7\u00e3o <strong>(info@coc.pt)<\/strong>\u00a0com a lista de atletas e o comprovativo da transfer\u00eancia.<\/p>\n<p>Para <strong>Inscri\u00e7\u00f5es Express do Ori O\u00e1sis<\/strong>, por favor coloque o Express Code no descritivo do pagamento.<\/p>\n<p>Todas as despesas inerentes \u00e0s transfer\u00eancias banc\u00e1rias devem ser suportadas pelo ordenante. Se alguma despesa referente \u00e0s transfer\u00eancias banc\u00e1rias for indevidamente cobrada \u00e0 Organiza\u00e7\u00e3o, as mesmas ser\u00e3o pagas posteriormente pelos clubes ou atletas.<\/p>\n<p><strong>Caso tenha dificuldades ou alguma d\u00favida por favor enviar e-mail para:\u00a0<\/strong><a href=\"mailto:info@coc.pt\"><strong>info@coc.pt<\/strong><\/a><\/p>\n","protected":false},"excerpt":{"rendered":"<p>INSCRI\u00c7\u00d5ES MENSAGEM IMPORTANTE PARA ATLETAS ESPANHOIS \u2013 COM LICEN\u00c7A FEDO: Para que as inscri\u00e7\u00f5es dos atletas com licen\u00e7a FEDO tenha os pre\u00e7os corretos (os mesmos pre\u00e7os dos atletas com licen\u00e7a FPO), os atletas FEDO n\u00e3o podem submeter as inscri\u00e7\u00f5es atrav\u00e9s de \u201cInscri\u00e7\u00e3o Express\u201d. Para se registarem corretamente dever\u00e3o primeiro fazer login no Ori O\u00e1sis, usando &hellip; <a href=\"https:\/\/eventos.coc.pt\/liom2025\/inscricoes\/\" class=\"more-link\">Continuar a ler <span class=\"screen-reader-text\">Inscri\u00e7\u00f5es<\/span><\/a><\/p>\n","protected":false},"author":1,"featured_media":0,"parent":0,"menu_order":10,"comment_status":"closed","ping_status":"closed","template":"","meta":{"footnotes":""},"class_list":["post-17","page","type-page","status-publish","hentry"],"_links":{"self":[{"href":"https:\/\/eventos.coc.pt\/liom2025\/wp-json\/wp\/v2\/pages\/17","targetHints":{"allow":["GET"]}}],"collection":[{"href":"https:\/\/eventos.coc.pt\/liom2025\/wp-json\/wp\/v2\/pages"}],"about":[{"href":"https:\/\/eventos.coc.pt\/liom2025\/wp-json\/wp\/v2\/types\/page"}],"author":[{"embeddable":true,"href":"https:\/\/eventos.coc.pt\/liom2025\/wp-json\/wp\/v2\/users\/1"}],"replies":[{"embeddable":true,"href":"https:\/\/eventos.coc.pt\/liom2025\/wp-json\/wp\/v2\/comments?post=17"}],"version-history":[{"count":34,"href":"https:\/\/eventos.coc.pt\/liom2025\/wp-json\/wp\/v2\/pages\/17\/revisions"}],"predecessor-version":[{"id":862,"href":"https:\/\/eventos.coc.pt\/liom2025\/wp-json\/wp\/v2\/pages\/17\/revisions\/862"}],"wp:attachment":[{"href":"https:\/\/eventos.coc.pt\/liom2025\/wp-json\/wp\/v2\/media?parent=17"}],"curies":[{"name":"wp","href":"https:\/\/api.w.org\/{rel}","templated":true}]}}