{"id":21,"date":"2016-09-02T15:32:45","date_gmt":"2016-09-02T15:32:45","guid":{"rendered":"http:\/\/eventos.coc.pt\/piom2018\/?page_id=21"},"modified":"2025-04-24T08:10:13","modified_gmt":"2025-04-24T08:10:13","slug":"organizacao","status":"publish","type":"page","link":"https:\/\/eventos.coc.pt\/liom2025\/organizacao\/","title":{"rendered":"Organiza\u00e7\u00e3o"},"content":{"rendered":"<p><strong>Diretor do Evento<\/strong><\/p>\n<p>Carlos Vale \u2013 FPO 4455<\/p>\n<p><strong>Supervisor FPO:<\/strong><\/p>\n<p>Rui Morais \u2013 FPO 2188<\/p>\n<p><strong>Diretor T\u00e9cnico<\/strong><\/p>\n<p>Carlos Monteiro \u2013 FPO 1931<\/p>\n<p><strong>J\u00fari T\u00e9cnico<\/strong><\/p>\n<p>Ant\u00f3nio Amador<\/p>\n<p>Nuno Pedro<\/p>\n<p>Jorge Baltazar<\/p>\n<p><strong>Log\u00edstica, Arena, Chegadas<\/strong><\/p>\n<p>Duarte Santo \u2013 FPO 2703 e M\u00e1rio Moreira \u2013 FPO 6403<\/p>\n<p><strong>Chegadas<\/strong><\/p>\n<p>Nuno Gr\u00e1cio \u2013 FPO 6433<\/p>\n<p><strong>Recursos Humanos e Transportes<\/strong><\/p>\n<p>Jos\u00e9 Bolr\u00e3o \u2013 FPO 4656<\/p>\n<p><strong>Partidas<\/strong><\/p>\n<p>Ant\u00f3nio Cotovio \u2013 FPO 4287<\/p>\n<p><strong>Cartografo:<\/strong><\/p>\n<p>Rui Antunes \u2013 FPO 1373 (Vila do Touro, Penamacor e Rach\u00e3)<\/p>\n<p>Alexandre Reis \u2013 FPO 1225 (Vila do Touro)<\/p>\n<p><strong>Tra\u00e7adores de Percursos:<\/strong><\/p>\n<p>M\u00e9dia e Longa &#8211; Carlos Monteiro | Duarte Santo | Tom\u00e1s Lima \u2013 FPO 3976<\/p>\n<p>Sprint \u2013 Carlos Monteiro | Duarte Santo<\/p>\n<p><strong>Inform\u00e1tica<\/strong><\/p>\n<p>Rui Bot\u00e3o \u2013 FPO 2377<\/p>\n<p><strong>Secretariado<\/strong><\/p>\n<p>S\u00edlvia Gon\u00e7alves \u2013 FPO 6632<\/p>\n","protected":false},"excerpt":{"rendered":"<p>Diretor do Evento Carlos Vale \u2013 FPO 4455 Supervisor FPO: Rui Morais \u2013 FPO 2188 Diretor T\u00e9cnico Carlos Monteiro \u2013 FPO 1931 J\u00fari T\u00e9cnico Ant\u00f3nio Amador Nuno Pedro Jorge Baltazar Log\u00edstica, Arena, Chegadas Duarte Santo \u2013 FPO 2703 e M\u00e1rio Moreira \u2013 FPO 6403 Chegadas Nuno Gr\u00e1cio \u2013 FPO 6433 Recursos Humanos e Transportes Jos\u00e9 &hellip; <a href=\"https:\/\/eventos.coc.pt\/liom2025\/organizacao\/\" class=\"more-link\">Continuar a ler <span class=\"screen-reader-text\">Organiza\u00e7\u00e3o<\/span><\/a><\/p>\n","protected":false},"author":1,"featured_media":0,"parent":0,"menu_order":8,"comment_status":"closed","ping_status":"closed","template":"","meta":{"footnotes":""},"class_list":["post-21","page","type-page","status-publish","hentry"],"_links":{"self":[{"href":"https:\/\/eventos.coc.pt\/liom2025\/wp-json\/wp\/v2\/pages\/21","targetHints":{"allow":["GET"]}}],"collection":[{"href":"https:\/\/eventos.coc.pt\/liom2025\/wp-json\/wp\/v2\/pages"}],"about":[{"href":"https:\/\/eventos.coc.pt\/liom2025\/wp-json\/wp\/v2\/types\/page"}],"author":[{"embeddable":true,"href":"https:\/\/eventos.coc.pt\/liom2025\/wp-json\/wp\/v2\/users\/1"}],"replies":[{"embeddable":true,"href":"https:\/\/eventos.coc.pt\/liom2025\/wp-json\/wp\/v2\/comments?post=21"}],"version-history":[{"count":20,"href":"https:\/\/eventos.coc.pt\/liom2025\/wp-json\/wp\/v2\/pages\/21\/revisions"}],"predecessor-version":[{"id":943,"href":"https:\/\/eventos.coc.pt\/liom2025\/wp-json\/wp\/v2\/pages\/21\/revisions\/943"}],"wp:attachment":[{"href":"https:\/\/eventos.coc.pt\/liom2025\/wp-json\/wp\/v2\/media?parent=21"}],"curies":[{"name":"wp","href":"https:\/\/api.w.org\/{rel}","templated":true}]}}