{"id":4,"date":"2016-08-29T23:31:01","date_gmt":"2016-08-29T23:31:01","guid":{"rendered":"http:\/\/eventos.coc.pt\/piom2018\/?page_id=4"},"modified":"2025-04-13T18:34:27","modified_gmt":"2025-04-13T18:34:27","slug":"programa","status":"publish","type":"page","link":"https:\/\/eventos.coc.pt\/liom2025\/programa\/","title":{"rendered":"Programa"},"content":{"rendered":"<p><strong>18 de abril (sexta-feira \u2013 23h59m) <\/strong><\/p>\n<p>Data-limite para inscri\u00e7\u00f5es em Escal\u00f5es de Competi\u00e7\u00e3o, Forma\u00e7\u00e3o e Abertos.<\/p>\n<p>Nota: As inscri\u00e7\u00f5es em Escal\u00f5es Abertos podem ser efetuadas at\u00e9 \u00e0 data da prova, ficando sempre dependentes da disponibilidade de mapas. Recomenda-se a todos os interessados em participar neste escal\u00e3o que realizem a inscri\u00e7\u00e3o at\u00e9 ao dia 18 de abril.<\/p>\n<p><strong>24 de abril (quinta-feira \u2013 Dia -1)<\/strong><\/p>\n<p>20h30 \u2013 Abertura do solo duro 1<\/p>\n<p>Solo Duro 1 \u2013 Pavilh\u00e3o Gimnodesportivo do Agrupamento de Escolas do Sabugal<\/p>\n<p><strong>25 de abril (sexta-feira \u2013 Dia 1)<\/strong><\/p>\n<p>9h00 \u2013 Abertura do Secretariado no Centro do Evento\/Arena \u2013 Sede da Associa\u00e7\u00e3o da Vila do Touro<\/p>\n<p>9h30 \u2013 Abertura da quarentena para o CN Temp-O<\/p>\n<p>9h45 &#8211; Partida dos 1\u00bas atletas CN Temp-O<\/p>\n<p>10h00 \u2013 Fecho da quarentena CN Temp-O<\/p>\n<p>14h30 \u2013 Abertura do Babysitting<\/p>\n<p>15h00 \u2013 In\u00edcio das Partidas \u2013 Dist\u00e2ncia M\u00e9dia \u2013 Vila do Touro<\/p>\n<p>15h10 \/ 16h10 \u2013 Partidas dos Escal\u00f5es Abertos, T10 e D\/H12<\/p>\n<p>17h45 &#8211; Entrega de Pr\u00e9mios CN Temp-O<\/p>\n<p>18h00 \u2013 Encerramento do Babysitting<\/p>\n<p>18h \u2013 Encerramento do Secretariado<\/p>\n<p>18h30 \u2013 Abertura do Solo Duro 1<\/p>\n<p>Banho no solo duro 1 Pavilh\u00e3o Gimnodesportivo do Agrupamento de Escolas do Sabugal<\/p>\n<p><strong>26 de abril (s\u00e1bado \u2013 Dia 2)<\/strong><\/p>\n<p><strong>MANH\u00c3<\/strong><\/p>\n<p>08h00 \u2013 Abertura do Secretariado no Centro do Evento\/Arena \u2013 Sede da Associa\u00e7\u00e3o da Vila do Touro<\/p>\n<p>09h00 \u2013 Abertura do Babysitting<\/p>\n<p>09h30 \u2013 In\u00edcio das Partidas \u2013 Dist\u00e2ncia Longa \u2013 Vila do Touro<\/p>\n<p>09h40 \/ 10h40 \u2013 Partidas dos Escal\u00f5es Abertos, T10 e D\/H12<\/p>\n<p>13h00 \u2013 Encerramento do Babysitting<\/p>\n<p>13h00 \u2013 Fecho do Secretariado<\/p>\n<p>14h30 \u2013 Abertura do Solo Duro 2 &#8211; Pavilh\u00e3o Gimnodesportivo de Penamacor<\/p>\n<p>14h30 \u2013 Abertura do Solo Duro 3 &#8211; Pavilh\u00e3o Gimnodesportivo de Penamacor<\/p>\n<p>15h00 \u2013 Fecho do Solo Duro 1 (Sabugal)<\/p>\n<p><strong>TARDE<\/strong><\/p>\n<p>16h30 \u2013 Abertura do Secretariado \u2013 Pavilh\u00e3o Gimnodesportivo de Penamacor (Solo Duro 2)<\/p>\n<p>16h30 \u2013 Abertura da Quarentena do Sprint \u2013 Pavilh\u00e3o Gimnodesportivo de Penamacor (Solo Duro 2)<\/p>\n<p>17h00 \u2013 Abertura do Babysitting<\/p>\n<p>17h15 \u2013 Fecho da Quarentena do Sprint<\/p>\n<p>17h30 \u2013 In\u00edcio das Partidas \u2013 Sprint \u2013 Pavilh\u00e3o Gimnodesportivo de Penamacor<\/p>\n<p>17h35 \/ 18h40 \u2013 Partidas dos Escal\u00f5es Abertos, T10 e D\/H12<\/p>\n<p>19h30 \u2013 Fecho do Secretariado<\/p>\n<p>19h30 \u2013 Encerramento do Babysitting<\/p>\n<p><strong>27 de abril (domingo \u2013 Dia 3)<\/strong><\/p>\n<p><strong>08h00 &#8211; Encerramento do Solo duro 2\u00a0 (Por realiza\u00e7\u00e3o de atividade desportiva no pavilh\u00e3o na manh\u00e3 de domingo, este ter\u00e1 que estar totalmente desocupado pelas 08h00 de domingo)<\/strong><\/p>\n<p>08h30 \u2013 Encerramento dos Solos Duro 1 (Sabugal)<\/p>\n<p>09h00 \u2013 Abertura do Secretariado na Arena \u2013 Mapa da Rach\u00e3 (\u00c1guas \u2013 Penamacor)<\/p>\n<p>09h30 \u2013 Abertura do Babysitting<\/p>\n<p>10h00 \u2013 In\u00edcio das Partidas \u2013 Dist\u00e2ncia M\u00e9dia \u2013 Mapa da Rach\u00e3 (\u00c1guas \u2013 Penamacor)<\/p>\n<p>10h10 \/ 11h10 \u2013 Partidas dos Escal\u00f5es Abertos, T10 e D\/H12<\/p>\n<p>12h30 \u2013 Encerramento do Secretariado<\/p>\n<p>13h00 \u2013 Fecho do Babysitting<\/p>\n<p>13h00 \u2013 Cerim\u00f3nia de Entrega de Pr\u00e9mios<\/p>\n<p>&nbsp;<\/p>\n","protected":false},"excerpt":{"rendered":"<p>18 de abril (sexta-feira \u2013 23h59m) Data-limite para inscri\u00e7\u00f5es em Escal\u00f5es de Competi\u00e7\u00e3o, Forma\u00e7\u00e3o e Abertos. Nota: As inscri\u00e7\u00f5es em Escal\u00f5es Abertos podem ser efetuadas at\u00e9 \u00e0 data da prova, ficando sempre dependentes da disponibilidade de mapas. Recomenda-se a todos os interessados em participar neste escal\u00e3o que realizem a inscri\u00e7\u00e3o at\u00e9 ao dia 18 de &hellip; <a href=\"https:\/\/eventos.coc.pt\/liom2025\/programa\/\" class=\"more-link\">Continuar a ler <span class=\"screen-reader-text\">Programa<\/span><\/a><\/p>\n","protected":false},"author":1,"featured_media":0,"parent":0,"menu_order":14,"comment_status":"closed","ping_status":"closed","template":"","meta":{"footnotes":""},"class_list":["post-4","page","type-page","status-publish","hentry"],"_links":{"self":[{"href":"https:\/\/eventos.coc.pt\/liom2025\/wp-json\/wp\/v2\/pages\/4","targetHints":{"allow":["GET"]}}],"collection":[{"href":"https:\/\/eventos.coc.pt\/liom2025\/wp-json\/wp\/v2\/pages"}],"about":[{"href":"https:\/\/eventos.coc.pt\/liom2025\/wp-json\/wp\/v2\/types\/page"}],"author":[{"embeddable":true,"href":"https:\/\/eventos.coc.pt\/liom2025\/wp-json\/wp\/v2\/users\/1"}],"replies":[{"embeddable":true,"href":"https:\/\/eventos.coc.pt\/liom2025\/wp-json\/wp\/v2\/comments?post=4"}],"version-history":[{"count":30,"href":"https:\/\/eventos.coc.pt\/liom2025\/wp-json\/wp\/v2\/pages\/4\/revisions"}],"predecessor-version":[{"id":921,"href":"https:\/\/eventos.coc.pt\/liom2025\/wp-json\/wp\/v2\/pages\/4\/revisions\/921"}],"wp:attachment":[{"href":"https:\/\/eventos.coc.pt\/liom2025\/wp-json\/wp\/v2\/media?parent=4"}],"curies":[{"name":"wp","href":"https:\/\/api.w.org\/{rel}","templated":true}]}}