{"id":406,"date":"2022-12-02T21:22:24","date_gmt":"2022-12-02T21:22:24","guid":{"rendered":"http:\/\/eventos.coc.pt\/piom2025\/?page_id=406"},"modified":"2025-03-11T22:13:03","modified_gmt":"2025-03-11T22:13:03","slug":"apresentacao","status":"publish","type":"page","link":"https:\/\/eventos.coc.pt\/liom2025\/apresentacao\/","title":{"rendered":"Apresenta\u00e7\u00e3o"},"content":{"rendered":"<p>O COC &#8211; Clube de Orienta\u00e7\u00e3o do Centro organiza nos dias 25, 26 e 27 de abril de 2025 o LIOM CIMO &#8211; Campeonato Ib\u00e9rico Masculino de Orienta\u00e7\u00e3o e conta com o apoio das C\u00e2maras Municipais de Penamacor e Sabugal, das Entidades Locais e do propriet\u00e1rio dos terrenos das etapas de floresta, contando ainda com a colabora\u00e7\u00e3o da Federa\u00e7\u00e3o Portuguesa e Espanhola de Orienta\u00e7\u00e3o.<\/p>\n<p>At\u00e9 \u00e0 edi\u00e7\u00e3o de 2023, o evento tinha o nome de PIOM (Penamacor International Orienteering Meeting), assumindo a partir da edi\u00e7\u00e3o de 2025 o nome de LIOM (Lynx Lands International Orienteering Meeting) em virtude da sua \u00e1rea geogr\u00e1fica estar agora em Terras de Lince, nos Concelhos de Penamacor e Sabugal.<\/p>\n<p>Trata-se de uma prova com 3 etapas de floresta pontu\u00e1veis para a Ta\u00e7a de Portugal de Orienta\u00e7\u00e3o Pedestre, 1 etapa pontu\u00e1vel para a Ta\u00e7a de Portugal de Sprint, enquanto as 2 etapas de floresta de s\u00e1bado e domingo e a etapa de sprint ser\u00e3o pontu\u00e1veis para a Liga Nacional de Espanha.<\/p>\n<p>Simultaneamente, nas etapas que se realizar\u00e3o s\u00e1bado e domingo (Longa, Sprint e M\u00e9dia) disputar-se-\u00e3o os t\u00edtulos de Campe\u00f5es Ib\u00e9ricos Masculinos.<\/p>\n<p>Inserido no LIOM disputar-se-\u00e1 na manh\u00e3 de sexta feira 25 de abril o Campeonato Nacional de Temp-O em Vila do Touro.<\/p>\n<p>O COC \u2013 Clube de Orienta\u00e7\u00e3o do Centro volta aos mapas da Rach\u00e3, atualizados e ampliados na zona Oeste e ao mapa urbano de Penamacor onde se realizaram as etapas do POM 2016 e PIOM 2018, para disputar as etapas de dist\u00e2ncia M\u00e9dia e Sprint.<\/p>\n<p>As etapas de dist\u00e2ncia M\u00e9dia de sexta-feira dia 25 (pontu\u00e1vel para a TP) e dist\u00e2ncia Longa de s\u00e1bado (pontu\u00e1vel para a TP, Liga Espanhola e Campeonato Ib\u00e9rico) ser\u00e3o disputadas numa \u00e1rea nunca antes cartografada, situada no Concelho de Sabugal, que abrange 3 freguesias, com o centro do evento em Vila do Touro.<\/p>\n<p>Nesta prova podem participar pessoas de todas as idades e sexo, federados e n\u00e3o federados, embora os n\u00e3o federados n\u00e3o poder\u00e3o disputar os t\u00edtulos ib\u00e9ricos.<\/p>\n<p>Ser\u00e3o preparados percursos adaptados aos distintos n\u00edveis dos participantes, com v\u00e1rios graus de dificuldade, podendo a participa\u00e7\u00e3o dos n\u00e3o federados ser efetuada nos escal\u00f5es de competi\u00e7\u00e3o apenas individualmente, ou nos escal\u00f5es abertos, aqui individualmente, em pares ou em grupo que n\u00e3o aconselhamos em n\u00famero superior a 3.<\/p>\n<p>Todas as informa\u00e7\u00f5es sobre estas competi\u00e7\u00f5es (localiza\u00e7\u00f5es, dist\u00e2ncias, listas de inscritos, tempos de partida, pr\u00e9mios\u2026) ser\u00e3o divulgadas regularmente no site da organiza\u00e7\u00e3o\u00a0<a href=\"http:\/\/www.coc.pt\/\">www.coc.pt<\/a>.<\/p>\n<p>Durante o evento ser\u00e1 poss\u00edvel usufruir da natureza e da regi\u00e3o conjugando lazer com a competi\u00e7\u00e3o.<\/p>\n","protected":false},"excerpt":{"rendered":"<p>O COC &#8211; Clube de Orienta\u00e7\u00e3o do Centro organiza nos dias 25, 26 e 27 de abril de 2025 o LIOM CIMO &#8211; Campeonato Ib\u00e9rico Masculino de Orienta\u00e7\u00e3o e conta com o apoio das C\u00e2maras Municipais de Penamacor e Sabugal, das Entidades Locais e do propriet\u00e1rio dos terrenos das etapas de floresta, contando ainda com &hellip; <a href=\"https:\/\/eventos.coc.pt\/liom2025\/apresentacao\/\" class=\"more-link\">Continuar a ler <span class=\"screen-reader-text\">Apresenta\u00e7\u00e3o<\/span><\/a><\/p>\n","protected":false},"author":1,"featured_media":0,"parent":0,"menu_order":0,"comment_status":"closed","ping_status":"closed","template":"","meta":{"footnotes":""},"class_list":["post-406","page","type-page","status-publish","hentry"],"_links":{"self":[{"href":"https:\/\/eventos.coc.pt\/liom2025\/wp-json\/wp\/v2\/pages\/406","targetHints":{"allow":["GET"]}}],"collection":[{"href":"https:\/\/eventos.coc.pt\/liom2025\/wp-json\/wp\/v2\/pages"}],"about":[{"href":"https:\/\/eventos.coc.pt\/liom2025\/wp-json\/wp\/v2\/types\/page"}],"author":[{"embeddable":true,"href":"https:\/\/eventos.coc.pt\/liom2025\/wp-json\/wp\/v2\/users\/1"}],"replies":[{"embeddable":true,"href":"https:\/\/eventos.coc.pt\/liom2025\/wp-json\/wp\/v2\/comments?post=406"}],"version-history":[{"count":9,"href":"https:\/\/eventos.coc.pt\/liom2025\/wp-json\/wp\/v2\/pages\/406\/revisions"}],"predecessor-version":[{"id":848,"href":"https:\/\/eventos.coc.pt\/liom2025\/wp-json\/wp\/v2\/pages\/406\/revisions\/848"}],"wp:attachment":[{"href":"https:\/\/eventos.coc.pt\/liom2025\/wp-json\/wp\/v2\/media?parent=406"}],"curies":[{"name":"wp","href":"https:\/\/api.w.org\/{rel}","templated":true}]}}