{"id":408,"date":"2022-12-02T21:23:26","date_gmt":"2022-12-02T21:23:26","guid":{"rendered":"http:\/\/eventos.coc.pt\/piom2025\/?page_id=408"},"modified":"2024-11-20T08:12:26","modified_gmt":"2024-11-20T08:12:26","slug":"boas-vindas","status":"publish","type":"page","link":"https:\/\/eventos.coc.pt\/liom2025\/boas-vindas\/","title":{"rendered":"Boas Vindas"},"content":{"rendered":"<p><strong>Presidente da C\u00e2mara Municipal de Penamacor<\/strong><\/p>\n<p><img loading=\"lazy\" decoding=\"async\" class=\" wp-image-436 alignleft\" src=\"http:\/\/eventos.coc.pt\/liom2025\/wp-content\/uploads\/sites\/30\/2022\/12\/Presidente-Camara-PEnamacor-300x200.jpg\" alt=\"\" width=\"278\" height=\"185\" srcset=\"https:\/\/eventos.coc.pt\/liom2025\/wp-content\/uploads\/sites\/30\/2022\/12\/Presidente-Camara-PEnamacor-300x200.jpg 300w, https:\/\/eventos.coc.pt\/liom2025\/wp-content\/uploads\/sites\/30\/2022\/12\/Presidente-Camara-PEnamacor-1024x683.jpg 1024w, https:\/\/eventos.coc.pt\/liom2025\/wp-content\/uploads\/sites\/30\/2022\/12\/Presidente-Camara-PEnamacor-768x512.jpg 768w, https:\/\/eventos.coc.pt\/liom2025\/wp-content\/uploads\/sites\/30\/2022\/12\/Presidente-Camara-PEnamacor-272x182.jpg 272w, https:\/\/eventos.coc.pt\/liom2025\/wp-content\/uploads\/sites\/30\/2022\/12\/Presidente-Camara-PEnamacor.jpg 1100w\" sizes=\"auto, (max-width: 278px) 100vw, 278px\" \/><\/p>\n<p>&nbsp;<\/p>\n<p>&nbsp;<\/p>\n<p>&nbsp;<\/p>\n<p>&nbsp;<\/p>\n<p style=\"text-align: left;\">Sejam bem-vindos,<\/p>\n<p style=\"text-align: left;\">Penamacor volta a ser palco do Campeonato Ib\u00e9rico Masculino de Orienta\u00e7\u00e3o Pedestre (CIMO) prova que, desta feita, tamb\u00e9m decorre no concelho vizinho de Sabugal e com quem temos uma rela\u00e7\u00e3o estreita, sendo prova disso as in\u00fameras a\u00e7\u00f5es conjuntas como o projeto da Carta Europeia de Turismo Sustent\u00e1vel Terras do Lince ou o processo de Cogest\u00e3o do bel\u00edssimo territ\u00f3rio da Reserva Natural da Serra da Malcata, que une os dois munic\u00edpios. Com a realiza\u00e7\u00e3o de mais uma grande prova da modalidade, o LIOM \u2013 Lynx Lands Internacional Orienteering Meeting \u2013 CIMO, que decorre entre de 25 a 27 de abril de 2025, refor\u00e7amos,<br \/>\ncomo referi em edi\u00e7\u00f5es anteriores, a aposta em Penamacor como um destino europeu da modalidade. Estando Penamacor na zona fronteiri\u00e7a com Espanha, a organiza\u00e7\u00e3o deste Campeonato Ib\u00e9rico Masculino ganha, novamente, redobrada import\u00e2ncia, apresentando-se a prova como um not\u00e1vel cart\u00e3o de visita do concelho e apostando-se na divulga\u00e7\u00e3o de todo o patrim\u00f3nio hist\u00f3rico, cultural mas sobretudo natural da regi\u00e3o. \u00c9 importante ter em conta que as centenas de atletas que se deslocam neste per\u00edodo ao concelho, s\u00e3o acompanhadas por comitivas e familiares, que ajudam a divulgar Penamacor um pouco por todo o mundo, n\u00e3o fosse esta uma terra de encantos: a beleza natural da Serra da Malcata, o nosso patrim\u00f3nio, a nossa cultura, a nossa gastronomia e a nossa hospitalidade permitem que a visita ao concelho seja uma experi\u00eancia \u00fanica. A prova \u00e9 organizada numa parceria com o Clube de Orienta\u00e7\u00e3o do Centro (COC), parceria que dura desde 2016, que tem dado frutos e que consolida Penamacor<br \/>\ncomo palco de algumas das maiores provas mundiais e o territ\u00f3rio como um destino de refer\u00eancia para atletas nacionais e internacionais, que aqui encontram excelentes condi\u00e7\u00f5es para competir e treinar durante todo o ano.<\/p>\n<p style=\"text-align: left;\">Resta-me desejar uma boa prova a todos os participantes, do qual sair\u00e3o os novos campe\u00f5es ib\u00e9ricos, mas, sobretudo, demonstrar o nosso empenho para que todos os que nos visitarem tenham n\u00e3o s\u00f3 uma \u00f3tima estadia, mas uma experi\u00eancia incompar\u00e1vel que vos fa\u00e7a sentir vontade de regressar a este nosso pequeno para\u00edso.<\/p>\n<p style=\"text-align: left;\">\nBem-hajam<\/p>\n<p><strong>Presidente da C\u00e2mara Municipal do Sabugal<\/strong><\/p>\n<p><img loading=\"lazy\" decoding=\"async\" class=\"wp-image-720 alignleft\" src=\"http:\/\/eventos.coc.pt\/liom2025\/wp-content\/uploads\/sites\/30\/2024\/09\/Fotografia-Presidente-CM-Sabugal-200x300.jpeg\" alt=\"\" width=\"194\" height=\"291\" srcset=\"https:\/\/eventos.coc.pt\/liom2025\/wp-content\/uploads\/sites\/30\/2024\/09\/Fotografia-Presidente-CM-Sabugal-200x300.jpeg 200w, https:\/\/eventos.coc.pt\/liom2025\/wp-content\/uploads\/sites\/30\/2024\/09\/Fotografia-Presidente-CM-Sabugal-682x1024.jpeg 682w, https:\/\/eventos.coc.pt\/liom2025\/wp-content\/uploads\/sites\/30\/2024\/09\/Fotografia-Presidente-CM-Sabugal-768x1153.jpeg 768w, https:\/\/eventos.coc.pt\/liom2025\/wp-content\/uploads\/sites\/30\/2024\/09\/Fotografia-Presidente-CM-Sabugal-1023x1536.jpeg 1023w, https:\/\/eventos.coc.pt\/liom2025\/wp-content\/uploads\/sites\/30\/2024\/09\/Fotografia-Presidente-CM-Sabugal.jpeg 1066w\" sizes=\"auto, (max-width: 194px) 100vw, 194px\" \/>No Sabugal\u2026 com o Campeonato Ib\u00e9rico Masculino de Orienta\u00e7\u00e3o Pedestre \u201cTerras do Lince\u201d\u2026 surpreenda os sentidos!<\/p>\n<p>\u00c9 com enorme satisfa\u00e7\u00e3o que o Sabugal acolhe o Campeonato Ib\u00e9rico Masculino de Orienta\u00e7\u00e3o Pedestre \u201cTerras do Lince\u201d<\/p>\n<p>Saudamos todos os agentes envolvidos nesta prova de orienta\u00e7\u00e3o, organiza\u00e7\u00e3o, participantes, comunica\u00e7\u00e3o social, patrocinadores e todos quantos nos derem o privil\u00e9gio da sua visita.<\/p>\n<p>Esta prova enquadra-se numa estrat\u00e9gia de dinamiza\u00e7\u00e3o e promo\u00e7\u00e3o de atividades e eventos desportivos de massas, de cariz popular, de ar livre com perfeita adapta\u00e7\u00e3o \u00e0 excel\u00eancia ambiental do nosso concelho, e promotoras do bem-estar, do lazer, da sa\u00fade e da qualidade de vida dos mun\u00edcipes.<\/p>\n<p>O nosso patrim\u00f3nio natural (Rio C\u00f4a, Reserva Natural da Malcata), as nossas aldeias, os nossos castelos (Alfaiates, Sabugal, Sortelha, Vila do Touro, Vilar Maior), as nossas tradi\u00e7\u00f5es (Capeia Arraiana), as festividades, a gastronomia, as nossas gentes\u2026. ser\u00e3o motivos acrescidos de surpresa.<\/p>\n<p>Fa\u00e7o votos para que o evento seja um \u00eaxito a todos os n\u00edveis, que o esfor\u00e7o dos atletas e da Organiza\u00e7\u00e3o seja recompensado com o sucesso desportivo, mas acima de tudo, com o apoio merecido dos Sabugalenses.<\/p>\n<p>H\u00e1 muito que adot\u00e1mos o lema \u2018Sabugal \u2013 Surpreenda os Sentidos\u2019. E \u00e9 esse o desafio que aqui deixamos. Venha ao Sabugal. Conhe\u00e7a o Sabugal. Deixe-se surpreender pelo nosso concelho.<\/p>\n<p>V\u00edtor Proen\u00e7a<\/p>\n<p>Presidente da C\u00e2mara Municipal do Sabugal<\/p>\n<p>&nbsp;<\/p>\n<p><strong>Presidente do COC<\/strong><\/p>\n<p><img loading=\"lazy\" decoding=\"async\" class=\"size-full wp-image-439 alignleft\" src=\"http:\/\/eventos.coc.pt\/liom2025\/wp-content\/uploads\/sites\/30\/2022\/12\/Fotografia-2-Presidente-COC.jpg\" alt=\"\" width=\"150\" height=\"150\" \/><\/p>\n<p>\u00c9 com muita satisfa\u00e7\u00e3o e elevado sentido de responsabilidade, que o COC regressa ao Concelho de Penamacor e, pela primeira vez, ao Concelho de Sabugal, para a realiza\u00e7\u00e3o de mais uma prova internacional de Orienta\u00e7\u00e3o Pedestre, desta feita o Campeonato Ib\u00e9rico Masculino.<\/p>\n<p>Contamos com a participa\u00e7\u00e3o de toda a comunidade orientista, familiares, amigos e popula\u00e7\u00e3o em geral. Temos percursos adaptados para todos as idades bem como para quem quiser experimentar pela primeira vez o desafio da Orienta\u00e7\u00e3o.<\/p>\n<p>Este territ\u00f3rio de <em>\u201cTerras de Lince\u201d<\/em> tem terrenos fant\u00e1sticos e cheios de desafios para a pr\u00e1tica desta modalidade, onde os participantes ir\u00e3o certamente viver momentos inesquec\u00edveis a competir e a desfrutar da beleza natural desta fant\u00e1stica regi\u00e3o de Penamacor e Sabugal, povoada por gentes que sabem receber bem quem os visita.<\/p>\n<p>O COC, com os apoios dos 2 Munic\u00edpios, tudo far\u00e1 para realizar mais uma competi\u00e7\u00e3o de excel\u00eancia como \u00e9 seu timbre, deixando nos participantes o duplo sentimento de que, valeu a pena vir participar no LIOM 2025 e para quando novos desafios nestes terrenos.<\/p>\n<p>Bem hajam<\/p>\n<p>Jos\u00e9 Bolr\u00e3o<\/p>\n<p>Presidente do Clube de Orienta\u00e7\u00e3o do Centro<\/p>\n<p>&nbsp;<\/p>\n<p><strong>Presidente da FPO<\/strong><\/p>\n<p><img loading=\"lazy\" decoding=\"async\" class=\"size-medium wp-image-692 alignleft\" src=\"http:\/\/eventos.coc.pt\/liom2025\/wp-content\/uploads\/sites\/30\/2024\/09\/Fotografia-Presidente-FPO-270x300.jpeg\" alt=\"\" width=\"270\" height=\"300\" srcset=\"https:\/\/eventos.coc.pt\/liom2025\/wp-content\/uploads\/sites\/30\/2024\/09\/Fotografia-Presidente-FPO-270x300.jpeg 270w, https:\/\/eventos.coc.pt\/liom2025\/wp-content\/uploads\/sites\/30\/2024\/09\/Fotografia-Presidente-FPO.jpeg 739w\" sizes=\"auto, (max-width: 270px) 100vw, 270px\" \/><\/p>\n<p>\u00c9 com enorme satisfa\u00e7\u00e3o que, em nome da Federa\u00e7\u00e3o Portuguesa de Orienta\u00e7\u00e3o, vos dou as mais calorosas boas-vindas ao <strong>LIOM 2025<\/strong>, um evento que marca o calend\u00e1rio nacional e internacional da nossa modalidade. Este ano, temos o privil\u00e9gio de realizar o evento nos deslumbrantes concelhos do Sabugal e Penamacor, territ\u00f3rios ricos em beleza natural, hist\u00f3ria e tradi\u00e7\u00e3o, que oferecem as condi\u00e7\u00f5es ideais para a pr\u00e1tica da nossa modalidade.<\/p>\n<p>Uma palavra de apre\u00e7o e agradecimento \u00e0s C\u00e2maras Municipais de Penamacor e Sabugal e suas gentes, pelo acolhimento da Orienta\u00e7\u00e3o nos seus Concelhos e pelo incondicional apoio \u00e0 organiza\u00e7\u00e3o.<\/p>\n<p>Organizado pelo dedicado <strong>Clube de Orienta\u00e7\u00e3o do Centro<\/strong> (COC), o LIOM 2025 promete ser uma experi\u00eancia memor\u00e1vel, n\u00e3o apenas pela excel\u00eancia t\u00e9cnica dos percursos, mas tamb\u00e9m pela oportunidade de explorar paisagens \u00fanicas e desafiantes. Este evento \u00e9 mais uma demonstra\u00e7\u00e3o da vitalidade e do crescimento cont\u00ednuo da Orienta\u00e7\u00e3o em Portugal, uma modalidade que combina intelig\u00eancia, estrat\u00e9gia e esfor\u00e7o f\u00edsico, e que nos inspira a enfrentar o desconhecido com determina\u00e7\u00e3o e confian\u00e7a.<\/p>\n<p>A Orienta\u00e7\u00e3o vai al\u00e9m da simples competi\u00e7\u00e3o. \u00c9 uma atividade que nos conecta com a natureza, promove o desenvolvimento f\u00edsico e mental, e fomenta valores de respeito pelo meio ambiente e pelo pr\u00f3ximo. A pr\u00e1tica desta modalidade ensina-nos a tomar decis\u00f5es r\u00e1pidas, a sermos resilientes e a valorizarmos o esp\u00edrito de equipa e de fair play.<\/p>\n<p>A todos os participantes, desejo que desfrutem de cada momento e que tirem o m\u00e1ximo proveito das desafiantes provas que vos esperam. Que este LIOM 2025 seja uma oportunidade para testar os vossos limites, partilhar experi\u00eancias e, acima de tudo, celebrar a paix\u00e3o pela Orienta\u00e7\u00e3o.<\/p>\n<p>Boa sorte a todos e votos de grande sucesso para este evento!<\/p>\n<p>Com os melhores cumprimentos,<\/p>\n<p>Rui Mora<br \/>\n<strong>Presidente da Federa\u00e7\u00e3o Portuguesa de Orienta\u00e7\u00e3o<\/strong><\/p>\n<p>&nbsp;<\/p>\n","protected":false},"excerpt":{"rendered":"<p>Presidente da C\u00e2mara Municipal de Penamacor &nbsp; &nbsp; &nbsp; &nbsp; Sejam bem-vindos, Penamacor volta a ser palco do Campeonato Ib\u00e9rico Masculino de Orienta\u00e7\u00e3o Pedestre (CIMO) prova que, desta feita, tamb\u00e9m decorre no concelho vizinho de Sabugal e com quem temos uma rela\u00e7\u00e3o estreita, sendo prova disso as in\u00fameras a\u00e7\u00f5es conjuntas como o projeto da Carta &hellip; <a href=\"https:\/\/eventos.coc.pt\/liom2025\/boas-vindas\/\" class=\"more-link\">Continuar a ler <span class=\"screen-reader-text\">Boas Vindas<\/span><\/a><\/p>\n","protected":false},"author":1,"featured_media":0,"parent":0,"menu_order":0,"comment_status":"closed","ping_status":"closed","template":"","meta":{"footnotes":""},"class_list":["post-408","page","type-page","status-publish","hentry"],"_links":{"self":[{"href":"https:\/\/eventos.coc.pt\/liom2025\/wp-json\/wp\/v2\/pages\/408","targetHints":{"allow":["GET"]}}],"collection":[{"href":"https:\/\/eventos.coc.pt\/liom2025\/wp-json\/wp\/v2\/pages"}],"about":[{"href":"https:\/\/eventos.coc.pt\/liom2025\/wp-json\/wp\/v2\/types\/page"}],"author":[{"embeddable":true,"href":"https:\/\/eventos.coc.pt\/liom2025\/wp-json\/wp\/v2\/users\/1"}],"replies":[{"embeddable":true,"href":"https:\/\/eventos.coc.pt\/liom2025\/wp-json\/wp\/v2\/comments?post=408"}],"version-history":[{"count":25,"href":"https:\/\/eventos.coc.pt\/liom2025\/wp-json\/wp\/v2\/pages\/408\/revisions"}],"predecessor-version":[{"id":787,"href":"https:\/\/eventos.coc.pt\/liom2025\/wp-json\/wp\/v2\/pages\/408\/revisions\/787"}],"wp:attachment":[{"href":"https:\/\/eventos.coc.pt\/liom2025\/wp-json\/wp\/v2\/media?parent=408"}],"curies":[{"name":"wp","href":"https:\/\/api.w.org\/{rel}","templated":true}]}}