{"id":863,"date":"2025-03-12T18:58:44","date_gmt":"2025-03-12T18:58:44","guid":{"rendered":"https:\/\/eventos.coc.pt\/liom2025\/?page_id=863"},"modified":"2025-03-18T21:12:08","modified_gmt":"2025-03-18T21:12:08","slug":"temp-o","status":"publish","type":"page","link":"https:\/\/eventos.coc.pt\/liom2025\/temp-o\/","title":{"rendered":"CN Temp-O"},"content":{"rendered":"<p><strong>Informa\u00e7\u00e3o<\/strong><\/p>\n<ul>\n<li><strong>Programa<\/strong><\/li>\n<\/ul>\n<p><strong>25 abril 2025<\/strong><\/p>\n<p>9h00 \u2013 Abertura do secretariado (Arena do LIOM CIMO 2025)<\/p>\n<p>9h30 \u2013 Abertura da quarentena<\/p>\n<p>9h45 &#8211; Partida dos 1\u00bas atletas<\/p>\n<p>10h00 \u2013 Fecho da quarentena<\/p>\n<p>17h45 \u2013 Entrega de pr\u00e9mios (Arena)<\/p>\n<p>&nbsp;<\/p>\n<ul>\n<li><strong>Organizadores<\/strong><\/li>\n<\/ul>\n<p>Diretor do Evento \u2013 Jos\u00e9 Bolr\u00e3o<\/p>\n<p>Supervisor FPO \u2013 Jorge Baltazar<\/p>\n<p>Cartografia \u2013 Alexandre Reis<\/p>\n<p>Tra\u00e7ador Percursos \u2013 Alexandre Reis<\/p>\n<p>Impress\u00e3o Mapas \u2013 Carlos Lisboa \u2013 RGB<\/p>\n<p><strong>\u00a0<\/strong><\/p>\n<ul>\n<li><strong>Localiza\u00e7\u00e3o<\/strong><\/li>\n<\/ul>\n<p>Estacionamento &#8211; o mesmo da prova pedestre <strong>40.413077, -7.104034<\/strong><\/p>\n<p>Percurso at\u00e9 ao in\u00edcio da prova estar\u00e1 balizado a partir da arena (500 m).<\/p>\n<p>&nbsp;<\/p>\n<ul>\n<li><strong>Descri\u00e7\u00e3o do Terreno<\/strong><\/li>\n<\/ul>\n<p>Terreno com imensos pormenores rochosos e alguns bosques.<\/p>\n<p><strong>\u00a0<\/strong><\/p>\n<ul>\n<li><strong>Mapa<\/strong><\/li>\n<\/ul>\n<p>Escala: 1\/4000<\/p>\n<p>Equidist\u00e2ncia: 2,5 m<\/p>\n<p>Cartografia: ISSprom 2019-2<\/p>\n<p>Di\u00e2metro dos c\u00edrculos dos mapas de prova: 6cm<\/p>\n<p>&nbsp;<\/p>\n<p><img loading=\"lazy\" decoding=\"async\" class=\"aligncenter wp-image-869 size-full\" src=\"http:\/\/eventos.coc.pt\/liom2025\/wp-content\/uploads\/sites\/30\/2025\/03\/EXcerto-mapa-Tmpo-O.jpg\" alt=\"\" width=\"542\" height=\"402\" srcset=\"https:\/\/eventos.coc.pt\/liom2025\/wp-content\/uploads\/sites\/30\/2025\/03\/EXcerto-mapa-Tmpo-O.jpg 542w, https:\/\/eventos.coc.pt\/liom2025\/wp-content\/uploads\/sites\/30\/2025\/03\/EXcerto-mapa-Tmpo-O-300x223.jpg 300w\" sizes=\"auto, (max-width: 542px) 100vw, 542px\" \/><\/p>\n<ul>\n<li><strong>Percurso<\/strong><\/li>\n<\/ul>\n<p>N\u00ba de esta\u00e7\u00f5es: 5<\/p>\n<p>N\u00ba de desafios por esta\u00e7\u00e3o: 5<\/p>\n<p>Dist\u00e2ncia total do percurso: 350m<\/p>\n<p>Toler\u00e2ncia para resposta Z (zero): 4m<\/p>\n<p>Da partida at\u00e9 \u00e0 1\u00aa esta\u00e7\u00e3o e entre esta\u00e7\u00f5es os atletas devem seguir as indica\u00e7\u00f5es da organiza\u00e7\u00e3o e os locais de paragem.<\/p>\n<p><strong>No final do percurso o atleta regressa pelo caminho da prova n\u00e3o podendo interagir com os atletas que aguardam a realiza\u00e7\u00e3o do seu percurso. Apela-se ao fair-play!<\/strong><\/p>\n<ul>\n<li><strong>Acessibilidade<\/strong><\/li>\n<\/ul>\n<p>Percurso em estrada de alcatr\u00e3o e terra batida com piso regular e pouco inclinado<\/p>\n<ul>\n<li><strong>Procedimento da prova<\/strong><\/li>\n<\/ul>\n<p>Por forma a agilizar o fluxo da prova e reduzir os recursos humanos, o procedimento de execu\u00e7\u00e3o das esta\u00e7\u00f5es cronometradas ser\u00e1 simplificado:<\/p>\n<ul>\n<li>O atleta dirige-se at\u00e9 ao ponto de espera da esta\u00e7\u00e3o que est\u00e1 identificado por uma placa.<\/li>\n<li>Um elemento da organiza\u00e7\u00e3o acompanhar\u00e1 o atleta at\u00e9 \u00e0 esta\u00e7\u00e3o com o aux\u00edlio de um chap\u00e9u de chuva.<\/li>\n<li>Assim que chegue \u00e0 esta\u00e7\u00e3o, o atleta dever\u00e1 escolher o conjunto de mapas (livro ou folhas soltas) e indicar se vai falar (Alfabeto Fon\u00e9tico) ou apontar (numa t\u00e1bua de madeira).<\/li>\n<li>Logo depois um elemento da organiza\u00e7\u00e3o mostra as 6 balizas da esta\u00e7\u00e3o e o tempo come\u00e7a.<\/li>\n<li>Depois de realizados os desafios, um elemento da organiza\u00e7\u00e3o copia as respostas para o cart\u00e3o do atleta e d\u00e1 indica\u00e7\u00f5es de como se dirigir para a esta\u00e7\u00e3o seguinte.<\/li>\n<\/ul>\n<p>&nbsp;<\/p>\n<ul>\n<li><strong>Reclama\u00e7\u00f5es<\/strong><\/li>\n<li>Local &#8211; Chegada<\/li>\n<li>Tempo limite\n<ol>\n<li>Problemas t\u00e9cnicos \u2013 15 minutos rece\u00e7\u00e3o das solu\u00e7\u00f5es<\/li>\n<li>Erros de classifica\u00e7\u00e3o \u2013 15 minutos ap\u00f3s fixa\u00e7\u00e3o dos resultados provis\u00f3rios<\/li>\n<\/ol>\n<\/li>\n<\/ul>\n","protected":false},"excerpt":{"rendered":"<p>Informa\u00e7\u00e3o Programa 25 abril 2025 9h00 \u2013 Abertura do secretariado (Arena do LIOM CIMO 2025) 9h30 \u2013 Abertura da quarentena 9h45 &#8211; Partida dos 1\u00bas atletas 10h00 \u2013 Fecho da quarentena 17h45 \u2013 Entrega de pr\u00e9mios (Arena) &nbsp; Organizadores Diretor do Evento \u2013 Jos\u00e9 Bolr\u00e3o Supervisor FPO \u2013 Jorge Baltazar Cartografia \u2013 Alexandre Reis Tra\u00e7ador &hellip; <a href=\"https:\/\/eventos.coc.pt\/liom2025\/temp-o\/\" class=\"more-link\">Continuar a ler <span class=\"screen-reader-text\">CN Temp-O<\/span><\/a><\/p>\n","protected":false},"author":1,"featured_media":0,"parent":0,"menu_order":0,"comment_status":"closed","ping_status":"closed","template":"","meta":{"footnotes":""},"class_list":["post-863","page","type-page","status-publish","hentry"],"_links":{"self":[{"href":"https:\/\/eventos.coc.pt\/liom2025\/wp-json\/wp\/v2\/pages\/863","targetHints":{"allow":["GET"]}}],"collection":[{"href":"https:\/\/eventos.coc.pt\/liom2025\/wp-json\/wp\/v2\/pages"}],"about":[{"href":"https:\/\/eventos.coc.pt\/liom2025\/wp-json\/wp\/v2\/types\/page"}],"author":[{"embeddable":true,"href":"https:\/\/eventos.coc.pt\/liom2025\/wp-json\/wp\/v2\/users\/1"}],"replies":[{"embeddable":true,"href":"https:\/\/eventos.coc.pt\/liom2025\/wp-json\/wp\/v2\/comments?post=863"}],"version-history":[{"count":6,"href":"https:\/\/eventos.coc.pt\/liom2025\/wp-json\/wp\/v2\/pages\/863\/revisions"}],"predecessor-version":[{"id":877,"href":"https:\/\/eventos.coc.pt\/liom2025\/wp-json\/wp\/v2\/pages\/863\/revisions\/877"}],"wp:attachment":[{"href":"https:\/\/eventos.coc.pt\/liom2025\/wp-json\/wp\/v2\/media?parent=863"}],"curies":[{"name":"wp","href":"https:\/\/api.w.org\/{rel}","templated":true}]}}