{"id":11,"date":"2016-09-02T15:31:27","date_gmt":"2016-09-02T15:31:27","guid":{"rendered":"http:\/\/eventos.coc.pt\/piom2018\/?page_id=11"},"modified":"2023-05-09T19:48:11","modified_gmt":"2023-05-09T19:48:11","slug":"informacoes-gerais","status":"publish","type":"page","link":"https:\/\/eventos.coc.pt\/piomcimo2023\/informacoes-gerais\/","title":{"rendered":"Informa\u00e7\u00f5es Gerais"},"content":{"rendered":"<p>O PIOM\/CIMO 2023 \u00e9 um evento de Orienta\u00e7\u00e3o, pontu\u00e1vel para as Ta\u00e7as de Portugal, pedestre e sprint, e para a Liga Nacional de Espanha. O evento \u00e9 aberto a pessoas de qualquer idade, podendo participar nos escal\u00f5es de competi\u00e7\u00e3o ou nos escal\u00f5es abertos, individualmente, ou em grupo.<\/p>\n<p>Simultaneamente ser\u00e1 disputado o CIMO nos escal\u00f5es: H14, H16, H18, H20, H21Elite, H35, H40, H45, H50, H55, H60, H65, H70, H75.<\/p>\n<p>Qualquer participante masculino que se inscreva em qualquer escal\u00e3o diferente dos identificados no paragrafo acima, fica exclu\u00eddo de disputar o t\u00edtulo ib\u00e9rico.<\/p>\n<p>Ser\u00e3o apurados e premiados os vencedores do PIOM (em todos os escal\u00f5es) e os vencedores do CIMO (apenas nos escal\u00f5es acima identificados), pelo somat\u00f3rio dos pontos das tr\u00eas etapas.<\/p>\n<p><strong>\u00a0<\/strong><strong>REGULAMENTOS E REGRAS<\/strong><\/p>\n<p>O Campeonato Ib\u00e9rico Masculino de Orienta\u00e7\u00e3o 2023, no que respeita aos escal\u00f5es de competi\u00e7\u00e3o e atribui\u00e7\u00e3o de t\u00edtulos, rege-se pelo Protocolo FPO\/FEDO dispon\u00edvel\u00a0<a href=\"https:\/\/www.fpo.pt\/ficheiros\/Protocolos\/FEDO.pdf\"><strong>AQUI<\/strong><\/a><strong>.<\/strong><\/p>\n<p>Os t\u00edtulos ib\u00e9ricos s\u00e3o atribu\u00eddos nos seguintes escal\u00f5es:<\/p>\n<p>H14, H16, H18, H20, H21Elite, H35, H40, H45, H50, H55, H60, H65, H70, H75<\/p>\n<p>A competi\u00e7\u00e3o rege-se pelo Regulamento de Competi\u00e7\u00f5es da FPO 2023, que pode ser consultado\u00a0<strong>AQUI<\/strong>. \u2013 a divulgar oportunamente<\/p>\n<p>Em casos omissos ser\u00e1 aplicado o regulamento da IOF.<\/p>\n<p><strong>Solo Duro e Banhos<\/strong><\/p>\n<p>Pavilh\u00e3o Gimnodesportivo de Penamacor (principal)<\/p>\n<p>Pavilh\u00e3o da Escola Ribeiro Sanches (alternativo)<\/p>\n<p>Sal\u00e3o da Junta de Freguesia de Pedr\u00f3g\u00e3o de S\u00e3o Pedro (alternativo)<\/p>\n<p>Abertura: 6\u00aa feira &#8211; 18h\u00a0\/ Fecho: domingo &#8211; 16h<\/p>\n<p>Na tarde de s\u00e1bado dia 27 Maio, ap\u00f3s a disputa do Sprint, tamb\u00e9m estar\u00e3o dispon\u00edveis banhos nos balne\u00e1rios do campo de futebol de Pedr\u00f3g\u00e3o de S\u00e3o Pedro.<\/p>\n<p><u>Notas:<\/u><\/p>\n<p>\u00c9 proibido utilizar sapatos de bicos no interior dos recintos (pavilh\u00f5es) \/\/\/ \u00c9 proibido cozinhar e comer no interior dos pavilh\u00f5es.<\/p>\n<p><strong>Model Event<\/strong><\/p>\n<p><u>Mapa de Rach\u00e3 (M\u00e9dia &amp; Longa<\/u>)<\/p>\n<p>Estes mapas foram utilizados no POM 2016 e PIOM 2018, sendo terrenos muito similares ao que os atletas encontrar\u00e3o nas 2 provas de floresta que integram o campeonato ib\u00e9rico.<\/p>\n<p><u>Mapa de Meimoa (Sprint)<\/u><\/p>\n<p>Mapa utilizado no PIOM CIMO 2019, aldeia similar a Pedr\u00f3g\u00e3o de S\u00e3o Pedro onde se disputar\u00e1 a prova de sprint que integra o campeonato ib\u00e9rico<\/p>\n<p>Mapas do Model Event dispon\u00edveis no secretariado no dia 26 de Maio sexta-feira<\/p>\n<p><strong>Pre\u00e7o por mapa de Model Event (Floresta e sprint)<\/strong>: 3\u20ac<\/p>\n<p><strong>Peitoral CIMO 2023<\/strong><\/p>\n<p>Todos atletas inscritos <strong>n\u00e3o federados na FPO<\/strong> e que participem em escal\u00f5es de competi\u00e7\u00e3o, devem levantar o seu peitoral no secretariado.<\/p>\n<p><strong>Sprint<\/strong><\/p>\n<p>Existir\u00e1 uma quarentena antes da prova do Sprint, no campo de futebol de Pedr\u00f3g\u00e3o de S\u00e3o Pedro.<\/p>\n<p>A quarentena abre \u00e0s 16:00 e encerra \u00e0s 16:45.<\/p>\n<p>N\u00e3o ser\u00e1 permitida a entrada de nenhum atleta ap\u00f3s a hora indicada de fecho para participa\u00e7\u00e3o na competi\u00e7\u00e3o; caso entrem depois da hora do fecho, poder\u00e3o participar na prova, mas extracompeti\u00e7\u00e3o (n\u00e3o ser\u00e1 considerado o resultado para a classifica\u00e7\u00e3o geral no CIMO)<\/p>\n<p>O estacionamento junto \u00e0 quarentena ser\u00e1 em 3 locais distintos, nas imedia\u00e7\u00f5es da quarente e cuja localiza\u00e7\u00e3o deve ser consultada em \u201cLocaliza\u00e7\u00f5es\u201d. No local devem seguir as indica\u00e7\u00f5es do staff.<\/p>\n<p>Dos estacionamentos mais distante at\u00e9 \u00e0 ARENA\/QUARENTENA s\u00e3o cerca de 750 m sem desn\u00edvel (12 a 15 minutos a p\u00e9);<\/p>\n<p>Aparelhos electr\u00f3nicos como telem\u00f3veis, tablets, computadores; MP3\/4 com ecr\u00e3, ou similares, n\u00e3o s\u00e3o permitidos na Quarentena. O seu uso ser\u00e1 punido com a desqualifica\u00e7\u00e3o;<\/p>\n<p>N\u00e3o haver\u00e1 servi\u00e7o de recolha de malas\/ mochilas\/ sacos na quarentena, porque Partidas\/Chegadas\/Quarentena est\u00e3o localizadas na Arena.<\/p>\n<p>A Organiza\u00e7\u00e3o n\u00e3o se responsabiliza por danos\/perdas de material, aconselhando os atletas a guardarem os seus objectos de forma segura;<\/p>\n<p><strong>Altera\u00e7\u00f5es de SI Card<\/strong><\/p>\n<p>As altera\u00e7\u00f5es de SI Card tem obrigatoriamente de ser solicitadas no secretariado, as quais est\u00e3o sujeitas \u00e0 taxa em vigor conforme regulamento da FPO (2 \u20ac por altera\u00e7\u00e3o)<\/p>\n<p>N\u00e3o ser\u00e3o autorizadas partidas de atletas com altera\u00e7\u00f5es de dados que n\u00e3o tenham sido previamente validadas no secretariado.<\/p>\n<p><strong>Aluguer de SI Card<\/strong><\/p>\n<p>Escal\u00f5es de Competi\u00e7\u00e3o, Forma\u00e7\u00e3o e Abertos \u2013 1,50\u20ac<\/p>\n<p>Caso pretenda utilizar um SIAC (sistema de marca\u00e7\u00e3o por proximidade), o aluguer ser\u00e1 de 3\u20ac em todos os escal\u00f5es<\/p>\n<p>Nota: A perda ou n\u00e3o devolu\u00e7\u00e3o do SI Card alugado implica o pagamento de 30\u20ac a 66\u20ac conforme o tipo de SI Card.<\/p>\n<p><strong>Seguro<\/strong><\/p>\n<p>Atletas federados na Federa\u00e7\u00e3o Portuguesa de Orienta\u00e7\u00e3o (FPO) e atletas n\u00e3o federados mas residentes em Portugal ou com nacionalidade portuguesa est\u00e3o cobertos pelo seguro da FPO.<\/p>\n<p>Atletas federados na FEDO estar\u00e3o ao abrigo do seguro da Federa\u00e7\u00e3o Espanhola.<\/p>\n<p>Os restantes atletas, estrangeiros n\u00e3o residentes em Portugal ou Espanh\u00f3is n\u00e3o inscritos na FEDO, n\u00e3o est\u00e3o cobertos por qualquer seguro.<\/p>\n<p><strong>Horas de partida<\/strong><\/p>\n<p>Em escal\u00f5es de competi\u00e7\u00e3o, n\u00e3o haver\u00e1 altera\u00e7\u00f5es na hora de partida no dia da prova.<\/p>\n<p>Os Escal\u00f5es Abertos, D\/H10 e D\/H12 ter\u00e3o uma hora de partida atribu\u00edda para sua dispers\u00e3o na janela de tempos de partida, contudo iniciar\u00e3o os seus percursos utilizando uma esta\u00e7\u00e3o \u201cSTART\u201d.<\/p>\n<p><strong>Tempo limite de prova<\/strong><\/p>\n<p>Dist\u00e2ncia M\u00e9dia \u2013 2 horas<\/p>\n<p>Dist\u00e2ncia Sprint \u2013 1 hora<\/p>\n<p>Dist\u00e2ncia Longa \u2013 3 horas<\/p>\n<p><strong>Recolha de mapas<\/strong><\/p>\n<p>N\u00e3o haver\u00e1 recolha de mapas no final dos percursos. Apela-se ao Fair-Play de todos os participantes para que, uma vez conclu\u00eddas as sua provas, reservem para si a visualiza\u00e7\u00e3o do mapa.<\/p>\n<p><strong>Resultados e Pr\u00e9mios<\/strong><\/p>\n<p>Campeonato Ib\u00e9rico Masculino 2023 <strong>(CIMO)<\/strong><\/p>\n<p>Individual: Pr\u00e9mios para as 3 melhores atletas na soma dos pontos das tr\u00eas provas (dist\u00e2ncia M\u00e9dia, Longa e Sprint), nos escal\u00f5es de competi\u00e7\u00e3o que disputam o Campeonato Ib\u00e9rico. Ver <em>\u201cRegulamentos e Regras\u201d.<\/em><\/p>\n<p>Classifica\u00e7\u00e3o geral do evento\u00a0<strong>(PIOM)<\/strong>:<\/p>\n<p>A classifica\u00e7\u00e3o final (individual e colectiva) do evento ser\u00e1 obtida pela soma dos pontos das tr\u00eas provas (dist\u00e2ncia M\u00e9dia, Longa e Sprint) para os escal\u00f5es de competi\u00e7\u00e3o, nos escal\u00f5es abertos apenas s\u00e3o contabilizados os pontos nas 2 etapas de floresta;<\/p>\n<p>Pr\u00e9mio para os 3 melhores clubes;<\/p>\n<p>Pr\u00e9mio para os 3 primeiros classificados dos escal\u00f5es de competi\u00e7\u00e3o (5 primeiros no escal\u00e3o D\/H Elite) assim como para os 3 primeiros classificados dos escal\u00f5es abertos.<\/p>\n<p>Todos os participantes dos escal\u00f5es D\/H10 e D\/H12 receber\u00e3o uma lembran\u00e7a de participa\u00e7\u00e3o, independentemente do seu resultado.<\/p>\n<p><strong>Sinaliza\u00e7\u00e3o<\/strong><\/p>\n<p>A organiza\u00e7\u00e3o indicar\u00e1 as coordenadas GPS dos locais importantes do evento, para uma correcta chegada dos participantes aos estacionamentos.<\/p>\n<p>Pontualmente estar\u00e3o devidamente assinalados pela Organiza\u00e7\u00e3o com setas laranja e brancas as direc\u00e7\u00f5es de aproxima\u00e7\u00e3o aos Estacionamentos ou dos Estacionamentos para os locais onde os participantes se tenham de deslocar a p\u00e9.<\/p>","protected":false},"excerpt":{"rendered":"<p>O PIOM\/CIMO 2023 \u00e9 um evento de Orienta\u00e7\u00e3o, pontu\u00e1vel para as Ta\u00e7as de Portugal, pedestre e sprint, e para a Liga Nacional de Espanha. O evento \u00e9 aberto a pessoas de qualquer idade, podendo participar nos escal\u00f5es de competi\u00e7\u00e3o ou nos escal\u00f5es abertos, individualmente, ou em grupo. Simultaneamente ser\u00e1 disputado o CIMO nos escal\u00f5es: H14, &hellip; <a href=\"https:\/\/eventos.coc.pt\/piomcimo2023\/informacoes-gerais\/\" class=\"more-link\">Continuar a ler <span class=\"screen-reader-text\">Informa\u00e7\u00f5es Gerais<\/span><\/a><\/p>\n","protected":false},"author":1,"featured_media":0,"parent":0,"menu_order":13,"comment_status":"closed","ping_status":"closed","template":"","meta":{"footnotes":""},"class_list":["post-11","page","type-page","status-publish","hentry"],"_links":{"self":[{"href":"https:\/\/eventos.coc.pt\/piomcimo2023\/wp-json\/wp\/v2\/pages\/11","targetHints":{"allow":["GET"]}}],"collection":[{"href":"https:\/\/eventos.coc.pt\/piomcimo2023\/wp-json\/wp\/v2\/pages"}],"about":[{"href":"https:\/\/eventos.coc.pt\/piomcimo2023\/wp-json\/wp\/v2\/types\/page"}],"author":[{"embeddable":true,"href":"https:\/\/eventos.coc.pt\/piomcimo2023\/wp-json\/wp\/v2\/users\/1"}],"replies":[{"embeddable":true,"href":"https:\/\/eventos.coc.pt\/piomcimo2023\/wp-json\/wp\/v2\/comments?post=11"}],"version-history":[{"count":17,"href":"https:\/\/eventos.coc.pt\/piomcimo2023\/wp-json\/wp\/v2\/pages\/11\/revisions"}],"predecessor-version":[{"id":580,"href":"https:\/\/eventos.coc.pt\/piomcimo2023\/wp-json\/wp\/v2\/pages\/11\/revisions\/580"}],"wp:attachment":[{"href":"https:\/\/eventos.coc.pt\/piomcimo2023\/wp-json\/wp\/v2\/media?parent=11"}],"curies":[{"name":"wp","href":"https:\/\/api.w.org\/{rel}","templated":true}]}}