{"id":13,"date":"2016-09-02T15:31:49","date_gmt":"2016-09-02T15:31:49","guid":{"rendered":"http:\/\/eventos.coc.pt\/piom2018\/?page_id=13"},"modified":"2023-05-07T16:00:42","modified_gmt":"2023-05-07T16:00:42","slug":"informacoes-tecnicas","status":"publish","type":"page","link":"https:\/\/eventos.coc.pt\/piomcimo2023\/informacoes-tecnicas\/","title":{"rendered":"Informa\u00e7\u00f5es T\u00e9cnicas"},"content":{"rendered":"<p><span style=\"font-size: 24pt; color: #ff0000;\"><strong>AVISO<\/strong><\/span><\/p>\n<p><strong>PERCURSO T10 E H\/D12 DIA 28 MAIO \u2013 DIST\u00c2NCIA LONGA<\/strong><\/p>\n<p>No domingo dia 28 de maio, dia em que se disputar\u00e1 a dist\u00e2ncia longa, com o parecer favor\u00e1vel do Supervisor e a competente autoriza\u00e7\u00e3o da Direc\u00e7\u00e3o da FPO, os percursos para os escal\u00f5es T10 e H\/D12 ter\u00e3o um formato diferente do habitualmente usado para estes escal\u00f5es.<br \/>\nA ideia surge por parte do tra\u00e7ador de percursos Tom\u00e1s Lima e foi pensada por nos parecer poder ser bastante vantajoso para a aprendizagem dos mais novos.<br \/>\nO que se vai implementar ser\u00e1 num percurso fitado em toda a sua extens\u00e3o, que se desvia por vezes dos caminhos para &#8220;visitar&#8221; elementos diferentes.<br \/>\nOs pontos de controlo encontram-se nos locais habituais para estes percursos \u2013 em refer\u00eancia lineares e em locais de decis\u00e3o.<br \/>\nPara o T10, os pontos s\u00e3o colocados ao longo do percurso fitado, pelo que os atletas n\u00e3o t\u00eam de se desviar deste. Para os H\/D12, os pontos s\u00e3o colocados no percurso fitado ou ligeiramente afastados (nunca mais de 20m), sendo esta a dificuldade acrescida para os mais velhos.<\/p>\n<p>Pretendemos com esta implementa\u00e7\u00e3o familiarizar as crian\u00e7as com diferentes elementos do mapa de orienta\u00e7\u00e3o e com a progress\u00e3o fora de caminhos. Esta \u00e9 at\u00e9 uma forma de aumentar a &#8220;aventura&#8221; para os mais novos, mantendo-se sempre a seguran\u00e7a do caminho fitado. Como n\u00e3o se trata de escal\u00f5es de competi\u00e7\u00e3o, os participantes poder\u00e3o optar por seguir o caminho fitado na sua totalidade ou &#8220;arriscar&#8221; fazer a sua navega\u00e7\u00e3o entre os pontos de controlo, sempre com refer\u00eancias lineares.<\/p>\n<p>Para melhor ilustrar o que estes escal\u00f5es encontrar\u00e3o no domingo dia 28 de maio, deixamos como exemplo duas fotografias de como este tipo de percursos \u00e9 implementado na Finl\u00e2ndia e \u00e9 exatamente desta forma que o pretendemos fazer. Um dos excertos diz respeito ao escal\u00e3o T10, com os pontos ao longo do percurso balizado, e o outro aos escal\u00f5es H\/D12, com os pontos ligeiramente afastados deste.<\/p>\n<figure id=\"attachment_549\" aria-describedby=\"caption-attachment-549\" style=\"width: 576px\" class=\"wp-caption alignleft\"><img loading=\"lazy\" decoding=\"async\" class=\"wp-image-549 size-large\" src=\"http:\/\/eventos.coc.pt\/piomcimo2023\/wp-content\/uploads\/sites\/27\/2023\/04\/HD12-576x1024.jpeg\" alt=\"\" width=\"576\" height=\"1024\" srcset=\"https:\/\/eventos.coc.pt\/piomcimo2023\/wp-content\/uploads\/sites\/27\/2023\/04\/HD12-576x1024.jpeg 576w, https:\/\/eventos.coc.pt\/piomcimo2023\/wp-content\/uploads\/sites\/27\/2023\/04\/HD12-169x300.jpeg 169w, https:\/\/eventos.coc.pt\/piomcimo2023\/wp-content\/uploads\/sites\/27\/2023\/04\/HD12-768x1365.jpeg 768w, https:\/\/eventos.coc.pt\/piomcimo2023\/wp-content\/uploads\/sites\/27\/2023\/04\/HD12-864x1536.jpeg 864w, https:\/\/eventos.coc.pt\/piomcimo2023\/wp-content\/uploads\/sites\/27\/2023\/04\/HD12.jpeg 1152w\" sizes=\"auto, (max-width: 576px) 100vw, 576px\" \/><figcaption id=\"caption-attachment-549\" class=\"wp-caption-text\">H\/D12<\/figcaption><\/figure>\n<figure id=\"attachment_550\" aria-describedby=\"caption-attachment-550\" style=\"width: 647px\" class=\"wp-caption alignleft\"><img loading=\"lazy\" decoding=\"async\" class=\"wp-image-550 size-large\" src=\"http:\/\/eventos.coc.pt\/piomcimo2023\/wp-content\/uploads\/sites\/27\/2023\/04\/T10-e1681334168139-647x1024.jpeg\" alt=\"\" width=\"647\" height=\"1024\" srcset=\"https:\/\/eventos.coc.pt\/piomcimo2023\/wp-content\/uploads\/sites\/27\/2023\/04\/T10-e1681334168139-647x1024.jpeg 647w, https:\/\/eventos.coc.pt\/piomcimo2023\/wp-content\/uploads\/sites\/27\/2023\/04\/T10-e1681334168139-190x300.jpeg 190w, https:\/\/eventos.coc.pt\/piomcimo2023\/wp-content\/uploads\/sites\/27\/2023\/04\/T10-e1681334168139-768x1215.jpeg 768w, https:\/\/eventos.coc.pt\/piomcimo2023\/wp-content\/uploads\/sites\/27\/2023\/04\/T10-e1681334168139-971x1536.jpeg 971w, https:\/\/eventos.coc.pt\/piomcimo2023\/wp-content\/uploads\/sites\/27\/2023\/04\/T10-e1681334168139.jpeg 1152w\" sizes=\"auto, (max-width: 647px) 100vw, 647px\" \/><figcaption id=\"caption-attachment-550\" class=\"wp-caption-text\">T10<\/figcaption><\/figure>\n<p>&nbsp;<\/p>\n<p>&nbsp;<\/p>\n<p>&nbsp;<\/p>\n<p>&nbsp;<\/p>\n<p>&nbsp;<\/p>\n<p>&nbsp;<\/p>\n<p>&nbsp;<\/p>\n<p>&nbsp;<\/p>\n<p>&nbsp;<\/p>\n<p>&nbsp;<\/p>\n<p>&nbsp;<\/p>\n<p>&nbsp;<\/p>\n<p>&nbsp;<\/p>\n<p>&nbsp;<\/p>\n<p>&nbsp;<\/p>\n<p>&nbsp;<\/p>\n<p>&nbsp;<\/p>\n<p>&nbsp;<\/p>\n<p>&nbsp;<\/p>\n<p>&nbsp;<\/p>\n<p>&nbsp;<\/p>\n<p>&nbsp;<\/p>\n<p>&nbsp;<\/p>\n<p>&nbsp;<\/p>\n<p>Com este sistema teremos menos que os 12 pontos de controlo, recomenda\u00e7\u00e3o constante no regulamento t\u00e9cnico pedag\u00f3gico, mas acreditamos que o desafio supera o menor n\u00famero de pontos face ao recomendado.<\/p>\n<p>Importa destacar que o participante n\u00e3o \u00e9 obrigado a fazer o percurso seguindo sempre o trajeto fitado que existir\u00e1 desde o tri\u00e2ngulo de partida at\u00e9 ao fim, podendo, se assim o entender, seguir no caminho e visitando\/controlando os pontos de controle.<br \/>\nEm qualquer das op\u00e7\u00f5es de execu\u00e7\u00e3o do percurso, seguindo o fitado ou o caminho (linha segura), os tempos ser\u00e3o considerados no mesmo formato, ou seja, teremos na mesma tempos e classifica\u00e7\u00e3o ainda que, como sabemos, estamos perante escal\u00f5es de \u00edndole n\u00e3o competitiva.<\/p>\n<p>&nbsp;<\/p>\n<p><strong>Informa\u00e7\u00e3o T\u00e9cnica M\u00e9dia (27-05-2023)<\/strong><\/p>\n<p><img loading=\"lazy\" decoding=\"async\" class=\"aligncenter wp-image-572 size-full\" src=\"http:\/\/eventos.coc.pt\/piomcimo2023\/wp-content\/uploads\/sites\/27\/2023\/05\/Informacao-Tecnica-PIOM_CIMO_Site-Boletim_2023_04_10_Media.jpg\" alt=\"\" width=\"595\" height=\"909\" srcset=\"https:\/\/eventos.coc.pt\/piomcimo2023\/wp-content\/uploads\/sites\/27\/2023\/05\/Informacao-Tecnica-PIOM_CIMO_Site-Boletim_2023_04_10_Media.jpg 595w, https:\/\/eventos.coc.pt\/piomcimo2023\/wp-content\/uploads\/sites\/27\/2023\/05\/Informacao-Tecnica-PIOM_CIMO_Site-Boletim_2023_04_10_Media-196x300.jpg 196w\" sizes=\"auto, (max-width: 595px) 100vw, 595px\" \/><\/p>\n<p><strong>Informa\u00e7\u00e3o T\u00e9cnica Sprint (27-05-2023)<\/strong><\/p>\n<p><img loading=\"lazy\" decoding=\"async\" class=\"aligncenter wp-image-577 size-full\" src=\"http:\/\/eventos.coc.pt\/piomcimo2023\/wp-content\/uploads\/sites\/27\/2023\/05\/Informacao-Tecnica-PIOM_CIMO_Site-Boletim_2023_04_10_Sprint-1.jpg\" alt=\"\" width=\"606\" height=\"865\" srcset=\"https:\/\/eventos.coc.pt\/piomcimo2023\/wp-content\/uploads\/sites\/27\/2023\/05\/Informacao-Tecnica-PIOM_CIMO_Site-Boletim_2023_04_10_Sprint-1.jpg 606w, https:\/\/eventos.coc.pt\/piomcimo2023\/wp-content\/uploads\/sites\/27\/2023\/05\/Informacao-Tecnica-PIOM_CIMO_Site-Boletim_2023_04_10_Sprint-1-210x300.jpg 210w\" sizes=\"auto, (max-width: 606px) 100vw, 606px\" \/><\/p>\n<p>&nbsp;<\/p>\n<p><strong>Informa\u00e7\u00e3o T\u00e9cnica Longa (28-05-2023)<\/strong><\/p>\n<p><img loading=\"lazy\" decoding=\"async\" class=\"aligncenter wp-image-571 size-full\" src=\"http:\/\/eventos.coc.pt\/piomcimo2023\/wp-content\/uploads\/sites\/27\/2023\/05\/Informacao-Tecnica-PIOM_CIMO_Site-Boletim_2023_04_10_Longa.jpg\" alt=\"\" width=\"595\" height=\"912\" srcset=\"https:\/\/eventos.coc.pt\/piomcimo2023\/wp-content\/uploads\/sites\/27\/2023\/05\/Informacao-Tecnica-PIOM_CIMO_Site-Boletim_2023_04_10_Longa.jpg 595w, https:\/\/eventos.coc.pt\/piomcimo2023\/wp-content\/uploads\/sites\/27\/2023\/05\/Informacao-Tecnica-PIOM_CIMO_Site-Boletim_2023_04_10_Longa-196x300.jpg 196w\" sizes=\"auto, (max-width: 595px) 100vw, 595px\" \/><\/p>\n<p>&nbsp;<\/p>\n<p><strong>ZONAS EMBARGADAS Consulte <a href=\"https:\/\/www.google.com\/maps\/d\/viewer?hl=pt-PT&amp;mid=1VVzUil2uq25s7BG3qCBibndCneP7QFw&amp;ll=40.035974507421734%2C-6.494761055869901&amp;z=9\">AQUI<\/a><\/strong><\/p>\n<p>Mapa usado http:\/\/Ev2050Coco no PIOM CIMO 2019<\/p>\n<p><img loading=\"lazy\" decoding=\"async\" class=\"alignleft wp-image-505 size-full\" src=\"http:\/\/eventos.coc.pt\/piomcimo2023\/wp-content\/uploads\/sites\/27\/2023\/01\/Carvalhal_PIOM-CIMO-2019.jpg\" alt=\"\" width=\"1907\" height=\"1541\" srcset=\"https:\/\/eventos.coc.pt\/piomcimo2023\/wp-content\/uploads\/sites\/27\/2023\/01\/Carvalhal_PIOM-CIMO-2019.jpg 1907w, https:\/\/eventos.coc.pt\/piomcimo2023\/wp-content\/uploads\/sites\/27\/2023\/01\/Carvalhal_PIOM-CIMO-2019-300x242.jpg 300w, https:\/\/eventos.coc.pt\/piomcimo2023\/wp-content\/uploads\/sites\/27\/2023\/01\/Carvalhal_PIOM-CIMO-2019-1024x827.jpg 1024w, https:\/\/eventos.coc.pt\/piomcimo2023\/wp-content\/uploads\/sites\/27\/2023\/01\/Carvalhal_PIOM-CIMO-2019-768x621.jpg 768w, https:\/\/eventos.coc.pt\/piomcimo2023\/wp-content\/uploads\/sites\/27\/2023\/01\/Carvalhal_PIOM-CIMO-2019-1536x1241.jpg 1536w\" sizes=\"auto, (max-width: 1907px) 100vw, 1907px\" \/><\/p>\n<p>&nbsp;<\/p>\n<p>&nbsp;<\/p>\n<p>&nbsp;<\/p>\n<p>&nbsp;<\/p>\n<p>&nbsp;<\/p>\n<p><strong>Model Event &#8211; <\/strong><strong>M\u00e9dia &amp; Longa<\/strong><\/p>\n<p>Mapa Rach\u00e3 com produ\u00e7\u00e3o em 2015 e actualizado \u00faltimo trimestre de 2017<\/p>\n<p>Cart\u00f3grafo: Rui Antunes || Escalas 1:7500, 1:10.000 e 1:15.000 || Equidist\u00e2ncia: 5 mts<\/p>\n<p>Estacionamento: Ser\u00e1 efectuado no interior do mapa cujas coordenadas de acesso ao parking constar\u00e3o no mapa. Os condutores devem seguir estas instru\u00e7\u00f5es da Organiza\u00e7\u00e3o.<\/p>\n<p>Pontos e controlo: Ser\u00e3o colocados no terreno pontos de controlo em 2 \u00e1reas distintas do mapa, similares \u00e0s zonas da Dist\u00e2ncia M\u00e9dia e Longa.<\/p>\n<p>RACH\u00c3<\/p>\n<p><img loading=\"lazy\" decoding=\"async\" class=\"alignleft wp-image-403\" src=\"http:\/\/eventos.coc.pt\/piomcimo2023\/wp-content\/uploads\/sites\/27\/2022\/12\/Racha-1-150x150.jpg\" alt=\"\" width=\"141\" height=\"141\" \/> <img loading=\"lazy\" decoding=\"async\" class=\"alignleft wp-image-404\" src=\"http:\/\/eventos.coc.pt\/piomcimo2023\/wp-content\/uploads\/sites\/27\/2022\/12\/Racha-2-150x150.jpg\" alt=\"\" width=\"142\" height=\"142\" \/><\/p>\n<p><img loading=\"lazy\" decoding=\"async\" class=\"alignleft wp-image-412\" src=\"http:\/\/eventos.coc.pt\/piomcimo2023\/wp-content\/uploads\/sites\/27\/2022\/12\/Racha-6-150x150.jpg\" alt=\"\" width=\"136\" height=\"136\" \/><\/p>\n<p><img loading=\"lazy\" decoding=\"async\" class=\"alignleft wp-image-413\" src=\"http:\/\/eventos.coc.pt\/piomcimo2023\/wp-content\/uploads\/sites\/27\/2022\/12\/Racha_MiddleI-150x150.jpg\" alt=\"\" width=\"127\" height=\"127\" \/><\/p>\n<p>&nbsp;<\/p>\n<p>&nbsp;<\/p>\n<p>&nbsp;<\/p>\n<p>&nbsp;<\/p>\n<p><strong>Model Event do Sprint<\/strong><\/p>\n<p>Aldeia que alterna \u00e1reas de zona rural aberta e zona urbana pavimentada a paralelos com algum desn\u00edvel, ruas e escadarias estreitas.<\/p>\n<p><strong>Cart\u00f3grafo: <\/strong>Rui Antunes || <strong>Escala: <\/strong>1:4.000 || <strong>Equidist\u00e2ncia: <\/strong>2,5 metros<\/p>\n<p>Estacionamento: Ser\u00e1 efectuado nas ruas da Aldeia da Meimoa, preferencialmente nas imedia\u00e7\u00f5es da praia fluvial cujas coordenadas de acesso ao parking constar\u00e3o no mapa. Os condutores devem seguir estas instru\u00e7\u00f5es da Organiza\u00e7\u00e3o.<\/p>\n<p>MEIMOA<\/p>\n<p><img loading=\"lazy\" decoding=\"async\" class=\"alignleft size-thumbnail wp-image-416\" src=\"http:\/\/eventos.coc.pt\/piomcimo2023\/wp-content\/uploads\/sites\/27\/2022\/12\/Meimoa-2-150x150.jpg\" alt=\"\" width=\"150\" height=\"150\" \/> <img loading=\"lazy\" decoding=\"async\" class=\"alignleft size-thumbnail wp-image-420\" src=\"http:\/\/eventos.coc.pt\/piomcimo2023\/wp-content\/uploads\/sites\/27\/2022\/12\/Meimoa_Foto-4-150x150.jpg\" alt=\"\" width=\"150\" height=\"150\" \/><\/p>\n<p>&nbsp;<\/p>\n<p>&nbsp;<\/p>\n<p>&nbsp;<\/p>\n<p>&nbsp;<\/p>\n<p><span style=\"font-size: 14pt;\"><strong>Competi\u00e7\u00e3o &#8211;<\/strong><\/span><strong>\u00a0<\/strong><strong>M\u00e9dia &amp; Longa<\/strong><\/p>\n<p><strong>\u00a0<\/strong><strong>Terreno<\/strong><\/p>\n<p>Terreno caracterizado por \u00e1reas abertas e semiabertas, com elementos rochosos e detalhes de relevo. Boa progress\u00e3o e visibilidade.\u00a0Apresenta algumas veda\u00e7\u00f5es e muros em pedras.<\/p>\n<p><strong>Mapa:<\/strong><\/p>\n<p>Carvalhal elaborado em 2019, ampliado em 2020 e a ser revisto em 2023<\/p>\n<p><strong>Cart\u00f3grafo: <\/strong>Rui Antunes<\/p>\n<p><strong>Escalas: M\u00e9dia &#8211; <\/strong>1:7.500 e 1:10.000 || <strong>Longa<\/strong> &#8211; 1:7.500, 1:10.000 e 1:15.000<\/p>\n<p><strong>Equidist\u00e2ncia: <\/strong>5 metros<\/p>\n<p><strong>Tra\u00e7adores de percursos:<\/strong> Carlos Monteiro, Duarte Santo e Tom\u00e1s Lima<\/p>\n<p>CARVALHAL<\/p>\n<p><img loading=\"lazy\" decoding=\"async\" class=\"alignleft wp-image-423\" src=\"http:\/\/eventos.coc.pt\/piomcimo2023\/wp-content\/uploads\/sites\/27\/2022\/12\/Carvalhal-3-150x150.jpg\" alt=\"\" width=\"131\" height=\"131\" \/><\/p>\n<p><img loading=\"lazy\" decoding=\"async\" class=\"alignleft wp-image-444\" src=\"http:\/\/eventos.coc.pt\/piomcimo2023\/wp-content\/uploads\/sites\/27\/2022\/12\/Imagem-5a-Excerto-mapa-Carvalhal-150x150.jpg\" alt=\"\" width=\"130\" height=\"130\" \/><\/p>\n<p><img loading=\"lazy\" decoding=\"async\" class=\"alignleft wp-image-425\" src=\"http:\/\/eventos.coc.pt\/piomcimo2023\/wp-content\/uploads\/sites\/27\/2022\/12\/Foto_PIOM_CIMO-2019_By-HelderFerreira-150x150.jpg\" alt=\"\" width=\"126\" height=\"126\" \/><\/p>\n<p><img loading=\"lazy\" decoding=\"async\" class=\"alignleft wp-image-424\" src=\"http:\/\/eventos.coc.pt\/piomcimo2023\/wp-content\/uploads\/sites\/27\/2022\/12\/Cabeca-Velho-150x150.jpg\" alt=\"\" width=\"125\" height=\"125\" \/><\/p>\n<p>&nbsp;<\/p>\n<p>&nbsp;<\/p>\n<p>&nbsp;<\/p>\n<p>&nbsp;<\/p>\n<p><strong>Estacionamento:<\/strong><\/p>\n<p>Viaturas ligeiras e Autocaravanas- aproximadamente a 300 metros da arena (5 minutos a p\u00e9).<\/p>\n<p>Autocarros \u2013\u00a0<u>40.100770, -7.152431<\/u>, tempo m\u00e9dio para chegar \u00e0 Arena aproximadamente 30 minutos a p\u00e9 (cerca de 2,5 kms)<\/p>\n<p><strong>\u00a0<\/strong><strong>Partidas<\/strong><\/p>\n<p>M\u00e9dia a cerca de 700 mts da Arena || Longa nas imedia\u00e7\u00f5es da Arena<\/p>\n<p><strong>Esquema da Arena<\/strong><\/p>\n<p>(Dispon\u00edvel brevemente)<\/p>\n<p><strong>Competi\u00e7\u00e3o &#8211; Sprint<\/strong><\/p>\n<p><strong>Terreno<\/strong><\/p>\n<p>Aldeia do Concelho de Penamacor, com emaranhado de ruas maioritariamente estreitas e pavimentadas em granito, bastantes degraus o que confere algum desn\u00edvel, apresentando-se no global tamb\u00e9m muito exigente ao n\u00edvel t\u00e9cnico obrigando a uma cuidada navega\u00e7\u00e3o.<\/p>\n<p><strong>Mapa:<\/strong><\/p>\n<p>Pedr\u00f3g\u00e3o de S\u00e3o Pedro elaborado segundo semestre de 2020, actualizado em 2023<\/p>\n<p><strong>Cart\u00f3grafo: <\/strong>Rui Antunes<\/p>\n<p><strong>Escalas: &#8211; <\/strong>1:4.000<\/p>\n<p><strong>Equidist\u00e2ncia: <\/strong>2,5 mts metros<\/p>\n<p><strong>Tra\u00e7adores de percursos:<\/strong> Tom\u00e1s Lima<\/p>\n<p><img loading=\"lazy\" decoding=\"async\" class=\"alignleft size-thumbnail wp-image-426\" src=\"http:\/\/eventos.coc.pt\/piomcimo2023\/wp-content\/uploads\/sites\/27\/2022\/12\/Pedrogao-Sao-Pedro_3-150x150.jpg\" alt=\"\" width=\"150\" height=\"150\" \/> <img loading=\"lazy\" decoding=\"async\" class=\"alignleft size-thumbnail wp-image-445\" src=\"http:\/\/eventos.coc.pt\/piomcimo2023\/wp-content\/uploads\/sites\/27\/2022\/12\/Imagem-7b-Excerto-mapa-Pedrogao-Sao-Pedro-150x150.jpg\" alt=\"\" width=\"150\" height=\"150\" \/><img loading=\"lazy\" decoding=\"async\" class=\"alignleft size-thumbnail wp-image-428\" src=\"http:\/\/eventos.coc.pt\/piomcimo2023\/wp-content\/uploads\/sites\/27\/2022\/12\/20200529_102248-150x150.jpg\" alt=\"\" width=\"150\" height=\"150\" \/> <img loading=\"lazy\" decoding=\"async\" class=\"alignleft wp-image-429\" src=\"http:\/\/eventos.coc.pt\/piomcimo2023\/wp-content\/uploads\/sites\/27\/2022\/12\/20200529_115712-150x150.jpg\" alt=\"\" width=\"140\" height=\"140\" \/> <img loading=\"lazy\" decoding=\"async\" class=\"alignleft wp-image-430\" src=\"http:\/\/eventos.coc.pt\/piomcimo2023\/wp-content\/uploads\/sites\/27\/2022\/12\/20200529_102241-150x150.jpg\" alt=\"\" width=\"140\" height=\"140\" \/><\/p>\n<p>&nbsp;<\/p>\n<p>&nbsp;<\/p>\n<p>&nbsp;<\/p>\n<p>&nbsp;<\/p>\n<p>&nbsp;<\/p>\n<p>&nbsp;<\/p>\n<p>&nbsp;<\/p>\n<p>&nbsp;<\/p>\n<p><strong>Estacionamentos<\/strong><\/p>\n<p>Entre 600 a 1.000 mts da Arena<\/p>\n<p><strong>Partidas<\/strong><\/p>\n<p>Haver\u00e1 uma pr\u00e9 partida ao minuto -6 na sa\u00edda da quarentena<\/p>\n<p><strong>Esquema da Arena<\/strong><\/p>\n<p>(Dispon\u00edvel brevemente)<\/p>\n<p>&nbsp;<\/p>\n<p>&nbsp;<\/p>\n<p>&nbsp;<\/p>\n<p><\/p>","protected":false},"excerpt":{"rendered":"<p>AVISO PERCURSO T10 E H\/D12 DIA 28 MAIO \u2013 DIST\u00c2NCIA LONGA No domingo dia 28 de maio, dia em que se disputar\u00e1 a dist\u00e2ncia longa, com o parecer favor\u00e1vel do Supervisor e a competente autoriza\u00e7\u00e3o da Direc\u00e7\u00e3o da FPO, os percursos para os escal\u00f5es T10 e H\/D12 ter\u00e3o um formato diferente do habitualmente usado para &hellip; <a href=\"https:\/\/eventos.coc.pt\/piomcimo2023\/informacoes-tecnicas\/\" class=\"more-link\">Continuar a ler <span class=\"screen-reader-text\">Informa\u00e7\u00f5es T\u00e9cnicas<\/span><\/a><\/p>\n","protected":false},"author":1,"featured_media":0,"parent":0,"menu_order":12,"comment_status":"closed","ping_status":"closed","template":"","meta":{"footnotes":""},"class_list":["post-13","page","type-page","status-publish","hentry"],"_links":{"self":[{"href":"https:\/\/eventos.coc.pt\/piomcimo2023\/wp-json\/wp\/v2\/pages\/13","targetHints":{"allow":["GET"]}}],"collection":[{"href":"https:\/\/eventos.coc.pt\/piomcimo2023\/wp-json\/wp\/v2\/pages"}],"about":[{"href":"https:\/\/eventos.coc.pt\/piomcimo2023\/wp-json\/wp\/v2\/types\/page"}],"author":[{"embeddable":true,"href":"https:\/\/eventos.coc.pt\/piomcimo2023\/wp-json\/wp\/v2\/users\/1"}],"replies":[{"embeddable":true,"href":"https:\/\/eventos.coc.pt\/piomcimo2023\/wp-json\/wp\/v2\/comments?post=13"}],"version-history":[{"count":51,"href":"https:\/\/eventos.coc.pt\/piomcimo2023\/wp-json\/wp\/v2\/pages\/13\/revisions"}],"predecessor-version":[{"id":578,"href":"https:\/\/eventos.coc.pt\/piomcimo2023\/wp-json\/wp\/v2\/pages\/13\/revisions\/578"}],"wp:attachment":[{"href":"https:\/\/eventos.coc.pt\/piomcimo2023\/wp-json\/wp\/v2\/media?parent=13"}],"curies":[{"name":"wp","href":"https:\/\/api.w.org\/{rel}","templated":true}]}}