{"id":141,"date":"2016-09-16T12:54:39","date_gmt":"2016-09-16T12:54:39","guid":{"rendered":"http:\/\/eventos.coc.pt\/piom2018\/?page_id=141"},"modified":"2023-06-01T17:38:56","modified_gmt":"2023-06-01T17:38:56","slug":"resultados","status":"publish","type":"page","link":"https:\/\/eventos.coc.pt\/piomcimo2023\/resultados\/","title":{"rendered":"Resultados"},"content":{"rendered":"<p><strong>Dist\u00e2ncia M\u00e9dia (27\/05\/2023 Manh\u00e3)<\/strong><\/p>\n<ul>\n<li><a href=\"https:\/\/liveresultat.orientering.se\/followfull.php?comp=26419&amp;lang=en\" target=\"_blank\" rel=\"noopener\">Live results<\/a><\/li>\n<li><a href=\"http:\/\/eventos.coc.pt\/archive\/piom2023\/results\/results_middle.html\" target=\"_blank\" rel=\"noopener\">Escal\u00f5es<\/a><\/li>\n<li><a href=\"http:\/\/eventos.coc.pt\/archive\/piom2023\/results\/results_middle_splits.html\" target=\"_blank\" rel=\"noopener\">Splits<\/a><\/li>\n<li><a href=\"http:\/\/obasen.orientering.se\/winsplits\/online\/en\/default.asp?page=classes&amp;databaseId=89916\" target=\"_blank\" rel=\"noopener\">Winsplits<\/a><\/li>\n<li><a href=\"https:\/\/www.orioasis.pt\/oasis\/results.php?action=view_stages&amp;eventid=2637&amp;stage=1\" target=\"_blank\" rel=\"noopener\">OriOasis<\/a><\/li>\n<li><a href=\"https:\/\/www.livelox.com\/Events\/Show\/96820\/PIOM-CIMO-2023-Middle\" target=\"_blank\" rel=\"noopener\">Livelox (mapas)<\/a><\/li>\n<li><a href=\"https:\/\/eventos.coc.pt\/archive\/piom2023\/maps\/middle\/\" target=\"_blank\" rel=\"noopener\">Mapas<\/a><\/li>\n<\/ul>\n<p><strong>Sprint (27\/05\/2023 Tarde)<\/strong><\/p>\n<ul>\n<li><a href=\"https:\/\/liveresultat.orientering.se\/followfull.php?comp=26420&amp;lang=en\" target=\"_blank\" rel=\"noopener\">Live results<\/a><\/li>\n<li><a href=\"http:\/\/eventos.coc.pt\/archive\/piom2023\/results\/results_sprint.html\" target=\"_blank\" rel=\"noopener\">Escal\u00f5es (sprint)<\/a><\/li>\n<li><a href=\"https:\/\/www.orioasis.pt\/oasis\/results.php?action=view_stages&amp;eventid=2637&amp;stages=1,2&amp;sum_type=1\" target=\"_blank\" rel=\"noopener\">Escal\u00f5es Geral (m\u00e9dia + sprint)<\/a><\/li>\n<li><a href=\"http:\/\/eventos.coc.pt\/archive\/piom2023\/results\/results_middle_sprint.html\" target=\"_blank\" rel=\"noopener\">Splits<\/a><\/li>\n<li><a href=\"http:\/\/obasen.orientering.se\/winsplits\/online\/en\/default.asp?page=classes&amp;databaseId=89930\" target=\"_blank\" rel=\"noopener\">Winsplits<\/a><\/li>\n<li><a href=\"https:\/\/www.orioasis.pt\/oasis\/results.php?action=view_stages&amp;eventid=2637&amp;stage=2\" target=\"_blank\" rel=\"noopener\">OriOasis<\/a><\/li>\n<li><a href=\"https:\/\/www.livelox.com\/Events\/Show\/96939\/PIOM-CIMO-2023-SPRINT\" target=\"_blank\" rel=\"noopener\">Livelox (mapas)<\/a><\/li>\n<li><a href=\"https:\/\/eventos.coc.pt\/archive\/piom2023\/maps\/sprint\/\" target=\"_blank\" rel=\"noopener\">Mapas<\/a><\/li>\n<\/ul>\n<p><strong>Dist\u00e2ncia Longa (28\/05\/2023)<\/strong><\/p>\n<ul>\n<li><a href=\"https:\/\/liveresultat.orientering.se\/followfull.php?comp=26421&amp;lang=en\" target=\"_blank\" rel=\"noopener\">Live results<\/a><\/li>\n<li><a href=\"http:\/\/eventos.coc.pt\/archive\/piom2023\/results\/results_long.html\" target=\"_blank\" rel=\"noopener\">Escal\u00f5es (longa)<\/a><\/li>\n<li><a href=\"http:\/\/eventos.coc.pt\/archive\/piom2023\/results\/results_long_splits.html\" target=\"_blank\" rel=\"noopener\">Splits<\/a><\/li>\n<li><a href=\"http:\/\/obasen.orientering.se\/winsplits\/online\/en\/default.asp?page=classes&amp;databaseId=89972\" target=\"_blank\" rel=\"noopener\">Winsplits<\/a><\/li>\n<li><a href=\"https:\/\/www.orioasis.pt\/oasis\/results.php?action=view_stages&amp;eventid=2637&amp;stage=3\" target=\"_blank\" rel=\"noopener\">OriOasis<\/a><\/li>\n<li><a href=\"https:\/\/www.livelox.com\/Events\/Show\/96879\/PIOM-CIMO-2023-Long\" target=\"_blank\" rel=\"noopener\">Livelox (mapas)<\/a><\/li>\n<li><a href=\"https:\/\/eventos.coc.pt\/archive\/piom2023\/maps\/long\" target=\"_blank\" rel=\"noopener\">Mapas<\/a><\/li>\n<\/ul>\n<p>Geral<\/p>\n<ul>\n<li><a href=\"http:\/\/eventos.coc.pt\/archive\/piom2023\/results\/results_final_classes_piom.html\" target=\"_blank\" rel=\"noopener\">Escal\u00f5es (geral PIOM)<\/a><\/li>\n<li><a href=\"http:\/\/eventos.coc.pt\/archive\/piom2023\/results\/results_final_teams.html\" target=\"_blank\" rel=\"noopener\">Equipas (geral PIOM)<\/a><\/li>\n<li><a href=\"http:\/\/eventos.coc.pt\/archive\/piom2023\/results\/results_final_classes_cimo.html\" target=\"_blank\" rel=\"noopener\">Escal\u00f5es (geral CIMO)<\/a><\/li>\n<\/ul>\n","protected":false},"excerpt":{"rendered":"<p>Dist\u00e2ncia M\u00e9dia (27\/05\/2023 Manh\u00e3) Live results Escal\u00f5es Splits Winsplits OriOasis Livelox (mapas) Mapas Sprint (27\/05\/2023 Tarde) Live results Escal\u00f5es (sprint) Escal\u00f5es Geral (m\u00e9dia + sprint) Splits Winsplits OriOasis Livelox (mapas) Mapas Dist\u00e2ncia Longa (28\/05\/2023) Live results Escal\u00f5es (longa) Splits Winsplits OriOasis Livelox (mapas) Mapas Geral Escal\u00f5es (geral PIOM) Equipas (geral PIOM) Escal\u00f5es (geral CIMO)<\/p>\n","protected":false},"author":1,"featured_media":0,"parent":0,"menu_order":1,"comment_status":"closed","ping_status":"closed","template":"","meta":{"footnotes":""},"class_list":["post-141","page","type-page","status-publish","hentry"],"_links":{"self":[{"href":"https:\/\/eventos.coc.pt\/piomcimo2023\/wp-json\/wp\/v2\/pages\/141","targetHints":{"allow":["GET"]}}],"collection":[{"href":"https:\/\/eventos.coc.pt\/piomcimo2023\/wp-json\/wp\/v2\/pages"}],"about":[{"href":"https:\/\/eventos.coc.pt\/piomcimo2023\/wp-json\/wp\/v2\/types\/page"}],"author":[{"embeddable":true,"href":"https:\/\/eventos.coc.pt\/piomcimo2023\/wp-json\/wp\/v2\/users\/1"}],"replies":[{"embeddable":true,"href":"https:\/\/eventos.coc.pt\/piomcimo2023\/wp-json\/wp\/v2\/comments?post=141"}],"version-history":[{"count":34,"href":"https:\/\/eventos.coc.pt\/piomcimo2023\/wp-json\/wp\/v2\/pages\/141\/revisions"}],"predecessor-version":[{"id":659,"href":"https:\/\/eventos.coc.pt\/piomcimo2023\/wp-json\/wp\/v2\/pages\/141\/revisions\/659"}],"wp:attachment":[{"href":"https:\/\/eventos.coc.pt\/piomcimo2023\/wp-json\/wp\/v2\/media?parent=141"}],"curies":[{"name":"wp","href":"https:\/\/api.w.org\/{rel}","templated":true}]}}