{"id":15,"date":"2016-09-02T15:32:07","date_gmt":"2016-09-02T15:32:07","guid":{"rendered":"http:\/\/eventos.coc.pt\/piom2018\/?page_id=15"},"modified":"2023-05-16T20:57:54","modified_gmt":"2023-05-16T20:57:54","slug":"escaloes","status":"publish","type":"page","link":"https:\/\/eventos.coc.pt\/piomcimo2023\/escaloes\/","title":{"rendered":"Escal\u00f5es"},"content":{"rendered":"<p>Os t\u00edtulos ib\u00e9ricos s\u00e3o atribu\u00eddos nos seguintes escal\u00f5es:<\/p>\n<p>H14, H16, H18, H20, H21Elite, H35, H40, H45, H50, H55, H60, H65, H70, H75<\/p>\n<p>De acordo com o protocolo celebrado entre a FPO e a FEDO, qualquer participante masculino que se inscreva em qualquer escal\u00e3o diferente dos identificados no paragrafo acima, fica exclu\u00eddo de disputar o t\u00edtulo ib\u00e9rico.<\/p>\n<table style=\"width: 141.511%;\" width=\"662\">\n<tbody>\n<tr>\n<td style=\"width: 36.3636%;\" width=\"236\"><strong>Escal\u00f5es de Competi\u00e7\u00e3o<\/strong><\/td>\n<td style=\"width: 101.301%;\" width=\"425\"><strong>Ano de Nascimento<\/strong><\/td>\n<\/tr>\n<tr>\n<td style=\"width: 36.3636%;\" width=\"236\">D\/H 14<\/td>\n<td style=\"width: 101.301%;\" width=\"425\">2009 e 2010<\/td>\n<\/tr>\n<tr>\n<td style=\"width: 36.3636%;\" width=\"236\">D\/H 16<\/td>\n<td style=\"width: 101.301%;\" width=\"425\">2007 e 2008<\/td>\n<\/tr>\n<tr>\n<td style=\"width: 36.3636%;\" width=\"236\">D\/H 18<\/td>\n<td style=\"width: 101.301%;\" width=\"425\">2005 e 2006<\/td>\n<\/tr>\n<tr>\n<td style=\"width: 36.3636%;\" width=\"236\">D\/H 20<\/td>\n<td style=\"width: 101.301%;\" width=\"425\">2003 e 2004<\/td>\n<\/tr>\n<tr>\n<td style=\"width: 36.3636%;\" width=\"236\">D\/H Elite\/ 21A\/ 21B<\/td>\n<td style=\"width: 101.301%;\" width=\"425\">1989 a 2002<\/td>\n<\/tr>\n<tr>\n<td style=\"width: 36.3636%;\" width=\"236\">D\/H 35<\/td>\n<td style=\"width: 101.301%;\" width=\"425\">1984 a 1988<\/td>\n<\/tr>\n<tr>\n<td style=\"width: 36.3636%;\" width=\"236\">D\/H 40<\/td>\n<td style=\"width: 101.301%;\" width=\"425\">1979 a 1983<\/td>\n<\/tr>\n<tr>\n<td style=\"width: 36.3636%;\" width=\"236\">D\/H 45<\/td>\n<td style=\"width: 101.301%;\" width=\"425\">1974 a 1978<\/td>\n<\/tr>\n<tr>\n<td style=\"width: 36.3636%;\" width=\"236\">D\/H 50<\/td>\n<td style=\"width: 101.301%;\" width=\"425\">1969 a 1973<\/td>\n<\/tr>\n<tr>\n<td style=\"width: 36.3636%;\" width=\"236\">D\/H 55<\/td>\n<td style=\"width: 101.301%;\" width=\"425\">1964 a 1968<\/td>\n<\/tr>\n<tr>\n<td style=\"width: 36.3636%;\" width=\"236\">D\/H 60<\/td>\n<td style=\"width: 101.301%;\" width=\"425\">1955 a 1959<\/td>\n<\/tr>\n<tr>\n<td style=\"width: 36.3636%;\" width=\"236\">D\/H 65<\/td>\n<td style=\"width: 101.301%;\" width=\"425\">1954 a 1958<\/td>\n<\/tr>\n<tr>\n<td style=\"width: 36.3636%;\" width=\"236\">D\/H 70<\/td>\n<td style=\"width: 101.301%;\" width=\"425\">1949 a 1953<\/td>\n<\/tr>\n<tr>\n<td style=\"width: 36.3636%;\" width=\"236\">H 75<\/td>\n<td style=\"width: 101.301%;\" width=\"425\">1944 a 1948<\/td>\n<\/tr>\n<tr>\n<td style=\"width: 36.3636%;\" width=\"236\">H 80<\/td>\n<td style=\"width: 101.301%;\" width=\"425\">1943 ou antes<\/td>\n<\/tr>\n<tr>\n<td style=\"width: 36.3636%;\" width=\"236\"><\/td>\n<td style=\"width: 101.301%;\" width=\"425\"><\/td>\n<\/tr>\n<tr>\n<td style=\"width: 36.3636%;\" width=\"236\"><strong>Escal\u00f5es de forma\u00e7\u00e3o<\/strong><\/td>\n<td style=\"width: 101.301%;\" width=\"425\"><strong>Ano de nascimento<\/strong><\/td>\n<\/tr>\n<tr>\n<td style=\"width: 36.3636%;\" width=\"236\">D\/H 10<\/td>\n<td style=\"width: 101.301%;\" width=\"425\">2013 ou depois<\/td>\n<\/tr>\n<tr>\n<td style=\"width: 36.3636%;\" width=\"236\">D\/H 12<\/td>\n<td style=\"width: 101.301%;\" width=\"425\">2011 e 2012<\/td>\n<\/tr>\n<tr>\n<td style=\"width: 36.3636%;\" width=\"236\"><\/td>\n<td style=\"width: 101.301%;\" width=\"425\"><\/td>\n<\/tr>\n<tr>\n<td style=\"width: 36.3636%;\" width=\"236\"><strong>Escal\u00f5es Abertos<\/strong><\/td>\n<td style=\"width: 101.301%;\" width=\"425\"><strong>Qualquer idade\/sexo, individualmente, a pares ou em grupo<\/strong><\/td>\n<\/tr>\n<tr>\n<td style=\"width: 36.3636%;\" width=\"236\"><strong>F\u00e1cil Curto<\/strong><\/td>\n<td style=\"width: 101.301%;\" width=\"425\">Percursos com 2 a 4 km, at\u00e9 40 minutos de execu\u00e7\u00e3o, utiliza\u00e7\u00e3o de refer\u00eancias lineares seguras, preferencialmente caminhos, veda\u00e7\u00f5es ou muros, sem dificuldade t\u00e9cnica. N\u00e3o s\u00e3o necess\u00e1rios conhecimentos na modalidade nem resist\u00eancia f\u00edsica. \u00c9 uma grande oportunidade para um passeio na floresta. Desde que solicitado quando da inscri\u00e7\u00e3o, ser\u00e3o disponibilizados monitores para ensinar as t\u00e9cnicas b\u00e1sicas.<\/td>\n<\/tr>\n<tr>\n<td style=\"width: 36.3636%;\" width=\"236\"><strong>Dif\u00edcil Curto<\/strong><\/td>\n<td style=\"width: 101.301%;\" width=\"425\">Percurso com 3 a 5 km, at\u00e9 60 minutos de execu\u00e7\u00e3o, exigindo algumas t\u00e9cnicas de orienta\u00e7\u00e3o, com M\u00c9DIA dificuldade t\u00e9cnica e de baixa exig\u00eancia f\u00edsica.<\/td>\n<\/tr>\n<tr>\n<td style=\"width: 36.3636%;\" width=\"236\"><strong>F\u00e1cil Longo<\/strong><\/td>\n<td style=\"width: 101.301%;\" width=\"425\">Percursos com 4 a 6 km, com tempo de execu\u00e7\u00e3o inferior aos 60 minutos, por recurso a elementos lineares, com baixa dificuldade t\u00e9cnica e de baixo\/m\u00e9dio n\u00edvel f\u00edsico.<\/td>\n<\/tr>\n<tr>\n<td style=\"width: 36.3636%;\" width=\"236\"><strong>Dif\u00edcil Longo<\/strong><\/td>\n<td style=\"width: 101.301%;\" width=\"425\">Percurso com 4 a 7 km ou tempo de execu\u00e7\u00e3o previsto inferior a 80 minutos, exigindo diversas t\u00e9cnicas de orienta\u00e7\u00e3o, com exig\u00eancia f\u00edsica m\u00e9dia alta e que tem, tamb\u00e9m por objectivo, a participa\u00e7\u00e3o na prova de atletas federados que n\u00e3o se tenham inscrito dentro dos prazos fixados ou a possibilidade da realiza\u00e7\u00e3o de percursos mais exigentes por parte de atletas, pares ou grupos, n\u00e3o federados.<\/td>\n<\/tr>\n<\/tbody>\n<\/table>\n","protected":false},"excerpt":{"rendered":"<p>Os t\u00edtulos ib\u00e9ricos s\u00e3o atribu\u00eddos nos seguintes escal\u00f5es: H14, H16, H18, H20, H21Elite, H35, H40, H45, H50, H55, H60, H65, H70, H75 De acordo com o protocolo celebrado entre a FPO e a FEDO, qualquer participante masculino que se inscreva em qualquer escal\u00e3o diferente dos identificados no paragrafo acima, fica exclu\u00eddo de disputar o t\u00edtulo &hellip; <a href=\"https:\/\/eventos.coc.pt\/piomcimo2023\/escaloes\/\" class=\"more-link\">Continuar a ler <span class=\"screen-reader-text\">Escal\u00f5es<\/span><\/a><\/p>\n","protected":false},"author":1,"featured_media":0,"parent":0,"menu_order":11,"comment_status":"closed","ping_status":"closed","template":"","meta":{"footnotes":""},"class_list":["post-15","page","type-page","status-publish","hentry"],"_links":{"self":[{"href":"https:\/\/eventos.coc.pt\/piomcimo2023\/wp-json\/wp\/v2\/pages\/15","targetHints":{"allow":["GET"]}}],"collection":[{"href":"https:\/\/eventos.coc.pt\/piomcimo2023\/wp-json\/wp\/v2\/pages"}],"about":[{"href":"https:\/\/eventos.coc.pt\/piomcimo2023\/wp-json\/wp\/v2\/types\/page"}],"author":[{"embeddable":true,"href":"https:\/\/eventos.coc.pt\/piomcimo2023\/wp-json\/wp\/v2\/users\/1"}],"replies":[{"embeddable":true,"href":"https:\/\/eventos.coc.pt\/piomcimo2023\/wp-json\/wp\/v2\/comments?post=15"}],"version-history":[{"count":15,"href":"https:\/\/eventos.coc.pt\/piomcimo2023\/wp-json\/wp\/v2\/pages\/15\/revisions"}],"predecessor-version":[{"id":583,"href":"https:\/\/eventos.coc.pt\/piomcimo2023\/wp-json\/wp\/v2\/pages\/15\/revisions\/583"}],"wp:attachment":[{"href":"https:\/\/eventos.coc.pt\/piomcimo2023\/wp-json\/wp\/v2\/media?parent=15"}],"curies":[{"name":"wp","href":"https:\/\/api.w.org\/{rel}","templated":true}]}}