{"id":17,"date":"2016-09-02T15:32:21","date_gmt":"2016-09-02T15:32:21","guid":{"rendered":"http:\/\/eventos.coc.pt\/piom2018\/?page_id=17"},"modified":"2023-02-13T22:26:55","modified_gmt":"2023-02-13T22:26:55","slug":"inscricoes","status":"publish","type":"page","link":"https:\/\/eventos.coc.pt\/piomcimo2023\/inscricoes\/","title":{"rendered":"Inscri\u00e7\u00f5es"},"content":{"rendered":"<p><strong>MENSAGEM IMPORTANTE PARA ATLETAS ESPANHOIS \u2013 COM LICEN\u00c7A FEDO:<\/strong><\/p>\n<p>Para que as inscri\u00e7\u00f5es dos atletas com licen\u00e7a FEDO tenha os pre\u00e7os correctos \u2013 mesmos pre\u00e7os dos atletas com licen\u00e7a FPO, os atletas FEDO n\u00e3o podem submeter as inscri\u00e7\u00f5es atrav\u00e9s de \u201cInscri\u00e7\u00e3o Express\u201d. Para se registarem correctamente dever\u00e3o primeiro fazer login no OriOasis usando os dados de acesso (nome de utilizador e senha) que normalmente usam para iniciar sess\u00e3o no sistema de inscri\u00e7\u00f5es SICO da FEDO. Para iniciar sess\u00e3o no OriOasis usando os dados de acesso do SICO use este <a href=\"http:\/\/orioasis.pt\/oasis\/fedo\"><strong>LINK<\/strong><\/a><strong>\u00a0<\/strong>.<\/p>\n<p><img loading=\"lazy\" decoding=\"async\" class=\"aligncenter wp-image-502 size-full\" src=\"http:\/\/eventos.coc.pt\/piomcimo2023\/wp-content\/uploads\/sites\/27\/2023\/01\/t_shirt_2023.jpg\" alt=\"\" width=\"1822\" height=\"1867\" srcset=\"https:\/\/eventos.coc.pt\/piomcimo2023\/wp-content\/uploads\/sites\/27\/2023\/01\/t_shirt_2023.jpg 1822w, https:\/\/eventos.coc.pt\/piomcimo2023\/wp-content\/uploads\/sites\/27\/2023\/01\/t_shirt_2023-293x300.jpg 293w, https:\/\/eventos.coc.pt\/piomcimo2023\/wp-content\/uploads\/sites\/27\/2023\/01\/t_shirt_2023-999x1024.jpg 999w, https:\/\/eventos.coc.pt\/piomcimo2023\/wp-content\/uploads\/sites\/27\/2023\/01\/t_shirt_2023-768x787.jpg 768w, https:\/\/eventos.coc.pt\/piomcimo2023\/wp-content\/uploads\/sites\/27\/2023\/01\/t_shirt_2023-1499x1536.jpg 1499w\" sizes=\"auto, (max-width: 1822px) 100vw, 1822px\" \/><\/p>\n<p>T\u2019Shirt t\u00e9cnica para os atletas que participem nas 3 etapas do evento e cuja inscri\u00e7\u00e3o seja efectuada dentro do prazo de inscri\u00e7\u00f5es (22 de Maio de 2023)<\/p>\n<p><strong>INSCRI\u00c7\u00d5ES, PRAZOS E TAXAS<\/strong><\/p>\n<p>As inscri\u00e7\u00f5es nos escal\u00f5es de competi\u00e7\u00e3o ter\u00e3o de ser efectuadas at\u00e9 \u00e0s 23h59 do dia 22 e Maio<\/p>\n<p>Ap\u00f3s essa data apenas ser\u00e3o aceites inscri\u00e7\u00f5es nos escal\u00f5es Abertos, sempre condicionadas \u00e0 exist\u00eancia de mapas, pelo que e para garantia de disponibilidade de mapa, devem os Abertos efectuar a sua inscri\u00e7\u00e3o at\u00e9 22 de Maio.<\/p>\n<p>Ap\u00f3s 22 de Maio n\u00e3o ser\u00e3o aceites inscri\u00e7\u00f5es para os escal\u00f5es de competi\u00e7\u00e3o.<\/p>\n<p>A inscri\u00e7\u00e3o no Model Event deve tamb\u00e9m ser efectuada usando a mesma plataforma, sendo o custo de cada mapa de 3\u20ac.<\/p>\n<p>Quando da inscri\u00e7\u00e3o, se for o caso, deve ser registado o pedido de dormida em solo duro e\/ou o servi\u00e7o de baby sitting nas 3 etapas.<\/p>\n<p><strong>Nota<\/strong>: O Model Event ser\u00e1, como habitual, um mapa com diversos pontos para execu\u00e7\u00e3o por ordem livre.<\/p>\n<p><strong>Taxas de inscri\u00e7\u00e3o:<\/strong><\/p>\n<p>Pre\u00e7os indicados por prova\/pessoa em tabela constante neste separado<\/p>\n<p><strong>Escal\u00f5es de Competi\u00e7\u00e3o e Forma\u00e7\u00e3o (pre\u00e7o por etapa \u2013 M\u00e9dia e Longa):<\/strong><strong>\u00a0<\/strong><\/p>\n<table width=\"529\">\n<tbody>\n<tr>\n<td colspan=\"2\" width=\"525\"><strong>FEDERADOS FPO &amp; FEDO<\/strong><\/td>\n<\/tr>\n<tr>\n<td width=\"280\">At\u00e9 aos 20 anos<\/td>\n<td width=\"243\">4,00\u20ac<\/td>\n<\/tr>\n<tr>\n<td width=\"280\">Maiores que 20 anos<\/td>\n<td width=\"243\">8,00\u20ac<\/td>\n<\/tr>\n<tr>\n<td colspan=\"2\" width=\"525\"><strong>N\u00c3O FEDERADOS participantes em escal\u00f5es de competi\u00e7\u00e3o *<\/strong><\/td>\n<\/tr>\n<tr>\n<td width=\"280\">At\u00e9 aos 20 anos<\/td>\n<td width=\"243\">8,00\u20ac<\/td>\n<\/tr>\n<tr>\n<td width=\"280\">Maiores que 20 anos<\/td>\n<td width=\"243\">15,00\u20ac<\/td>\n<\/tr>\n<tr>\n<td width=\"280\"><strong>DESPORTO ESCOLAR<\/strong>\u00a0**<\/td>\n<td width=\"243\">2,00\u20ac<\/td>\n<\/tr>\n<\/tbody>\n<\/table>\n<p><strong>Escal\u00f5es de Competi\u00e7\u00e3o e Forma\u00e7\u00e3o (pre\u00e7o por etapa \u2013 Sprint):<\/strong><\/p>\n<table width=\"529\">\n<tbody>\n<tr>\n<td colspan=\"2\" width=\"525\"><strong>FEDERADOS FPO &amp; FEDO<\/strong><\/td>\n<\/tr>\n<tr>\n<td width=\"280\">At\u00e9 aos 20 anos<\/td>\n<td width=\"243\">3,00\u20ac<\/td>\n<\/tr>\n<tr>\n<td width=\"280\">Maiores que 20 anos<\/td>\n<td width=\"243\">6,00\u20ac<\/td>\n<\/tr>\n<tr>\n<td colspan=\"2\" width=\"525\"><strong>N\u00c3O FEDERADOS participantes em escal\u00f5es de competi\u00e7\u00e3o *<\/strong><\/td>\n<\/tr>\n<tr>\n<td width=\"280\">At\u00e9 aos 20 anos<\/td>\n<td width=\"243\">7,00\u20ac<\/td>\n<\/tr>\n<tr>\n<td width=\"280\">Maiores que 20 anos<\/td>\n<td width=\"243\">12,00\u20ac<\/td>\n<\/tr>\n<tr>\n<td width=\"280\"><strong>DESPORTO ESCOLAR<\/strong>\u00a0**<\/td>\n<td width=\"243\">2,00\u20ac<\/td>\n<\/tr>\n<\/tbody>\n<\/table>\n<p><strong>Escal\u00f5es Abertos (pre\u00e7o por etapa \u2013 M\u00e9dia e Longa) ***<\/strong><\/p>\n<table width=\"660\">\n<tbody>\n<tr>\n<td width=\"171\"><strong>\u00a0<\/strong><\/td>\n<td width=\"205\"><strong>Federados FPO &amp; Fedo<\/strong><\/td>\n<td width=\"205\"><strong>N\u00e3o Federados<\/strong><\/td>\n<\/tr>\n<tr>\n<td width=\"171\">At\u00e9 20 anos<\/td>\n<td width=\"205\">4,00\u20ac<\/td>\n<td width=\"205\">4,50\u20ac<\/td>\n<\/tr>\n<tr>\n<td width=\"171\">Maior que 20 anos<\/td>\n<td width=\"205\">8,00\u20ac<\/td>\n<td width=\"205\">9,00\u20ac<\/td>\n<\/tr>\n<\/tbody>\n<\/table>\n<p><strong>Escal\u00f5es Abertos (pre\u00e7o por etapa \u2013 Sprint) ***<\/strong><\/p>\n<table width=\"660\">\n<tbody>\n<tr>\n<td width=\"171\"><strong>\u00a0<\/strong><\/td>\n<td width=\"205\"><strong>Federados FPO &amp; Fedo<\/strong><\/td>\n<td width=\"205\"><strong>N\u00e3o Federados<\/strong><\/td>\n<\/tr>\n<tr>\n<td width=\"171\">At\u00e9 20 anos<\/td>\n<td width=\"205\">3,00\u20ac<\/td>\n<td width=\"205\">3,50\u20ac<\/td>\n<\/tr>\n<tr>\n<td width=\"171\">Maior que 20 anos<\/td>\n<td width=\"205\">6,00\u20ac<\/td>\n<td width=\"205\">7,00\u20ac<\/td>\n<\/tr>\n<\/tbody>\n<\/table>\n<p><strong>\u00a0<\/strong><strong>*<\/strong>Estas taxas j\u00e1 incluem o seguro desportivo, para residentes em Portugal<\/p>\n<p><strong>**<\/strong>Isen\u00e7\u00e3o de pagamento de Sport Ident e taxa de seguro, desde que enquadrados pelos docentes, sendo obrigat\u00f3ria a apresenta\u00e7\u00e3o do comprovativo do seguro escolar, passado pelo estabelecimento de ensino.<\/p>\n<p><strong>***<\/strong>Estas taxas j\u00e1 incluem o seguro desportivo, para portugueses e estrangeiros desde que residentes em Portugal detentores de NIF.<\/p>\n<p><strong>OUTRAS TAXAS:<\/strong><\/p>\n<p><strong>1) Aluguer de Sport Ident<\/strong><\/p>\n<p>Aos atletas participantes em escal\u00f5es de competi\u00e7\u00e3o e forma\u00e7\u00e3o ser\u00e1 cobrada uma taxa di\u00e1ria de 1,50\u20ac, caso necessitem de alugar SI Card normal, ou 3\u20ac caso optem por um SI Card AIR.<\/p>\n<p>Nos escal\u00f5es abertos n\u00e3o ser\u00e1 cobrada qualquer taxa adicional de aluguer do SI Card, mas ter\u00e3o de deixar no Secretariado uma cau\u00e7\u00e3o de 30\u20ac ou 66\u20ac conforme o SI Card. No final da prova, os atletas devem dirigir-se ao Secretariado, onde contra a entrega do Sport Ident resgatar\u00e3o a cau\u00e7\u00e3o.<\/p>\n<p>2)\u00a0<strong>Altera\u00e7\u00f5es de \u00faltima hora e anula\u00e7\u00e3o de inscri\u00e7\u00f5es<\/strong>:<\/p>\n<p>As altera\u00e7\u00f5es efectuadas ap\u00f3s 22 de Maio (mudan\u00e7as de escal\u00e3o, troca de SI Card, etc) est\u00e3o sujeitas ao pagamento de uma taxa adicional de 2,00\u20ac;<\/p>\n<p><strong>Seguro Desportivo<\/strong><\/p>\n<p>Atletas federados na FPO est\u00e3o cobertos pelo seguro da FPO;<\/p>\n<p>Atletas n\u00e3o federados, nacionais e residentes em Portugal, est\u00e3o cobertos pelo seguro FPO;<\/p>\n<p>Atletas estrangeiros, n\u00e3o residentes em Portugal, n\u00e3o est\u00e3o cobertos por qualquer seguro. Assim devem assumir totalmente a sua pr\u00f3pria seguran\u00e7a e riscos de acidentes inerentes.<\/p>\n<p><strong>PROCESSO DE INSCRI\u00c7\u00c3O<\/strong><\/p>\n<p><strong>Forma de Inscri\u00e7\u00e3o:<\/strong><\/p>\n<p>\u2013 As inscri\u00e7\u00f5es dos atletas federados ou pertencentes a clubes filiados na FPO devem ser efectuadas directamente pelo OriOASIS \u00a0(<strong>www.orioasis.pt).<\/strong><\/p>\n<p>\u2013 As inscri\u00e7\u00f5es dos restantes atletas devem ser efectuadas por e-mail para\u00a0<a href=\"mailto:info@coc.pt\"><strong>info@coc.pt<\/strong><\/a><\/p>\n<p>Dados obrigat\u00f3rios para a inscri\u00e7\u00e3o (individual, a pares ou em grupo):<\/p>\n<p>\u2013 Nome(s) do(s) participante(s);<\/p>\n<p>\u2013 Data(s) de nascimento;<\/p>\n<p>\u2013 Nome do clube;<\/p>\n<p>\u2013 N\u00ba de filiado na FPO (caso n\u00e3o seja filiado na FPO deve indicar o n\u00ba de contribuinte fiscal &#8211; NIF);<\/p>\n<p>\u2013 N\u00ba do SI card, caso tenha um. Caso n\u00e3o tenha, ser-lhe-\u00e1 alugado um normal ou AIR (a perda ou n\u00e3o devolu\u00e7\u00e3o do SI Card alugado implica o pagamento de 30 a 66\u20ac dependente do modelo do SI Card);<\/p>\n<p>\u2013 N\u00ba de telem\u00f3vel ou e-mail;<\/p>\n<p>\u2013 Escal\u00e3o de participa\u00e7\u00e3o;<\/p>\n<p>&#8211; Etapa ou etapas em que pretende participar<\/p>\n<p>\u2013 Os atletas que pretendam participar em par grupo devem efectuar apenas uma \u00fanica inscri\u00e7\u00e3o, mencionando os dados obrigat\u00f3rios de todos os participantes que constituem o grupo.<\/p>\n<p>As inscri\u00e7\u00f5es para os escal\u00f5es abertos devem ser feitas at\u00e9 ao dia 22 Maio. Contudo e sempre dependendo da disponibilidade de mapas, podem ser efectuadas at\u00e9 ao dia de prova.<\/p>\n<p><strong>Como pagar<\/strong><\/p>\n<p>O pagamento das inscri\u00e7\u00f5es poder\u00e1 ser efectuado por Cart\u00e3o de Cr\u00e9dito ou Paypal (Pagamento Online Seguro \u2013 POS, atrav\u00e9s do OriOasis), Multibanco (MB) ou transfer\u00eancia banc\u00e1ria.<\/p>\n<p><strong>Todas as inscri\u00e7\u00f5es s\u00f3 ser\u00e3o consideradas v\u00e1lidas ap\u00f3s o envio do comprovativo do seu pagamento at\u00e9 25 de Maio de 2023.<\/strong><\/p>\n<p>De forma a facilitar o processo de acredita\u00e7\u00e3o, a Organiza\u00e7\u00e3o tem prefer\u00eancia que os pagamentos sejam feitos por pagamento online seguro ou MB uma vez que o processamento do pagamento \u00e9 autom\u00e1tico<\/p>\n<p><strong>Pagamento por Cart\u00e3o de Cr\u00e9dito ou Paypal \u2013 Pagamento Online Seguro (POS)<\/strong><\/p>\n<p>Cart\u00e3o de cr\u00e9dito ou Paypal<\/p>\n<p><img loading=\"lazy\" decoding=\"async\" class=\"aligncenter wp-image-449 size-full\" src=\"http:\/\/eventos.coc.pt\/piomcimo2023\/wp-content\/uploads\/sites\/27\/2022\/12\/Pagamentos.jpg\" alt=\"\" width=\"710\" height=\"54\" srcset=\"https:\/\/eventos.coc.pt\/piomcimo2023\/wp-content\/uploads\/sites\/27\/2022\/12\/Pagamentos.jpg 710w, https:\/\/eventos.coc.pt\/piomcimo2023\/wp-content\/uploads\/sites\/27\/2022\/12\/Pagamentos-300x23.jpg 300w\" sizes=\"auto, (max-width: 710px) 100vw, 710px\" \/><\/p>\n<p><strong>Pagamento por Multibanco (MB)<\/strong><\/p>\n<p><img loading=\"lazy\" decoding=\"async\" class=\"aligncenter wp-image-449 size-full\" src=\"http:\/\/eventos.coc.pt\/piomcimo2023\/wp-content\/uploads\/sites\/27\/2022\/12\/Pagamentos.jpg\" alt=\"\" width=\"710\" height=\"54\" srcset=\"https:\/\/eventos.coc.pt\/piomcimo2023\/wp-content\/uploads\/sites\/27\/2022\/12\/Pagamentos.jpg 710w, https:\/\/eventos.coc.pt\/piomcimo2023\/wp-content\/uploads\/sites\/27\/2022\/12\/Pagamentos-300x23.jpg 300w\" sizes=\"auto, (max-width: 710px) 100vw, 710px\" \/><\/p>\n<p><img loading=\"lazy\" decoding=\"async\" class=\"alignleft size-full wp-image-450\" src=\"http:\/\/eventos.coc.pt\/piomcimo2023\/wp-content\/uploads\/sites\/27\/2022\/12\/Pagamentos2.jpg\" alt=\"\" width=\"45\" height=\"53\" \/><\/p>\n<p>&nbsp;<\/p>\n<p>&nbsp;<\/p>\n<p>Ap\u00f3s registo da inscri\u00e7\u00e3o no OriOasis, dever\u00e1 seleccionar MB como meio de pagamento e ser\u00e1 gerada a refer\u00eancia e entidade MB para proceder ao pagamento.<\/p>\n<p><strong>Pagamento por transfer\u00eancia banc\u00e1ria<\/strong><\/p>\n<p>Os pagamentos efectuados por transfer\u00eancia bancaria devem ser feitos para a seguinte conta banc\u00e1ria:<\/p>\n<p><strong>Nome do banco<\/strong>: Caixa Geral de Dep\u00f3sitos<\/p>\n<p><strong>Titular da conta<\/strong>: COC \u2013 Clube Orienta\u00e7\u00e3o do Centro<\/p>\n<p><strong>Ag\u00eancia<\/strong>: Leiria \u2013 Marqu\u00eas de Pombal<\/p>\n<p><strong>Morada da Ag\u00eancia<\/strong>: Avenida Marqu\u00eas de Pombal, 1, 2410 \u2013 152 Leiria<\/p>\n<p><strong>IBAN<\/strong>: PT50 0035 0394 00004000030 10<\/p>\n<p><strong>SWIFT CODE BIC<\/strong>: CGDIPTPL<\/p>\n<p><strong>Processamento do pagamento<\/strong><\/p>\n<p><strong>Pagamento Online Seguro (POS \u2013 Paypal ou cart\u00e3o cr\u00e9dito):<\/strong><\/p>\n<p>O processamento do pagamento \u00e9 autom\u00e1tico.<\/p>\n<p><strong>Pagamento com MB<\/strong>:<\/p>\n<p>O processamento do pagamento \u00e9 autom\u00e1tico.<\/p>\n<p><strong>Pagamento por transfer\u00eancia banc\u00e1ria<\/strong><\/p>\n<p>Para todas as inscri\u00e7\u00f5es pagas por transfer\u00eancia banc\u00e1ria, \u00e9 obrigat\u00f3rio proceder ao envio de comprovativo da opera\u00e7\u00e3o para o email: (<a href=\"mailto:info@coc.pt\"><strong>info@coc.pt<\/strong><\/a>).<\/p>\n<p>Todas as despesas inerentes \u00e0s transfer\u00eancias banc\u00e1rias devem ser suportadas pelo ordenante. Se alguma despesa referente \u00e0s transfer\u00eancias banc\u00e1rias for indevidamente cobrada \u00e0 Organiza\u00e7\u00e3o, as mesmas ser\u00e3o pagas posteriormente pelos clubes ou atletas.<\/p>\n<p style=\"font-weight: 400;\"><strong>Os clubes s\u00e3o respons\u00e1veis pela totalidade das inscri\u00e7\u00f5es dos seus atletas e dever\u00e3o\u00a0 fazer um \u00fanico pagamento,\u00a0 enviando comprativo para a organiza\u00e7\u00e3o, com indica\u00e7\u00e3o do NIF para recibo, email \u00a0<a href=\"mailto:info@coc.pt\">info@coc.pt<\/a>,<\/strong><\/p>\n<p>Para <strong>Inscri\u00e7\u00f5es Express do OriOasis<\/strong>, por favor coloque o Express Code no descritivo do pagamento.<\/p>\n<p><strong>Caso tenha dificuldades ou alguma d\u00favida por favor enviar e-mail para:\u00a0<\/strong><a href=\"mailto:info@coc.pt\"><strong>info@coc.pt<\/strong><\/a><\/p>\n<p>&nbsp;<\/p>\n","protected":false},"excerpt":{"rendered":"<p>MENSAGEM IMPORTANTE PARA ATLETAS ESPANHOIS \u2013 COM LICEN\u00c7A FEDO: Para que as inscri\u00e7\u00f5es dos atletas com licen\u00e7a FEDO tenha os pre\u00e7os correctos \u2013 mesmos pre\u00e7os dos atletas com licen\u00e7a FPO, os atletas FEDO n\u00e3o podem submeter as inscri\u00e7\u00f5es atrav\u00e9s de \u201cInscri\u00e7\u00e3o Express\u201d. Para se registarem correctamente dever\u00e3o primeiro fazer login no OriOasis usando os dados &hellip; <a href=\"https:\/\/eventos.coc.pt\/piomcimo2023\/inscricoes\/\" class=\"more-link\">Continuar a ler <span class=\"screen-reader-text\">Inscri\u00e7\u00f5es<\/span><\/a><\/p>\n","protected":false},"author":1,"featured_media":0,"parent":0,"menu_order":10,"comment_status":"closed","ping_status":"closed","template":"","meta":{"footnotes":""},"class_list":["post-17","page","type-page","status-publish","hentry"],"_links":{"self":[{"href":"https:\/\/eventos.coc.pt\/piomcimo2023\/wp-json\/wp\/v2\/pages\/17","targetHints":{"allow":["GET"]}}],"collection":[{"href":"https:\/\/eventos.coc.pt\/piomcimo2023\/wp-json\/wp\/v2\/pages"}],"about":[{"href":"https:\/\/eventos.coc.pt\/piomcimo2023\/wp-json\/wp\/v2\/types\/page"}],"author":[{"embeddable":true,"href":"https:\/\/eventos.coc.pt\/piomcimo2023\/wp-json\/wp\/v2\/users\/1"}],"replies":[{"embeddable":true,"href":"https:\/\/eventos.coc.pt\/piomcimo2023\/wp-json\/wp\/v2\/comments?post=17"}],"version-history":[{"count":22,"href":"https:\/\/eventos.coc.pt\/piomcimo2023\/wp-json\/wp\/v2\/pages\/17\/revisions"}],"predecessor-version":[{"id":527,"href":"https:\/\/eventos.coc.pt\/piomcimo2023\/wp-json\/wp\/v2\/pages\/17\/revisions\/527"}],"wp:attachment":[{"href":"https:\/\/eventos.coc.pt\/piomcimo2023\/wp-json\/wp\/v2\/media?parent=17"}],"curies":[{"name":"wp","href":"https:\/\/api.w.org\/{rel}","templated":true}]}}