{"id":21,"date":"2016-09-02T15:32:45","date_gmt":"2016-09-02T15:32:45","guid":{"rendered":"http:\/\/eventos.coc.pt\/piom2018\/?page_id=21"},"modified":"2022-12-03T21:08:32","modified_gmt":"2022-12-03T21:08:32","slug":"organizacao","status":"publish","type":"page","link":"https:\/\/eventos.coc.pt\/piomcimo2023\/organizacao\/","title":{"rendered":"Organiza\u00e7\u00e3o"},"content":{"rendered":"<p><strong>Director do Evento<\/strong><\/p>\n<p>Carlos Vale<\/p>\n<p><strong>Supervisor FPO:<\/strong><\/p>\n<p>Rui Morais<\/p>\n<p><strong>Director T\u00e9cnico<\/strong><\/p>\n<p>Carlos Monteiro<\/p>\n<p><strong>Log\u00edstica, Arena, Chegadas<\/strong><\/p>\n<p>Duarte Santo<\/p>\n<p><strong>Chegadas<\/strong><\/p>\n<p>Nuno Gr\u00e1cio<\/p>\n<p><strong>Recursos Humanos, Transportes e Partidas<\/strong><\/p>\n<p>Jos\u00e9 Bolr\u00e3o<\/p>\n<p><strong>Partidas<\/strong><\/p>\n<p>Ant\u00f3nio Cotovio<\/p>\n<p><strong>Cartografo:<\/strong><\/p>\n<p>Rui Antunes<\/p>\n<p><strong>Tra\u00e7adores de Percursos:<\/strong><\/p>\n<p>M\u00e9dia e Longa &#8211; Carlos Monteiro | Duarte Santo<\/p>\n<p>Longa &#8211; Tom\u00e1s Lima | Carlos Monteiro<\/p>\n<p>Sprint &#8211; Tom\u00e1s Lima<\/p>\n<p><strong>Inform\u00e1tica<\/strong><\/p>\n<p>Rui Bot\u00e3o<\/p>\n<p><strong>Secretariado<\/strong><\/p>\n<p>Silvia Gon\u00e7alves | Isabel Monteiro<\/p>\n<p><strong>Catering<\/strong><\/p>\n<p>Isabel Monteiro | Anabela Vieito<\/p>\n<p>&nbsp;<\/p>\n","protected":false},"excerpt":{"rendered":"<p>Director do Evento Carlos Vale Supervisor FPO: Rui Morais Director T\u00e9cnico Carlos Monteiro Log\u00edstica, Arena, Chegadas Duarte Santo Chegadas Nuno Gr\u00e1cio Recursos Humanos, Transportes e Partidas Jos\u00e9 Bolr\u00e3o Partidas Ant\u00f3nio Cotovio Cartografo: Rui Antunes Tra\u00e7adores de Percursos: M\u00e9dia e Longa &#8211; Carlos Monteiro | Duarte Santo Longa &#8211; Tom\u00e1s Lima | Carlos Monteiro Sprint &#8211; &hellip; <a href=\"https:\/\/eventos.coc.pt\/piomcimo2023\/organizacao\/\" class=\"more-link\">Continuar a ler <span class=\"screen-reader-text\">Organiza\u00e7\u00e3o<\/span><\/a><\/p>\n","protected":false},"author":1,"featured_media":0,"parent":0,"menu_order":8,"comment_status":"closed","ping_status":"closed","template":"","meta":{"footnotes":""},"class_list":["post-21","page","type-page","status-publish","hentry"],"_links":{"self":[{"href":"https:\/\/eventos.coc.pt\/piomcimo2023\/wp-json\/wp\/v2\/pages\/21","targetHints":{"allow":["GET"]}}],"collection":[{"href":"https:\/\/eventos.coc.pt\/piomcimo2023\/wp-json\/wp\/v2\/pages"}],"about":[{"href":"https:\/\/eventos.coc.pt\/piomcimo2023\/wp-json\/wp\/v2\/types\/page"}],"author":[{"embeddable":true,"href":"https:\/\/eventos.coc.pt\/piomcimo2023\/wp-json\/wp\/v2\/users\/1"}],"replies":[{"embeddable":true,"href":"https:\/\/eventos.coc.pt\/piomcimo2023\/wp-json\/wp\/v2\/comments?post=21"}],"version-history":[{"count":16,"href":"https:\/\/eventos.coc.pt\/piomcimo2023\/wp-json\/wp\/v2\/pages\/21\/revisions"}],"predecessor-version":[{"id":485,"href":"https:\/\/eventos.coc.pt\/piomcimo2023\/wp-json\/wp\/v2\/pages\/21\/revisions\/485"}],"wp:attachment":[{"href":"https:\/\/eventos.coc.pt\/piomcimo2023\/wp-json\/wp\/v2\/media?parent=21"}],"curies":[{"name":"wp","href":"https:\/\/api.w.org\/{rel}","templated":true}]}}