{"id":240,"date":"2017-01-10T11:34:55","date_gmt":"2017-01-10T11:34:55","guid":{"rendered":"http:\/\/eventos.coc.pt\/piom2018\/?page_id=240"},"modified":"2023-05-27T21:46:06","modified_gmt":"2023-05-27T21:46:06","slug":"partidas","status":"publish","type":"page","link":"https:\/\/eventos.coc.pt\/piomcimo2023\/partidas\/","title":{"rendered":"Partidas"},"content":{"rendered":"<p><a href=\"https:\/\/eventos.coc.pt\/archive\/piom2023\/ParClub.html\" target=\"_blank\" rel=\"noopener\">Partidas por Clubes<\/a><\/p>\n<p><a href=\"https:\/\/eventos.coc.pt\/archive\/piom2023\/ParClubLonga.html\" target=\"_blank\" rel=\"noopener\">Partidas por Escal\u00f5es etapa Dist\u00e2ncia Longa (com modifica\u00e7\u00f5es dos pedidos para\u00a0 partir cedo)<\/a><\/p>\n","protected":false},"excerpt":{"rendered":"<p>Partidas por Clubes Partidas por Escal\u00f5es etapa Dist\u00e2ncia Longa (com modifica\u00e7\u00f5es dos pedidos para\u00a0 partir cedo)<\/p>\n","protected":false},"author":1,"featured_media":0,"parent":0,"menu_order":0,"comment_status":"closed","ping_status":"closed","template":"","meta":{"footnotes":""},"class_list":["post-240","page","type-page","status-publish","hentry"],"_links":{"self":[{"href":"https:\/\/eventos.coc.pt\/piomcimo2023\/wp-json\/wp\/v2\/pages\/240","targetHints":{"allow":["GET"]}}],"collection":[{"href":"https:\/\/eventos.coc.pt\/piomcimo2023\/wp-json\/wp\/v2\/pages"}],"about":[{"href":"https:\/\/eventos.coc.pt\/piomcimo2023\/wp-json\/wp\/v2\/types\/page"}],"author":[{"embeddable":true,"href":"https:\/\/eventos.coc.pt\/piomcimo2023\/wp-json\/wp\/v2\/users\/1"}],"replies":[{"embeddable":true,"href":"https:\/\/eventos.coc.pt\/piomcimo2023\/wp-json\/wp\/v2\/comments?post=240"}],"version-history":[{"count":21,"href":"https:\/\/eventos.coc.pt\/piomcimo2023\/wp-json\/wp\/v2\/pages\/240\/revisions"}],"predecessor-version":[{"id":635,"href":"https:\/\/eventos.coc.pt\/piomcimo2023\/wp-json\/wp\/v2\/pages\/240\/revisions\/635"}],"wp:attachment":[{"href":"https:\/\/eventos.coc.pt\/piomcimo2023\/wp-json\/wp\/v2\/media?parent=240"}],"curies":[{"name":"wp","href":"https:\/\/api.w.org\/{rel}","templated":true}]}}