{"id":4,"date":"2016-08-29T23:31:01","date_gmt":"2016-08-29T23:31:01","guid":{"rendered":"http:\/\/eventos.coc.pt\/piom2018\/?page_id=4"},"modified":"2023-03-08T19:41:57","modified_gmt":"2023-03-08T19:41:57","slug":"programa","status":"publish","type":"page","link":"https:\/\/eventos.coc.pt\/piomcimo2023\/programa\/","title":{"rendered":"Programa"},"content":{"rendered":"<p><\/p>\n<p><strong>22 de Maio (segunda-feira \u2013 23h59m) <\/strong><\/p>\n<p>Data-limite para inscri\u00e7\u00f5es em Escal\u00f5es de Competi\u00e7\u00e3o, Forma\u00e7\u00e3o e Abertos.<\/p>\n<p>Nota: As inscri\u00e7\u00f5es em Escal\u00f5es Abertos podem ser feitas at\u00e9 para al\u00e9m da data de 19 de Maio e at\u00e9 \u00e0 data da prova, mas ficando sempre dependentes da disponibilidade de mapas. Assim e para garantia de participa\u00e7\u00e3o devem ser efectuadas na data de 19 de Maio.<\/p>\n<p><strong>26 de Maio (sexta-feira \u2013 Dia 0)<\/strong><\/p>\n<p>10h00 \u2013 Abertura do Secretariado \u2013 Casa do Povo de Penamacor<\/p>\n<p>10h00 \u2013 Abertura do Model Event \u2013 Rach\u00e3 (m\u00e9dia &amp; longa) Escala 1:7500, 1:10.000 e 1:15.000) \/\/ Meimoa (sprint) escala 1:4.000<\/p>\n<p>19h00 \u2013 Fecho do Model Event<\/p>\n<p>18h00 \u2013 Abertura do Solo Duro \u2013 Pavilh\u00e3o gimnodesportivo de Penamacor || Pavilh\u00e3o da Escola Ribeiro Sanches || Sal\u00e3o da Junta de Freguesia de Pedr\u00f3g\u00e3o de S\u00e3o Pedro<\/p>\n<p>Banhos no solo duro a partir das 18h00 de sexta feira (Pavilh\u00e3o gimnodesportivo de Penamacor) e ap\u00f3s o Sprint na arena em Pedrog\u00e3o de S\u00e3o Pedro.<\/p>\n<p>19h00 \u2013 Encerramento do Secretariado<\/p>\n<p><strong>27 de Maio (s\u00e1bado \u2013 Dia 1)<\/strong><\/p>\n<p><strong>MANH\u00c3<\/strong><\/p>\n<p>08h30 \u2013 Abertura do Secretariado na Arena \u2013 Mapa de Carvalhal<\/p>\n<p>10h00 \u2013 In\u00edcio das Partidas \u2013 Dist\u00e2ncia M\u00e9dia \u2013 Carvalhal<\/p>\n<p>10h10 \/ 11h10 \u2013 Partidas dos Escal\u00f5es Abertos, D\/H10 e D\/H12<\/p>\n<p><strong>TARDE<\/strong><\/p>\n<p>16h00 \u2013 Abertura do Secretariado \u2013 Campo de Futebol de Pedr\u00f3g\u00e3o de S\u00e3o Pedro<\/p>\n<p>16h00 \u2013 Abertura da Quarentena do Sprint \u2013 Campo de Futebol de Pedr\u00f3g\u00e3o de S\u00e3o Pedro<\/p>\n<p>16h45 \u2013 Fecho da Quarentena do Sprint<\/p>\n<p>17h00 \u2013 In\u00edcio das Partidas \u2013 Sprint \u2013 Pedr\u00f3g\u00e3o de S\u00e3o Pedro<\/p>\n<p>17h05 \/ 18h00 \u2013 Partidas dos Escal\u00f5es Abertos, D\/H10 e D\/H12<\/p>\n<p><strong>28 de Maio (domingo \u2013 Dia 2)<\/strong><\/p>\n<p>08h00 \u2013 Abertura do Secretariado na Arena \u2013 Mapa de Carvalhal<\/p>\n<p>09h30 \u2013 In\u00edcio das Partidas \u2013 Dist\u00e2ncia Longa \u2013 Carvalhal<\/p>\n<p>09h40 \/ 10h40 \u2013 Partidas dos Escal\u00f5es Abertos, D\/H10 e D\/H12<\/p>\n<p>13h30 \u2013 Cerim\u00f3nia de Entrega de Pr\u00e9mios<\/p>\n<p>16h00 \u2013 Encerramento do Solo Duro<\/p>","protected":false},"excerpt":{"rendered":"<p>22 de Maio (segunda-feira \u2013 23h59m) Data-limite para inscri\u00e7\u00f5es em Escal\u00f5es de Competi\u00e7\u00e3o, Forma\u00e7\u00e3o e Abertos. Nota: As inscri\u00e7\u00f5es em Escal\u00f5es Abertos podem ser feitas at\u00e9 para al\u00e9m da data de 19 de Maio e at\u00e9 \u00e0 data da prova, mas ficando sempre dependentes da disponibilidade de mapas. Assim e para garantia de participa\u00e7\u00e3o devem &hellip; <a href=\"https:\/\/eventos.coc.pt\/piomcimo2023\/programa\/\" class=\"more-link\">Continuar a ler <span class=\"screen-reader-text\">Programa<\/span><\/a><\/p>\n","protected":false},"author":1,"featured_media":0,"parent":0,"menu_order":14,"comment_status":"closed","ping_status":"closed","template":"","meta":{"footnotes":""},"class_list":["post-4","page","type-page","status-publish","hentry"],"_links":{"self":[{"href":"https:\/\/eventos.coc.pt\/piomcimo2023\/wp-json\/wp\/v2\/pages\/4","targetHints":{"allow":["GET"]}}],"collection":[{"href":"https:\/\/eventos.coc.pt\/piomcimo2023\/wp-json\/wp\/v2\/pages"}],"about":[{"href":"https:\/\/eventos.coc.pt\/piomcimo2023\/wp-json\/wp\/v2\/types\/page"}],"author":[{"embeddable":true,"href":"https:\/\/eventos.coc.pt\/piomcimo2023\/wp-json\/wp\/v2\/users\/1"}],"replies":[{"embeddable":true,"href":"https:\/\/eventos.coc.pt\/piomcimo2023\/wp-json\/wp\/v2\/comments?post=4"}],"version-history":[{"count":14,"href":"https:\/\/eventos.coc.pt\/piomcimo2023\/wp-json\/wp\/v2\/pages\/4\/revisions"}],"predecessor-version":[{"id":532,"href":"https:\/\/eventos.coc.pt\/piomcimo2023\/wp-json\/wp\/v2\/pages\/4\/revisions\/532"}],"wp:attachment":[{"href":"https:\/\/eventos.coc.pt\/piomcimo2023\/wp-json\/wp\/v2\/media?parent=4"}],"curies":[{"name":"wp","href":"https:\/\/api.w.org\/{rel}","templated":true}]}}