{"id":406,"date":"2022-12-02T21:22:24","date_gmt":"2022-12-02T21:22:24","guid":{"rendered":"http:\/\/eventos.coc.pt\/piomcimo2023\/?page_id=406"},"modified":"2022-12-03T18:25:44","modified_gmt":"2022-12-03T18:25:44","slug":"apresentacao","status":"publish","type":"page","link":"https:\/\/eventos.coc.pt\/piomcimo2023\/apresentacao\/","title":{"rendered":"Apresenta\u00e7\u00e3o"},"content":{"rendered":"<p>O COC &#8211; Clube de Orienta\u00e7\u00e3o do Centro organiza nos dias 27 e 28 de Maio de 2023 o PIOM CIMO &#8211; Campeonato Ib\u00e9rico Masculino de Orienta\u00e7\u00e3o e conta com o apoio da C\u00e2mara Municipal de Penamacor, Entidades Locais e propriet\u00e1rio dos terrenos cartografados para as etapas de floresta, contando ainda com a colabora\u00e7\u00e3o da Federa\u00e7\u00e3o Portuguesa e Espanhola de Orienta\u00e7\u00e3o.<\/p>\n<p>Trata-se de uma prova pontu\u00e1vel para a Ta\u00e7a de Portugal de Orienta\u00e7\u00e3o Pedestre TP Vitalis e Liga Nacional de Espanha e na qual se disputar\u00e3o os t\u00edtulos de Campe\u00f5es Ib\u00e9ricos Masculinos.<\/p>\n<p>O COC volta ao mapa de Carvalhal, actualizado e ampliado na zona Este, onde realizou em 2019 o PIOM CIMO, para disputar as etapas de floresta e realizar\u00e1 na aldeia de Pedr\u00f3g\u00e3o de S\u00e3o Pedro, numa \u00e1rea nunca antes cartografada, a etapa de Sprint.<\/p>\n<p>Nesta prova podem participar pessoas de todas as idades e sexo, federados e n\u00e3o federados, embora os n\u00e3o federados n\u00e3o poder\u00e3o disputar os t\u00edtulos ib\u00e9ricos.<\/p>\n<p>Ser\u00e3o preparados percursos adaptados aos distintos n\u00edveis dos participantes, com v\u00e1rios graus de dificuldade, podendo a participa\u00e7\u00e3o dos n\u00e3o federados ser efectuada nos escal\u00f5es de competi\u00e7\u00e3o apenas individualmente, ou nos escal\u00f5es abertos, aqui individualmente, em pares ou em grupo que n\u00e3o aconselhamos em n\u00famero superior a 3.<\/p>\n<p>Todas as informa\u00e7\u00f5es sobre estas competi\u00e7\u00f5es (patroc\u00ednios, dist\u00e2ncias, listas de inscritos, tempos de partida, pr\u00e9mios\u2026) ser\u00e3o divulgadas regularmente no site da organiza\u00e7\u00e3o\u00a0<a href=\"http:\/\/www.coc.pt\/\">www.coc.pt<\/a>.<\/p>\n<p>Durante o evento ser\u00e1 poss\u00edvel usufruir da natureza e da regi\u00e3o conjugando lazer com a competi\u00e7\u00e3o.<\/p>\n","protected":false},"excerpt":{"rendered":"<p>O COC &#8211; Clube de Orienta\u00e7\u00e3o do Centro organiza nos dias 27 e 28 de Maio de 2023 o PIOM CIMO &#8211; Campeonato Ib\u00e9rico Masculino de Orienta\u00e7\u00e3o e conta com o apoio da C\u00e2mara Municipal de Penamacor, Entidades Locais e propriet\u00e1rio dos terrenos cartografados para as etapas de floresta, contando ainda com a colabora\u00e7\u00e3o da &hellip; <a href=\"https:\/\/eventos.coc.pt\/piomcimo2023\/apresentacao\/\" class=\"more-link\">Continuar a ler <span class=\"screen-reader-text\">Apresenta\u00e7\u00e3o<\/span><\/a><\/p>\n","protected":false},"author":1,"featured_media":0,"parent":0,"menu_order":0,"comment_status":"closed","ping_status":"closed","template":"","meta":{"footnotes":""},"class_list":["post-406","page","type-page","status-publish","hentry"],"_links":{"self":[{"href":"https:\/\/eventos.coc.pt\/piomcimo2023\/wp-json\/wp\/v2\/pages\/406","targetHints":{"allow":["GET"]}}],"collection":[{"href":"https:\/\/eventos.coc.pt\/piomcimo2023\/wp-json\/wp\/v2\/pages"}],"about":[{"href":"https:\/\/eventos.coc.pt\/piomcimo2023\/wp-json\/wp\/v2\/types\/page"}],"author":[{"embeddable":true,"href":"https:\/\/eventos.coc.pt\/piomcimo2023\/wp-json\/wp\/v2\/users\/1"}],"replies":[{"embeddable":true,"href":"https:\/\/eventos.coc.pt\/piomcimo2023\/wp-json\/wp\/v2\/comments?post=406"}],"version-history":[{"count":3,"href":"https:\/\/eventos.coc.pt\/piomcimo2023\/wp-json\/wp\/v2\/pages\/406\/revisions"}],"predecessor-version":[{"id":461,"href":"https:\/\/eventos.coc.pt\/piomcimo2023\/wp-json\/wp\/v2\/pages\/406\/revisions\/461"}],"wp:attachment":[{"href":"https:\/\/eventos.coc.pt\/piomcimo2023\/wp-json\/wp\/v2\/media?parent=406"}],"curies":[{"name":"wp","href":"https:\/\/api.w.org\/{rel}","templated":true}]}}