{"id":408,"date":"2022-12-02T21:23:26","date_gmt":"2022-12-02T21:23:26","guid":{"rendered":"http:\/\/eventos.coc.pt\/piomcimo2023\/?page_id=408"},"modified":"2023-01-05T21:10:23","modified_gmt":"2023-01-05T21:10:23","slug":"boas-vindas","status":"publish","type":"page","link":"https:\/\/eventos.coc.pt\/piomcimo2023\/boas-vindas\/","title":{"rendered":"Boas Vindas"},"content":{"rendered":"<p>Sejam bem-vindos ao PIOM \u2013 Penamacor Internacional Orieentering Meeting desta feita ser\u00e1 tamb\u00e9m CIMO 2023, Campeonato Ib\u00e9rico Masculino de Orienta\u00e7\u00e3o Pedestre de 2023.<\/p>\n<p>\u00c9 com grande empenho, orgulho e sentido de responsabilidade que o COC \u2013 Clube de Orienta\u00e7\u00e3o do Centro se candidatou para levar a cabo este grande desafio organizativo e trazer mais um evento internacional de Orienta\u00e7\u00e3o a Penamacor.<\/p>\n<p>Daqui sair\u00e3o os Campe\u00f5es Ib\u00e9ricos de 2023, que ser\u00e3o apurados pela soma de pontos conquistados em cada uma das 3 etapas que constituem o Campeonato Ib\u00e9rico, nomeadamente nas dist\u00e2ncias de Sprint, M\u00e9dia e Longa.<\/p>\n<p>Os t\u00edtulos ib\u00e9ricos masculinos ser\u00e3o atribu\u00eddos desde o escal\u00e3o Homens 14 ao Homens 75.<\/p>\n<p><strong>Presidente da C\u00e2mara Municipal de Penamacor<\/strong><\/p>\n<p><img loading=\"lazy\" decoding=\"async\" class=\"wp-image-436 size-medium alignleft\" src=\"http:\/\/eventos.coc.pt\/piomcimo2023\/wp-content\/uploads\/sites\/27\/2022\/12\/Presidente-Camara-PEnamacor-300x200.jpg\" alt=\"\" width=\"300\" height=\"200\" srcset=\"https:\/\/eventos.coc.pt\/piomcimo2023\/wp-content\/uploads\/sites\/27\/2022\/12\/Presidente-Camara-PEnamacor-300x200.jpg 300w, https:\/\/eventos.coc.pt\/piomcimo2023\/wp-content\/uploads\/sites\/27\/2022\/12\/Presidente-Camara-PEnamacor-1024x683.jpg 1024w, https:\/\/eventos.coc.pt\/piomcimo2023\/wp-content\/uploads\/sites\/27\/2022\/12\/Presidente-Camara-PEnamacor-768x512.jpg 768w, https:\/\/eventos.coc.pt\/piomcimo2023\/wp-content\/uploads\/sites\/27\/2022\/12\/Presidente-Camara-PEnamacor-272x182.jpg 272w, https:\/\/eventos.coc.pt\/piomcimo2023\/wp-content\/uploads\/sites\/27\/2022\/12\/Presidente-Camara-PEnamacor.jpg 1100w\" sizes=\"auto, (max-width: 300px) 100vw, 300px\" \/><\/p>\n<p>As grandes provas internacionais de orienta\u00e7\u00e3o est\u00e3o de regresso a Penamacor. O concelho volta a receber o Campeonato Ib\u00e9rico Masculino de Orienta\u00e7\u00e3o Pedestre \u201cTerras do Lince\u201d, nos dias 26, 27 e 28 de Maio de 2023, depois da mesma prova ter trazido oito centenas e meia de atletas ao Munic\u00edpio em 2019.<\/p>\n<p>Formalizamos a parceria entre a C\u00e2mara Municipal e o COC &#8211; Clube de Orienta\u00e7\u00e3o do Centro, em 2016, com a organiza\u00e7\u00e3o do PORTUGAL \u201cO\u201d MEETING 2016, dando sequ\u00eancia a essa mesma parceria com a organiza\u00e7\u00e3o do PIOM 2018 \u2013 Penamacor International Orienteering Meeting, prova que contou com cerca de sete centenas de atletas. Voltamos, com a segunda edi\u00e7\u00e3o do Campeonato Ib\u00e9rico Masculino de Orienta\u00e7\u00e3o Pedestre \u201cTerras do Lince\u201d, a refor\u00e7ar e a apostar em Penamacor como um destino europeu da modalidade, consolidando o territ\u00f3rio como um destino de refer\u00eancia para atletas nacionais e internacionais, que aqui encontram excelentes condi\u00e7\u00f5es para competir e treinar durante todo o ano.<\/p>\n<p>Estando Penamacor na zona fronteiri\u00e7a com Espanha, a organiza\u00e7\u00e3o deste Campeonato Ib\u00e9rico Masculino ganha, novamente, redobrada import\u00e2ncia, apresentando-se a prova como um not\u00e1vel cart\u00e3o de visita do concelho e apostando-se na divulga\u00e7\u00e3o de todo o patrim\u00f3nio hist\u00f3rico, cultural mas sobretudo natural da regi\u00e3o. \u00c9 importante ter em conta que as centenas de atletas que se deslocam neste per\u00edodo ao concelho, s\u00e3o acompanhadas por comitivas e familiares, que ajudam a divulgar Penamacor um pouco por todo o mundo, n\u00e3o fosse esta uma terra de encantos: a beleza natural da Serra da Malcata, o nosso patrim\u00f3nio, a nossa cultura, a nossa gastronomia e a nossa hospitalidade permitem que a visita ao concelho seja uma experi\u00eancia \u00fanica que, esperamos, seja um argumento para quem c\u00e1 quiser regressar mais tarde. Resta-me desejar uma boa estadia a todos os que nos visitarem, na certeza que tudo faremos para bem vos receber. Penamacor tem muito para ver e desfrutar. Esperamos por v\u00f3s para o Campeonato Ib\u00e9rico Masculino de Orienta\u00e7\u00e3o Pedestre \u201cTerras do Lince\u201d!<\/p>\n<p><strong>Presidente do COC<\/strong><\/p>\n<p><img loading=\"lazy\" decoding=\"async\" class=\"alignleft size-thumbnail wp-image-439\" src=\"http:\/\/eventos.coc.pt\/piomcimo2023\/wp-content\/uploads\/sites\/27\/2022\/12\/Fotografia-2-Presidente-COC-150x150.jpg\" alt=\"\" width=\"150\" height=\"150\" \/><\/p>\n<p>\u00c9 com muita satisfa\u00e7\u00e3o que o COC regressa a Penamacor para a realiza\u00e7\u00e3o de mais uma prova internacional de Orienta\u00e7\u00e3o Pedestre, desta feita o Campeonato Ib\u00e9rico Masculino ap\u00f3s a realiza\u00e7\u00e3o do PIOM-CIMO em Setembro de 2019 que contou com oito centenas e meia de participantes.<br \/>\nEste interregno sem eventos ficou a dever-se \u00e0 pandemia que nos obrigou a cancelar um WRE planeado para Fevereiro de 2021 a dois meses da sua realiza\u00e7\u00e3o. Tendo por base todo o trabalho desenvolvido procedemos a algumas altera\u00e7\u00f5es nomeadamente a cria\u00e7\u00e3o de uma prova de dist\u00e2ncia Longa.<br \/>\nNesta altura os percursos est\u00e3o a ser finalizados e estamos certos que vos iremos<br \/>\napresentar um conjunto de provas de elevada qualidade em terrenos de excel\u00eancia para a pr\u00e1tica da modalidade.<br \/>\nContamos com a participa\u00e7\u00e3o de toda a comunidade orientista, familiares, amigos e popula\u00e7\u00e3o em geral. Temos percursos adaptados para todos as idades bem como para quem quiser experimentar pela primeira vez o desafio da Orienta\u00e7\u00e3o. Ir\u00e3o certamente viver momentos inesquec\u00edveis a competir e a desfrutar da beleza natural desta fant\u00e1stica regi\u00e3o de Penamacor.<\/p>\n<p>Bem hajam<br \/>\nJos\u00e9 Bolr\u00e3o<\/p>\n<p><strong>Presidente da FPO<\/strong><\/p>\n<p><img loading=\"lazy\" decoding=\"async\" class=\"alignleft size-thumbnail wp-image-438\" src=\"http:\/\/eventos.coc.pt\/piomcimo2023\/wp-content\/uploads\/sites\/27\/2022\/12\/Fotografia-3-Presidente-FPO-150x150.jpg\" alt=\"\" width=\"150\" height=\"150\" \/><\/p>\n<p>As florestas s\u00e3o o principal pulm\u00e3o da Terra&#8230; portanto, inequivocamente para serem bem protegidas, melhor conservadas e regularmente usufru\u00eddas por todos n\u00f3s.<\/p>\n<p>A nossa espectacular modalidade, a Orienta\u00e7\u00e3o, permite-nos, incentiva-nos e leva-nos a promover e divulgar estes valores. Fant\u00e1stico!<\/p>\n<p>A realiza\u00e7\u00e3o de mais um Campeonato Ib\u00e9rico \u00e9 uma excelente oportunidade para os atletas, as fam\u00edlias, os amigos e, quem sabe at\u00e9, os patr\u00f5es\/empregados\/s\u00f3cios virem usufruir das nossas florestas, praticar um pouco de actividade f\u00edsica, privar com outras pessoas e respirar bom oxig\u00e9nio.<\/p>\n<p>Pratiquem desporto. Haja sa\u00fade.<\/p>\n<p>Orienta\u00e7\u00e3o &#8211; o desporto na floresta.<\/p>\n<p>&nbsp;<\/p>\n<p>&nbsp;<\/p>\n","protected":false},"excerpt":{"rendered":"<p>Sejam bem-vindos ao PIOM \u2013 Penamacor Internacional Orieentering Meeting desta feita ser\u00e1 tamb\u00e9m CIMO 2023, Campeonato Ib\u00e9rico Masculino de Orienta\u00e7\u00e3o Pedestre de 2023. \u00c9 com grande empenho, orgulho e sentido de responsabilidade que o COC \u2013 Clube de Orienta\u00e7\u00e3o do Centro se candidatou para levar a cabo este grande desafio organizativo e trazer mais um &hellip; <a href=\"https:\/\/eventos.coc.pt\/piomcimo2023\/boas-vindas\/\" class=\"more-link\">Continuar a ler <span class=\"screen-reader-text\">Boas Vindas<\/span><\/a><\/p>\n","protected":false},"author":1,"featured_media":0,"parent":0,"menu_order":0,"comment_status":"closed","ping_status":"closed","template":"","meta":{"footnotes":""},"class_list":["post-408","page","type-page","status-publish","hentry"],"_links":{"self":[{"href":"https:\/\/eventos.coc.pt\/piomcimo2023\/wp-json\/wp\/v2\/pages\/408","targetHints":{"allow":["GET"]}}],"collection":[{"href":"https:\/\/eventos.coc.pt\/piomcimo2023\/wp-json\/wp\/v2\/pages"}],"about":[{"href":"https:\/\/eventos.coc.pt\/piomcimo2023\/wp-json\/wp\/v2\/types\/page"}],"author":[{"embeddable":true,"href":"https:\/\/eventos.coc.pt\/piomcimo2023\/wp-json\/wp\/v2\/users\/1"}],"replies":[{"embeddable":true,"href":"https:\/\/eventos.coc.pt\/piomcimo2023\/wp-json\/wp\/v2\/comments?post=408"}],"version-history":[{"count":9,"href":"https:\/\/eventos.coc.pt\/piomcimo2023\/wp-json\/wp\/v2\/pages\/408\/revisions"}],"predecessor-version":[{"id":501,"href":"https:\/\/eventos.coc.pt\/piomcimo2023\/wp-json\/wp\/v2\/pages\/408\/revisions\/501"}],"wp:attachment":[{"href":"https:\/\/eventos.coc.pt\/piomcimo2023\/wp-json\/wp\/v2\/media?parent=408"}],"curies":[{"name":"wp","href":"https:\/\/api.w.org\/{rel}","templated":true}]}}